{"id":2334,"date":"2019-11-22T17:02:03","date_gmt":"2019-11-22T16:02:03","guid":{"rendered":"https:\/\/dataworld.com\/sap-lizenzierung\/"},"modified":"2025-08-19T10:49:10","modified_gmt":"2025-08-19T08:49:10","slug":"sap-lizenzierung","status":"publish","type":"page","link":"https:\/\/dataworld.com\/de\/dienstleistungen\/sap-lizenzierung\/","title":{"rendered":"SAP Lizenzierung"},"content":{"rendered":"<p><section class=\"kc-elm kc-css-710667 kc_row\"><div class=\"kc-row-container  kc-container\"><div class=\"kc-wrap-columns\"><div class=\"kc-elm kc-css-893737 kc_col-sm-12 kc_column kc_col-sm-12\"><div class=\"kc-col-container\"><div class=\"kc-elm kc-css-913497 kc-raw-code\">\n\t\t\t<!-- START SAP Lizenzierung REVOLUTION SLIDER 6.7.41 --><p class=\"rs-p-wp-fix\"><\/p>\n\t\t\t<rs-module-wrap id=\"rev_slider_44_1_wrapper\" data-source=\"gallery\" style=\"visibility:hidden;background:#b3b3aa;padding:0;margin:0px auto;margin-top:0;margin-bottom:0;\">\n\t\t\t\t<rs-module id=\"rev_slider_44_1\" style=\"\" data-version=\"6.7.41\">\n\t\t\t\t\t<rs-slides style=\"overflow: hidden; position: absolute;\">\n\t\t\t\t\t\t<rs-slide style=\"position: absolute;\" data-key=\"rs-76\" data-title=\"Slide\" data-anim=\"ms:1000;r:0;\" data-in=\"o:0;\" data-out=\"a:false;\">\n\t\t\t\t\t\t\t<img decoding=\"async\" src=\"\/\/dataworld.com\/wp-content\/plugins\/revslider\/sr6\/assets\/assets\/dummy.png\" alt=\"Slide\" title=\"SAP Lizenzierung\" class=\"rev-slidebg tp-rs-img rs-lazyload\" data-lazyload=\"\/\/dataworld.com\/wp-content\/plugins\/revslider\/sr6\/assets\/assets\/transparent.png\" data-bg=\"c:#b3b3aa;\" data-no-retina>\n<!--\n\t\t\t\t\t\t\t--><rs-layer\n\t\t\t\t\t\t\t\tid=\"slider-44-slide-76-layer-0\" \n\t\t\t\t\t\t\t\tdata-type=\"text\"\n\t\t\t\t\t\t\t\tdata-rsp_ch=\"on\"\n\t\t\t\t\t\t\t\tdata-xy=\"x:c;yo:100px,82px,62px,38px;\"\n\t\t\t\t\t\t\t\tdata-text=\"w:normal;l:22,18,13,8;\"\n\t\t\t\t\t\t\t\tdata-frame_999=\"o:0;st:w;\"\n\t\t\t\t\t\t\t\tstyle=\"z-index:5;font-family:'Raleway';\"\n\t\t\t\t\t\t\t>SAP LIZENZIERUNG \n\t\t\t\t\t\t\t<\/rs-layer><!--\n\n\t\t\t\t\t\t\t--><rs-layer\n\t\t\t\t\t\t\t\tid=\"slider-44-slide-76-layer-1\" \n\t\t\t\t\t\t\t\tdata-type=\"text\"\n\t\t\t\t\t\t\t\tdata-rsp_ch=\"on\"\n\t\t\t\t\t\t\t\tdata-xy=\"x:c;yo:155px,128px,97px,59px;\"\n\t\t\t\t\t\t\t\tdata-text=\"w:normal;s:40,33,25,15;l:40,33,25,15;fw:700;\"\n\t\t\t\t\t\t\t\tdata-frame_999=\"o:0;st:w;\"\n\t\t\t\t\t\t\t\tstyle=\"z-index:6;font-family:'Roboto';\"\n\t\t\t\t\t\t\t>Wir beraten Sie gerne zum Thema SAP Lizenzen \n\t\t\t\t\t\t\t<\/rs-layer><!--\n-->\t\t\t\t\t<\/rs-slide>\n\t\t\t\t\t<\/rs-slides>\n\t\t\t\t<\/rs-module>\n\t\t\t\t<script>\n\t\t\t\t\tsetREVStartSize({c: 'rev_slider_44_1',rl:[1240,1024,778,480],el:[300,768,960,720],gw:[1240,1024,778,480],gh:[300,330,251,155],type:'standard',justify:'',layout:'fullwidth',mh:\"0\"});if (window.RS_MODULES!==undefined && window.RS_MODULES.modules!==undefined && window.RS_MODULES.modules[\"revslider441\"]!==undefined) {window.RS_MODULES.modules[\"revslider441\"].once = false;window.revapi44 = undefined;if (window.RS_MODULES.checkMinimal!==undefined) window.RS_MODULES.checkMinimal()}\n\t\t\t\t<\/script>\n\t\t\t<\/rs-module-wrap>\n\t\t\t<!-- END REVOLUTION SLIDER -->\n<\/div><div class=\"kc-elm kc-css-253499\" style=\"height: 80px; clear: both; width:100%;\"><\/div><\/div><\/div><\/div><\/div><\/section><section class=\"kc-elm kc-css-145109 kc_row\"><div class=\"kc-row-container  kc-container\"><div class=\"kc-wrap-columns\"><div class=\"kc-elm kc-css-757420 kc_col-sm-12 kc_column kc_col-sm-12\"><div class=\"kc-col-container\">\n<div class=\"kc-elm kc-css-502245 kc-title-wrap \">\n\n\t<h1 class=\"kc_title\">Wartungsvereinheitlichung<\/h1>\n<\/div>\n<div class=\"kc-elm kc-css-437933\" style=\"height: 20px; clear: both; width:100%;\"><\/div><div class=\"kc-elm kc-css-334502 kc_text_block\"><\/p>\n<p>\nDie Pflege Ihrer SAP Umgebung ist uns wichtig. Qualifizierte Wartung ist die Grundlage f\u00fcr den sicheren Betrieb Ihrer SAP Umgebung. Dataworld consulting ag erhielt nach erfolgreichem SAP Audit 2017 erstmals die Zertifizierung zum \u201ePartner Center of Expertise\u201c. Die Zertifizierung wird alle zwei Jahre nach eingehender Pr\u00fcfung erneuert und stellt f\u00fcr die Kunden sicher, dass wir uns sowohl als weltweit standardisierte Service- und Supportorganisation etabliert haben, wie auch an die vorgegebenen Service- und Supportleistungen halten.<\/p>\n<p>Wir \u00fcbernehmen auch \u00fcber die Zeit gewachsene SAP Umgebungen. Unser Prozess bei nachtr\u00e4glicher Wartungs\u00fcbernahmen stellt den reibungslosen Wechsel sicher. So k\u00f6nnen insbesondere KMUs f\u00fcr alle Ihre SAP Anliegen von einem Single Point of Contact profitieren.<\/p>\n<p>\n<\/div><div class=\"kc-elm kc-css-448612\" style=\"height: 40px; clear: both; width:100%;\"><\/div>\n<div class=\"kc-elm kc-css-315982 kc-title-wrap \">\n\n\t<h1 class=\"kc_title\">Konsolidierung & Optimierung<\/h1>\n<\/div>\n<div class=\"kc-elm kc-css-351874\" style=\"height: 20px; clear: both; width:100%;\"><\/div><div class=\"kc-elm kc-css-101765 kc_text_block\"><\/p>\n<p>\nUnsere Erfahrung aus vergangene Lizenzberatungen hat gezeigt, dass eine Konsoldierung der Lizenzen teilweise grosse Einsparungen m\u00f6glich macht. Lizenzen werden \u00fcber Jahre zugekauft und unterliegen teilweise unterschiedlichen Vertr\u00e4gen und Bedingungen. Softwareanbieter sind unter sich teilweise Partnerschaften eingegangen, wurden aufgekauft oder haben Ihr Lizenzmodell gewechselt. Nicht alle Kunden haben Ihre Lizenzk\u00e4ufe \u00fcber Jahre sauber dokumentiert.<\/p>\n<p>Hier liegt ein schlafendes Optimierungspotenzial, welches durch die Analyse der bestehenden Vertr\u00e4ge ausgenutzt werden kann. Wir begleiten Sie sowohl bez\u00fcglich Konsolidierung &#038; Optimierung, wie auch im Falle einer Vorbereitung f\u00fcr Neuverhandlungen.<\/p>\n<p>\n<\/div><div class=\"kc-elm kc-css-94398\" style=\"height: 40px; clear: both; width:100%;\"><\/div>\n<div class=\"kc-elm kc-css-979844 kc-title-wrap \">\n\n\t<h1 class=\"kc_title\">Lizenzberatung und -verkauf<\/h1>\n<\/div>\n<div class=\"kc-elm kc-css-49947\" style=\"height: 20px; clear: both; width:100%;\"><\/div><div class=\"kc-elm kc-css-564417 kc_text_block\"><\/p>\n<p>\nAls SAP Gold und SAP Partner Center of Expertise (PcoE) ist dataworld consulting ag autorisiert, SAP Lizenzen zu vertreiben und Support Leistungen anzubieten.<\/p>\n<p>Als Partner m\u00f6chten wir unseren Kunden durch eine ganzheitliche Beratung von ben\u00f6tigten Lizenzen, \u00fcber die Projektimplementierung bis hin zum Support zur Verf\u00fcgung stehen.<\/p>\n<p>\n<\/div><div class=\"kc-elm kc-css-439142\" style=\"height: 40px; clear: both; width:100%;\"><\/div><\/div><\/div><\/div><\/div><\/section><\/p>\n","protected":false},"excerpt":{"rendered":"","protected":false},"author":2,"featured_media":0,"parent":3762,"menu_order":0,"comment_status":"closed","ping_status":"closed","template":"","meta":{"footnotes":""},"class_list":["post-2334","page","type-page","status-publish","hentry"],"yoast_head":"<!-- This site is optimized with the Yoast SEO plugin v27.4 - https:\/\/yoast.com\/product\/yoast-seo-wordpress\/ -->\n<title>SAP Lizenzierung - dataworld<\/title>\n<meta name=\"description\" content=\"Die Pflege Ihrer SAP Umgebung ist uns wichtig. Qualifizierte Wartung ist die Grundlage f\u00fcr den sicheren Betrieb Ihrer SAP Umgebung.\" \/>\n<meta name=\"robots\" content=\"index, follow, max-snippet:-1, max-image-preview:large, max-video-preview:-1\" \/>\n<link rel=\"canonical\" href=\"https:\/\/dataworld.com\/de\/dienstleistungen\/sap-lizenzierung\/\" \/>\n<meta property=\"og:locale\" content=\"de_DE\" \/>\n<meta property=\"og:type\" content=\"article\" \/>\n<meta property=\"og:title\" content=\"SAP Lizenzierung - dataworld\" \/>\n<meta property=\"og:description\" content=\"Die Pflege Ihrer SAP Umgebung ist uns wichtig. Qualifizierte Wartung ist die Grundlage f\u00fcr den sicheren Betrieb Ihrer SAP Umgebung.\" \/>\n<meta property=\"og:url\" content=\"https:\/\/dataworld.com\/de\/dienstleistungen\/sap-lizenzierung\/\" \/>\n<meta property=\"og:site_name\" content=\"dataworld\" \/>\n<meta property=\"article:publisher\" content=\"https:\/\/www.facebook.com\/dataworldconsulting\/\" \/>\n<meta property=\"article:modified_time\" content=\"2025-08-19T08:49:10+00:00\" \/>\n<meta name=\"twitter:card\" content=\"summary_large_image\" \/>\n<meta name=\"twitter:site\" content=\"@dW_dataworld\" \/>\n<meta name=\"twitter:label1\" content=\"Gesch\u00e4tzte Lesezeit\" \/>\n\t<meta name=\"twitter:data1\" content=\"1\u00a0Minute\" \/>\n<script type=\"application\/ld+json\" class=\"yoast-schema-graph\">{\"@context\":\"https:\\\/\\\/schema.org\",\"@graph\":[{\"@type\":\"WebPage\",\"@id\":\"https:\\\/\\\/dataworld.com\\\/de\\\/dienstleistungen\\\/sap-lizenzierung\\\/\",\"url\":\"https:\\\/\\\/dataworld.com\\\/de\\\/dienstleistungen\\\/sap-lizenzierung\\\/\",\"name\":\"SAP Lizenzierung - dataworld\",\"isPartOf\":{\"@id\":\"https:\\\/\\\/dataworld.com\\\/de\\\/#website\"},\"datePublished\":\"2019-11-22T16:02:03+00:00\",\"dateModified\":\"2025-08-19T08:49:10+00:00\",\"description\":\"Die Pflege Ihrer SAP Umgebung ist uns wichtig. Qualifizierte Wartung ist die Grundlage f\u00fcr den sicheren Betrieb Ihrer SAP Umgebung.\",\"breadcrumb\":{\"@id\":\"https:\\\/\\\/dataworld.com\\\/de\\\/dienstleistungen\\\/sap-lizenzierung\\\/#breadcrumb\"},\"inLanguage\":\"de\",\"potentialAction\":[{\"@type\":\"ReadAction\",\"target\":[\"https:\\\/\\\/dataworld.com\\\/de\\\/dienstleistungen\\\/sap-lizenzierung\\\/\"]}]},{\"@type\":\"BreadcrumbList\",\"@id\":\"https:\\\/\\\/dataworld.com\\\/de\\\/dienstleistungen\\\/sap-lizenzierung\\\/#breadcrumb\",\"itemListElement\":[{\"@type\":\"ListItem\",\"position\":1,\"name\":\"Home\",\"item\":\"https:\\\/\\\/dataworld.com\\\/de\\\/\"},{\"@type\":\"ListItem\",\"position\":2,\"name\":\"Dienstleistungen\",\"item\":\"https:\\\/\\\/dataworld.com\\\/de\\\/dienstleistungen\\\/\"},{\"@type\":\"ListItem\",\"position\":3,\"name\":\"SAP Lizenzierung\"}]},{\"@type\":\"WebSite\",\"@id\":\"https:\\\/\\\/dataworld.com\\\/de\\\/#website\",\"url\":\"https:\\\/\\\/dataworld.com\\\/de\\\/\",\"name\":\"dataworld\",\"description\":\"wir gestalten Ihre S4 Journey\",\"publisher\":{\"@id\":\"https:\\\/\\\/dataworld.com\\\/de\\\/#organization\"},\"potentialAction\":[{\"@type\":\"SearchAction\",\"target\":{\"@type\":\"EntryPoint\",\"urlTemplate\":\"https:\\\/\\\/dataworld.com\\\/de\\\/?s={search_term_string}\"},\"query-input\":{\"@type\":\"PropertyValueSpecification\",\"valueRequired\":true,\"valueName\":\"search_term_string\"}}],\"inLanguage\":\"de\"},{\"@type\":\"Organization\",\"@id\":\"https:\\\/\\\/dataworld.com\\\/de\\\/#organization\",\"name\":\"Data Work Consulting AG\",\"url\":\"https:\\\/\\\/dataworld.com\\\/de\\\/\",\"logo\":{\"@type\":\"ImageObject\",\"inLanguage\":\"de\",\"@id\":\"https:\\\/\\\/dataworld.com\\\/de\\\/#\\\/schema\\\/logo\\\/image\\\/\",\"url\":\"https:\\\/\\\/dataworld.com\\\/wp-content\\\/uploads\\\/2019\\\/11\\\/Quadrat.jpg\",\"contentUrl\":\"https:\\\/\\\/dataworld.com\\\/wp-content\\\/uploads\\\/2019\\\/11\\\/Quadrat.jpg\",\"width\":378,\"height\":378,\"caption\":\"Data Work Consulting AG\"},\"image\":{\"@id\":\"https:\\\/\\\/dataworld.com\\\/de\\\/#\\\/schema\\\/logo\\\/image\\\/\"},\"sameAs\":[\"https:\\\/\\\/www.facebook.com\\\/dataworldconsulting\\\/\",\"https:\\\/\\\/x.com\\\/dW_dataworld\"]}]}<\/script>\n<!-- \/ Yoast SEO plugin. -->","yoast_head_json":{"title":"SAP Lizenzierung - dataworld","description":"Die Pflege Ihrer SAP Umgebung ist uns wichtig. Qualifizierte Wartung ist die Grundlage f\u00fcr den sicheren Betrieb Ihrer SAP Umgebung.","robots":{"index":"index","follow":"follow","max-snippet":"max-snippet:-1","max-image-preview":"max-image-preview:large","max-video-preview":"max-video-preview:-1"},"canonical":"https:\/\/dataworld.com\/de\/dienstleistungen\/sap-lizenzierung\/","og_locale":"de_DE","og_type":"article","og_title":"SAP Lizenzierung - dataworld","og_description":"Die Pflege Ihrer SAP Umgebung ist uns wichtig. Qualifizierte Wartung ist die Grundlage f\u00fcr den sicheren Betrieb Ihrer SAP Umgebung.","og_url":"https:\/\/dataworld.com\/de\/dienstleistungen\/sap-lizenzierung\/","og_site_name":"dataworld","article_publisher":"https:\/\/www.facebook.com\/dataworldconsulting\/","article_modified_time":"2025-08-19T08:49:10+00:00","twitter_card":"summary_large_image","twitter_site":"@dW_dataworld","twitter_misc":{"Gesch\u00e4tzte Lesezeit":"1\u00a0Minute"},"schema":{"@context":"https:\/\/schema.org","@graph":[{"@type":"WebPage","@id":"https:\/\/dataworld.com\/de\/dienstleistungen\/sap-lizenzierung\/","url":"https:\/\/dataworld.com\/de\/dienstleistungen\/sap-lizenzierung\/","name":"SAP Lizenzierung - dataworld","isPartOf":{"@id":"https:\/\/dataworld.com\/de\/#website"},"datePublished":"2019-11-22T16:02:03+00:00","dateModified":"2025-08-19T08:49:10+00:00","description":"Die Pflege Ihrer SAP Umgebung ist uns wichtig. Qualifizierte Wartung ist die Grundlage f\u00fcr den sicheren Betrieb Ihrer SAP Umgebung.","breadcrumb":{"@id":"https:\/\/dataworld.com\/de\/dienstleistungen\/sap-lizenzierung\/#breadcrumb"},"inLanguage":"de","potentialAction":[{"@type":"ReadAction","target":["https:\/\/dataworld.com\/de\/dienstleistungen\/sap-lizenzierung\/"]}]},{"@type":"BreadcrumbList","@id":"https:\/\/dataworld.com\/de\/dienstleistungen\/sap-lizenzierung\/#breadcrumb","itemListElement":[{"@type":"ListItem","position":1,"name":"Home","item":"https:\/\/dataworld.com\/de\/"},{"@type":"ListItem","position":2,"name":"Dienstleistungen","item":"https:\/\/dataworld.com\/de\/dienstleistungen\/"},{"@type":"ListItem","position":3,"name":"SAP Lizenzierung"}]},{"@type":"WebSite","@id":"https:\/\/dataworld.com\/de\/#website","url":"https:\/\/dataworld.com\/de\/","name":"dataworld","description":"wir gestalten Ihre S4 Journey","publisher":{"@id":"https:\/\/dataworld.com\/de\/#organization"},"potentialAction":[{"@type":"SearchAction","target":{"@type":"EntryPoint","urlTemplate":"https:\/\/dataworld.com\/de\/?s={search_term_string}"},"query-input":{"@type":"PropertyValueSpecification","valueRequired":true,"valueName":"search_term_string"}}],"inLanguage":"de"},{"@type":"Organization","@id":"https:\/\/dataworld.com\/de\/#organization","name":"Data Work Consulting AG","url":"https:\/\/dataworld.com\/de\/","logo":{"@type":"ImageObject","inLanguage":"de","@id":"https:\/\/dataworld.com\/de\/#\/schema\/logo\/image\/","url":"https:\/\/dataworld.com\/wp-content\/uploads\/2019\/11\/Quadrat.jpg","contentUrl":"https:\/\/dataworld.com\/wp-content\/uploads\/2019\/11\/Quadrat.jpg","width":378,"height":378,"caption":"Data Work Consulting AG"},"image":{"@id":"https:\/\/dataworld.com\/de\/#\/schema\/logo\/image\/"},"sameAs":["https:\/\/www.facebook.com\/dataworldconsulting\/","https:\/\/x.com\/dW_dataworld"]}]}},"_links":{"self":[{"href":"https:\/\/dataworld.com\/de\/wp-json\/wp\/v2\/pages\/2334","targetHints":{"allow":["GET"]}}],"collection":[{"href":"https:\/\/dataworld.com\/de\/wp-json\/wp\/v2\/pages"}],"about":[{"href":"https:\/\/dataworld.com\/de\/wp-json\/wp\/v2\/types\/page"}],"author":[{"embeddable":true,"href":"https:\/\/dataworld.com\/de\/wp-json\/wp\/v2\/users\/2"}],"replies":[{"embeddable":true,"href":"https:\/\/dataworld.com\/de\/wp-json\/wp\/v2\/comments?post=2334"}],"version-history":[{"count":7,"href":"https:\/\/dataworld.com\/de\/wp-json\/wp\/v2\/pages\/2334\/revisions"}],"predecessor-version":[{"id":22598,"href":"https:\/\/dataworld.com\/de\/wp-json\/wp\/v2\/pages\/2334\/revisions\/22598"}],"up":[{"embeddable":true,"href":"https:\/\/dataworld.com\/de\/wp-json\/wp\/v2\/pages\/3762"}],"wp:attachment":[{"href":"https:\/\/dataworld.com\/de\/wp-json\/wp\/v2\/media?parent=2334"}],"curies":[{"name":"wp","href":"https:\/\/api.w.org\/{rel}","templated":true}]}}