{"id":2339,"date":"2019-11-05T21:16:31","date_gmt":"2019-11-05T20:16:31","guid":{"rendered":"https:\/\/dataworld.com\/dienstleistungen\/digitalisierung-itstrategie\/"},"modified":"2023-05-30T11:00:15","modified_gmt":"2023-05-30T09:00:15","slug":"digitalisierung-itstrategie","status":"publish","type":"page","link":"https:\/\/dataworld.com\/de\/dienstleistungen\/digitalisierung-itstrategie\/","title":{"rendered":"Digitalisierung &#038; IT-Strategie"},"content":{"rendered":"<p><section class=\"kc-elm kc-css-102933 kc_row\"><div class=\"kc-row-container  kc-container\"><div class=\"kc-wrap-columns\"><div class=\"kc-elm kc-css-431776 kc_col-sm-12 kc_column kc_col-sm-12\"><div class=\"kc-col-container\"><div class=\"kc-elm kc-css-982491 kc-raw-code\">\n\t\t\t<!-- START IT Strategie REVOLUTION SLIDER 6.7.41 --><p class=\"rs-p-wp-fix\"><\/p>\n\t\t\t<rs-module-wrap id=\"rev_slider_34_1_wrapper\" data-source=\"gallery\" style=\"visibility:hidden;background:#b3b3aa;padding:0;margin:0px auto;margin-top:0;margin-bottom:0;\">\n\t\t\t\t<rs-module id=\"rev_slider_34_1\" style=\"\" data-version=\"6.7.41\">\n\t\t\t\t\t<rs-slides style=\"overflow: hidden; position: absolute;\">\n\t\t\t\t\t\t<rs-slide style=\"position: absolute;\" data-key=\"rs-46\" data-title=\"Slide\" data-anim=\"ms:1000;r:0;\" data-in=\"o:0;\" data-out=\"a:false;\">\n\t\t\t\t\t\t\t<img decoding=\"async\" src=\"\/\/dataworld.com\/wp-content\/plugins\/revslider\/sr6\/assets\/assets\/dummy.png\" alt=\"Slide\" title=\"Digitalisierung &#038; IT-Strategie\" class=\"rev-slidebg tp-rs-img rs-lazyload\" data-lazyload=\"\/\/dataworld.com\/wp-content\/plugins\/revslider\/sr6\/assets\/assets\/transparent.png\" data-bg=\"c:#b3b3aa;\" data-no-retina>\n<!--\n\t\t\t\t\t\t\t--><rs-layer\n\t\t\t\t\t\t\t\tid=\"slider-34-slide-46-layer-0\" \n\t\t\t\t\t\t\t\tdata-type=\"text\"\n\t\t\t\t\t\t\t\tdata-rsp_ch=\"on\"\n\t\t\t\t\t\t\t\tdata-xy=\"x:c;yo:100px,82px,62px,38px;\"\n\t\t\t\t\t\t\t\tdata-text=\"w:normal;l:22,18,13,8;\"\n\t\t\t\t\t\t\t\tdata-frame_999=\"o:0;st:w;\"\n\t\t\t\t\t\t\t\tstyle=\"z-index:5;font-family:'Raleway';\"\n\t\t\t\t\t\t\t>DIGITALISIERUNG & IT-STRATEGIE \n\t\t\t\t\t\t\t<\/rs-layer><!--\n\n\t\t\t\t\t\t\t--><rs-layer\n\t\t\t\t\t\t\t\tid=\"slider-34-slide-46-layer-1\" \n\t\t\t\t\t\t\t\tdata-type=\"text\"\n\t\t\t\t\t\t\t\tdata-rsp_ch=\"on\"\n\t\t\t\t\t\t\t\tdata-xy=\"x:c;yo:155px,128px,97px,59px;\"\n\t\t\t\t\t\t\t\tdata-text=\"w:normal;s:40,33,25,15;l:40,33,25,15;fw:700;\"\n\t\t\t\t\t\t\t\tdata-frame_999=\"o:0;st:w;\"\n\t\t\t\t\t\t\t\tstyle=\"z-index:6;font-family:'Roboto';\"\n\t\t\t\t\t\t\t>Wir beraten Sie gerne im Bereich Digitalisierung & IT-Strategie \n\t\t\t\t\t\t\t<\/rs-layer><!--\n-->\t\t\t\t\t<\/rs-slide>\n\t\t\t\t\t<\/rs-slides>\n\t\t\t\t<\/rs-module>\n\t\t\t\t<script>\n\t\t\t\t\tsetREVStartSize({c: 'rev_slider_34_1',rl:[1240,1024,778,480],el:[300,768,960,720],gw:[1240,1024,778,480],gh:[300,330,251,155],type:'standard',justify:'',layout:'fullwidth',mh:\"0\"});if (window.RS_MODULES!==undefined && window.RS_MODULES.modules!==undefined && window.RS_MODULES.modules[\"revslider341\"]!==undefined) {window.RS_MODULES.modules[\"revslider341\"].once = false;window.revapi34 = undefined;if (window.RS_MODULES.checkMinimal!==undefined) window.RS_MODULES.checkMinimal()}\n\t\t\t\t<\/script>\n\t\t\t<\/rs-module-wrap>\n\t\t\t<!-- END REVOLUTION SLIDER -->\n<\/div><div class=\"kc-elm kc-css-630326\" style=\"height: 80px; clear: both; width:100%;\"><\/div><\/div><\/div><\/div><\/div><\/section><section class=\"kc-elm kc-css-538857 kc_row\"><div class=\"kc-row-container  kc-container\"><div class=\"kc-wrap-columns\"><div class=\"kc-elm kc-css-833536 kc_col-sm-8 kc_column kc_col-sm-8\"><div class=\"kc-col-container\"><div class=\"kc-elm kc-css-477913 kc_text_block\"><\/p>\n<p>\nHeute ver\u00e4ndern sich Prozesse, M\u00e4rkte und Business Modelle sehr rasch, dies bedeutet, dass man ohne nachhaltige Strategie nicht mehr auskommt.<\/p>\n<p>Die digitale Transformation ist in aller Munde und stellt Unternehmen vor grunds\u00e4tzliche Herausforderungen. Nachgefragt verstehen jedoch unter dem Begriff Digitalisierung alle etwas Anderes.<\/p>\n<p><strong>H\u00e4ufig gestellte Fragen in diesem Zusammenhang:<\/strong><\/p>\n<ul>\n<li>Sind unsere Prozess digital \u00fcberhaupt m\u00f6glich?<\/li>\n<li>M\u00fcssen wir vielleicht sogar unser Gesch\u00e4ftsmodell \u00e4ndern?<\/li>\n<li>Welcher Automatisierungsgrad ist m\u00f6glich, welche Automatisierung beziehungsweise Digitalisierung wollen wir wirklich?<\/li>\n<li>In welchen Prozessen m\u00fcssen wir uns jetzt oder zuk\u00fcnftig von unseren Mitbewerbern abheben?<\/li>\n<\/ul>\n<p>All diese und weitere Frage werden wir uns zuk\u00fcnftig in immer k\u00fcrzeren Abst\u00e4nden stellen m\u00fcssen. Agile Methoden helfen hier, aber gewisse Grunds\u00e4tze bleiben.<\/p>\n<p>Man wird weiterhin entlang eines Prozesses arbeiten. Analysiert man die Prozesse heute, sind die Informationen in unterschiedlichen Formaten vorhanden oder m\u00fcssen w\u00e4hrend dem Prozess in unterschiedlichen Formaten erstellt werden. Zum einen sind dies strukturierte Daten, wie zum Beispiel Applikationsdaten zum andern aber auch Informationen auf Papier oder Dokumente in elektronischer Form. Um einen Prozess digital automatisieren zu k\u00f6nnen, bedingt es aus unserer Sicht einer fr\u00fchen Digitalisierung der Input Daten. Die Erfahrung hat gezeigt, dass je fr\u00fcher auf digitale Daten zugegriffen werden kann, umso gr\u00f6sser die Prozessspanne wird und der Optimierungseffekt bedeutend gesteigert werden kann. Eine effiziente Abwicklung sogenannter End to End Prozesse werden durch vermehrte digitalisierte Daten verbessert.<\/p>\n<p>Entgegen der allgemein verbreiteten Meinung, Informationen zentral abzulegen und abzurufen, zeigt die Realit\u00e4t, dass dies \u00fcberhaupt nicht zutrifft. Unternehmen verfolgen seit Langem nicht mehr den Weg der zentralen Datenhaltung. Cloud-L\u00f6sungen und Apps liegen im Trend, weil sie schnell und ohne riesigen Aufwand umgesetzt werden k\u00f6nnen.<\/p>\n<p>Daten auf unterschiedlichen Datentr\u00e4gern (Filesystemen, Cloudl\u00f6sungen, DMS System, Apps) zu halten, birgt die Gefahr, dass diese mehrfach abgelegt werden und nicht zeitnah abgeglichen werden k\u00f6nnen. Auch hier spielt der Prozess eine zentrale Rolle.<\/p>\n<p>\n<\/div><div class=\"kc-elm kc-css-852852\" style=\"height: 40px; clear: both; width:100%;\"><\/div>\n<div class=\"kc-elm kc-css-522385 kc-title-wrap \">\n\n\t<h1 class=\"kc_title\">Wieso ist eine Strategie in diesem Bereich wichtig?<\/h1>\n<\/div>\n<div class=\"kc-elm kc-css-940757\" style=\"height: 20px; clear: both; width:100%;\"><\/div><div class=\"kc-elm kc-css-258338 kc_text_block\"><\/p>\n<p>\nDie Erfahrung zeigt, dass Unternehmen mit einer klaren Strategie im Bereich Content Management System sowohl mittel- wie auch langfristig besser fahren, ohne sich dabei einschr\u00e4nken zu m\u00fcssen. Die strategische Ausrichtung und die Definition von Grundlagen und Plattformen vereinfachen zuk\u00fcnftige Schritte, indem man sich direkt \u00fcber die Prozesse um die flexible und agile Umsetzung k\u00fcmmern kann und nicht fortlaufend die technologischen Voraussetzungen pr\u00fcfen muss.<\/p>\n<p>Seit Jahren fokussieren wir auf den Bereich SAP und Enterprise Content Management und beobachten die aktuellen Trends am Markt sehr genau. Unsere Neugier, die Zusammenarbeit mit Kunden, unseren jungen Mitarbeitern und Hochschulen halten uns zwar auf Trab, lassen uns jedoch auch immer wieder innovative L\u00f6sungen finden. Dieser Mix aus Basiserfahrung und Innovation l\u00e4sst kreative L\u00f6sungen zu und davon profitieren Sie als Kunde.<\/p>\n<p>Binden Sie uns bereits bei Strategiefragen oder bei der Konzeption mit ein. Sie werden schnell erkennen, dass wir Ihnen einen sehr grossen und schnellen Mehrwert bringen k\u00f6nnen.<\/p>\n<p>\n<\/div><div class=\"kc-elm kc-css-779695\" style=\"height: 40px; clear: both; width:100%;\"><\/div>\n<div class=\"kc-elm kc-css-577308 kc-title-wrap \">\n\n\t<h1 class=\"kc_title\">Ihre Vorteile auf einem Blick<\/h1>\n<\/div>\n<div class=\"kc-elm kc-css-388209\" style=\"height: 40px; clear: both; width:100%;\"><\/div><div class=\"kc-elm kc-css-870052 kc_row kc_row_inner\"><div class=\"kc-elm kc-css-388532 kc_col-sm-4 kc_column_inner kc_col-sm-4\"><div class=\"kc_wrapper kc-col-inner-container\"><div class=\"kc-elm kc-css-642108 kc-icon-wrapper\">\n\t\t<i class=\"et-profile-male\"><\/i>\n\t<\/div>\n<div class=\"kc-elm kc-css-82819\" style=\"height: 20px; clear: both; width:100%;\"><\/div><div class=\"kc-elm kc-css-789491 kc_text_block\"><\/p>\n<p style=\"text-align: center;\">Berater, welche Sie als Kunden und Ihre Anforderungen in den Mittelpunkt stellen<\/p>\n<p>\n<\/div><div class=\"kc-elm kc-css-685210\" style=\"height: 40px; clear: both; width:100%;\"><\/div><\/div><\/div><div class=\"kc-elm kc-css-969227 kc_col-sm-4 kc_column_inner kc_col-sm-4\"><div class=\"kc_wrapper kc-col-inner-container\"><div class=\"kc-elm kc-css-178817 kc-icon-wrapper\">\n\t\t<i class=\"et-clock\"><\/i>\n\t<\/div>\n<div class=\"kc-elm kc-css-258566\" style=\"height: 20px; clear: both; width:100%;\"><\/div><div class=\"kc-elm kc-css-313380 kc_text_block\"><\/p>\n<p style=\"text-align: center;\">Langj\u00e4hrige Erfahrung im Bereich Prozessoptimierung &#038; SAP<\/p>\n<p>\n<\/div><div class=\"kc-elm kc-css-684011\" style=\"height: 40px; clear: both; width:100%;\"><\/div><\/div><\/div><div class=\"kc-elm kc-css-351005 kc_col-sm-4 kc_column_inner kc_col-sm-4\"><div class=\"kc_wrapper kc-col-inner-container\"><div class=\"kc-elm kc-css-876151 kc-icon-wrapper\">\n\t\t<i class=\"et-briefcase\"><\/i>\n\t<\/div>\n<div class=\"kc-elm kc-css-870673\" style=\"height: 20px; clear: both; width:100%;\"><\/div><div class=\"kc-elm kc-css-285229 kc_text_block\"><\/p>\n<p style=\"text-align: center;\">Grosse Erfahrung im Bereich ECM (OpenText, und andere)<\/p>\n<p>\n<\/div><div class=\"kc-elm kc-css-696263\" style=\"height: 40px; clear: both; width:100%;\"><\/div><\/div><\/div><\/div><div class=\"kc-elm kc-css-123542 kc_row kc_row_inner\"><div class=\"kc-elm kc-css-94784 kc_col-sm-6 kc_column_inner kc_col-sm-6\"><div class=\"kc_wrapper kc-col-inner-container\"><div class=\"kc-elm kc-css-484973 kc-icon-wrapper\">\n\t\t<i class=\"et-tools\"><\/i>\n\t<\/div>\n<div class=\"kc-elm kc-css-867371\" style=\"height: 20px; clear: both; width:100%;\"><\/div><div class=\"kc-elm kc-css-37953 kc_text_block\"><\/p>\n<p style=\"text-align: center;\">Strukturierte Vorgehensweise<\/p>\n<p>\n<\/div><div class=\"kc-elm kc-css-369881\" style=\"height: 40px; clear: both; width:100%;\"><\/div><\/div><\/div><div class=\"kc-elm kc-css-521248 kc_col-sm-6 kc_column_inner kc_col-sm-6\"><div class=\"kc_wrapper kc-col-inner-container\"><div class=\"kc-elm kc-css-758291 kc-icon-wrapper\">\n\t\t<i class=\"et-flag\"><\/i>\n\t<\/div>\n<div class=\"kc-elm kc-css-286324\" style=\"height: 20px; clear: both; width:100%;\"><\/div><div class=\"kc-elm kc-css-980346 kc_text_block\"><\/p>\n<p style=\"text-align: center;\">Innovativ und doch realistisch<\/p>\n<p>\n<\/div><div class=\"kc-elm kc-css-501690\" style=\"height: 40px; clear: both; width:100%;\"><\/div><\/div><\/div><\/div><\/div><\/div><div class=\"kc-elm kc-css-615989 kc_col-sm-4 kc_column kc_col-sm-4\"><div class=\"kc-col-container\"><div class=\"kc-elm kc-css-305498 kc_text_block\"><\/p>\n<h2><strong>Christian Bl\u00e4uenstein<\/strong><\/h2>\n<p><img loading=\"lazy\" decoding=\"async\" class=\"alignnone size-medium\" src=\"https:\/\/dataworld.com\/wp-content\/uploads\/2019\/11\/3F0A1153-300x200.jpg\" alt=\"Christian Bl\u00e4uenstein\" width=\"2110\" height=\"1407\">Kontaktieren Sie mich f\u00fcr Ideen und Inspiration auf dem Weg zu neuen digitalen Gesch\u00e4ftsfeldern:<\/p>\n<p>+41 58 591 90 00<br \/><a href=\"mailto:christian.blaeuenstein@dataworld.com\">christian.blaeuenstein@dataworld.com<\/a><\/p>\n<p>\n<\/div><\/div><\/div><\/div><\/div><\/section><\/p>\n","protected":false},"excerpt":{"rendered":"","protected":false},"author":2,"featured_media":0,"parent":3762,"menu_order":0,"comment_status":"closed","ping_status":"closed","template":"","meta":{"footnotes":""},"class_list":["post-2339","page","type-page","status-publish","hentry"],"yoast_head":"<!-- This site is optimized with the Yoast SEO plugin v27.4 - https:\/\/yoast.com\/product\/yoast-seo-wordpress\/ -->\n<title>Digitalisierung &amp; IT-Strategie - dataworld<\/title>\n<meta name=\"description\" content=\"Um einen Prozess digital automatisieren zu k\u00f6nnen, bedingt es einer fr\u00fchen Digitalisierung der Input Daten.\" \/>\n<meta name=\"robots\" content=\"index, follow, max-snippet:-1, max-image-preview:large, max-video-preview:-1\" \/>\n<link rel=\"canonical\" href=\"https:\/\/dataworld.com\/de\/dienstleistungen\/digitalisierung-itstrategie\/\" \/>\n<meta property=\"og:locale\" content=\"de_DE\" \/>\n<meta property=\"og:type\" content=\"article\" \/>\n<meta property=\"og:title\" content=\"Digitalisierung &amp; IT-Strategie - dataworld\" \/>\n<meta property=\"og:description\" content=\"Um einen Prozess digital automatisieren zu k\u00f6nnen, bedingt es einer fr\u00fchen Digitalisierung der Input Daten.\" \/>\n<meta property=\"og:url\" content=\"https:\/\/dataworld.com\/de\/dienstleistungen\/digitalisierung-itstrategie\/\" \/>\n<meta property=\"og:site_name\" content=\"dataworld\" \/>\n<meta property=\"article:publisher\" content=\"https:\/\/www.facebook.com\/dataworldconsulting\/\" \/>\n<meta property=\"article:modified_time\" content=\"2023-05-30T09:00:15+00:00\" \/>\n<meta property=\"og:image\" content=\"https:\/\/dataworld.com\/wp-content\/uploads\/2019\/11\/3F0A1153-300x200.jpg\" \/>\n<meta name=\"twitter:card\" content=\"summary_large_image\" \/>\n<meta name=\"twitter:site\" content=\"@dW_dataworld\" \/>\n<meta name=\"twitter:label1\" content=\"Gesch\u00e4tzte Lesezeit\" \/>\n\t<meta name=\"twitter:data1\" content=\"3\u00a0Minuten\" \/>\n<script type=\"application\/ld+json\" class=\"yoast-schema-graph\">{\"@context\":\"https:\\\/\\\/schema.org\",\"@graph\":[{\"@type\":\"WebPage\",\"@id\":\"https:\\\/\\\/dataworld.com\\\/de\\\/dienstleistungen\\\/digitalisierung-itstrategie\\\/\",\"url\":\"https:\\\/\\\/dataworld.com\\\/de\\\/dienstleistungen\\\/digitalisierung-itstrategie\\\/\",\"name\":\"Digitalisierung & IT-Strategie - dataworld\",\"isPartOf\":{\"@id\":\"https:\\\/\\\/dataworld.com\\\/de\\\/#website\"},\"primaryImageOfPage\":{\"@id\":\"https:\\\/\\\/dataworld.com\\\/de\\\/dienstleistungen\\\/digitalisierung-itstrategie\\\/#primaryimage\"},\"image\":{\"@id\":\"https:\\\/\\\/dataworld.com\\\/de\\\/dienstleistungen\\\/digitalisierung-itstrategie\\\/#primaryimage\"},\"thumbnailUrl\":\"https:\\\/\\\/dataworld.com\\\/wp-content\\\/uploads\\\/2019\\\/11\\\/3F0A1153-300x200.jpg\",\"datePublished\":\"2019-11-05T20:16:31+00:00\",\"dateModified\":\"2023-05-30T09:00:15+00:00\",\"description\":\"Um einen Prozess digital automatisieren zu k\u00f6nnen, bedingt es einer fr\u00fchen Digitalisierung der Input Daten.\",\"breadcrumb\":{\"@id\":\"https:\\\/\\\/dataworld.com\\\/de\\\/dienstleistungen\\\/digitalisierung-itstrategie\\\/#breadcrumb\"},\"inLanguage\":\"de\",\"potentialAction\":[{\"@type\":\"ReadAction\",\"target\":[\"https:\\\/\\\/dataworld.com\\\/de\\\/dienstleistungen\\\/digitalisierung-itstrategie\\\/\"]}]},{\"@type\":\"ImageObject\",\"inLanguage\":\"de\",\"@id\":\"https:\\\/\\\/dataworld.com\\\/de\\\/dienstleistungen\\\/digitalisierung-itstrategie\\\/#primaryimage\",\"url\":\"https:\\\/\\\/dataworld.com\\\/wp-content\\\/uploads\\\/2019\\\/11\\\/3F0A1153-300x200.jpg\",\"contentUrl\":\"https:\\\/\\\/dataworld.com\\\/wp-content\\\/uploads\\\/2019\\\/11\\\/3F0A1153-300x200.jpg\"},{\"@type\":\"BreadcrumbList\",\"@id\":\"https:\\\/\\\/dataworld.com\\\/de\\\/dienstleistungen\\\/digitalisierung-itstrategie\\\/#breadcrumb\",\"itemListElement\":[{\"@type\":\"ListItem\",\"position\":1,\"name\":\"Home\",\"item\":\"https:\\\/\\\/dataworld.com\\\/de\\\/\"},{\"@type\":\"ListItem\",\"position\":2,\"name\":\"Dienstleistungen\",\"item\":\"https:\\\/\\\/dataworld.com\\\/de\\\/dienstleistungen\\\/\"},{\"@type\":\"ListItem\",\"position\":3,\"name\":\"Digitalisierung &#038; IT-Strategie\"}]},{\"@type\":\"WebSite\",\"@id\":\"https:\\\/\\\/dataworld.com\\\/de\\\/#website\",\"url\":\"https:\\\/\\\/dataworld.com\\\/de\\\/\",\"name\":\"dataworld\",\"description\":\"wir gestalten Ihre S4 Journey\",\"publisher\":{\"@id\":\"https:\\\/\\\/dataworld.com\\\/de\\\/#organization\"},\"potentialAction\":[{\"@type\":\"SearchAction\",\"target\":{\"@type\":\"EntryPoint\",\"urlTemplate\":\"https:\\\/\\\/dataworld.com\\\/de\\\/?s={search_term_string}\"},\"query-input\":{\"@type\":\"PropertyValueSpecification\",\"valueRequired\":true,\"valueName\":\"search_term_string\"}}],\"inLanguage\":\"de\"},{\"@type\":\"Organization\",\"@id\":\"https:\\\/\\\/dataworld.com\\\/de\\\/#organization\",\"name\":\"Data Work Consulting AG\",\"url\":\"https:\\\/\\\/dataworld.com\\\/de\\\/\",\"logo\":{\"@type\":\"ImageObject\",\"inLanguage\":\"de\",\"@id\":\"https:\\\/\\\/dataworld.com\\\/de\\\/#\\\/schema\\\/logo\\\/image\\\/\",\"url\":\"https:\\\/\\\/dataworld.com\\\/wp-content\\\/uploads\\\/2019\\\/11\\\/Quadrat.jpg\",\"contentUrl\":\"https:\\\/\\\/dataworld.com\\\/wp-content\\\/uploads\\\/2019\\\/11\\\/Quadrat.jpg\",\"width\":378,\"height\":378,\"caption\":\"Data Work Consulting AG\"},\"image\":{\"@id\":\"https:\\\/\\\/dataworld.com\\\/de\\\/#\\\/schema\\\/logo\\\/image\\\/\"},\"sameAs\":[\"https:\\\/\\\/www.facebook.com\\\/dataworldconsulting\\\/\",\"https:\\\/\\\/x.com\\\/dW_dataworld\"]}]}<\/script>\n<!-- \/ Yoast SEO plugin. -->","yoast_head_json":{"title":"Digitalisierung & IT-Strategie - dataworld","description":"Um einen Prozess digital automatisieren zu k\u00f6nnen, bedingt es einer fr\u00fchen Digitalisierung der Input Daten.","robots":{"index":"index","follow":"follow","max-snippet":"max-snippet:-1","max-image-preview":"max-image-preview:large","max-video-preview":"max-video-preview:-1"},"canonical":"https:\/\/dataworld.com\/de\/dienstleistungen\/digitalisierung-itstrategie\/","og_locale":"de_DE","og_type":"article","og_title":"Digitalisierung & IT-Strategie - dataworld","og_description":"Um einen Prozess digital automatisieren zu k\u00f6nnen, bedingt es einer fr\u00fchen Digitalisierung der Input Daten.","og_url":"https:\/\/dataworld.com\/de\/dienstleistungen\/digitalisierung-itstrategie\/","og_site_name":"dataworld","article_publisher":"https:\/\/www.facebook.com\/dataworldconsulting\/","article_modified_time":"2023-05-30T09:00:15+00:00","og_image":[{"url":"https:\/\/dataworld.com\/wp-content\/uploads\/2019\/11\/3F0A1153-300x200.jpg","type":"","width":"","height":""}],"twitter_card":"summary_large_image","twitter_site":"@dW_dataworld","twitter_misc":{"Gesch\u00e4tzte Lesezeit":"3\u00a0Minuten"},"schema":{"@context":"https:\/\/schema.org","@graph":[{"@type":"WebPage","@id":"https:\/\/dataworld.com\/de\/dienstleistungen\/digitalisierung-itstrategie\/","url":"https:\/\/dataworld.com\/de\/dienstleistungen\/digitalisierung-itstrategie\/","name":"Digitalisierung & IT-Strategie - dataworld","isPartOf":{"@id":"https:\/\/dataworld.com\/de\/#website"},"primaryImageOfPage":{"@id":"https:\/\/dataworld.com\/de\/dienstleistungen\/digitalisierung-itstrategie\/#primaryimage"},"image":{"@id":"https:\/\/dataworld.com\/de\/dienstleistungen\/digitalisierung-itstrategie\/#primaryimage"},"thumbnailUrl":"https:\/\/dataworld.com\/wp-content\/uploads\/2019\/11\/3F0A1153-300x200.jpg","datePublished":"2019-11-05T20:16:31+00:00","dateModified":"2023-05-30T09:00:15+00:00","description":"Um einen Prozess digital automatisieren zu k\u00f6nnen, bedingt es einer fr\u00fchen Digitalisierung der Input Daten.","breadcrumb":{"@id":"https:\/\/dataworld.com\/de\/dienstleistungen\/digitalisierung-itstrategie\/#breadcrumb"},"inLanguage":"de","potentialAction":[{"@type":"ReadAction","target":["https:\/\/dataworld.com\/de\/dienstleistungen\/digitalisierung-itstrategie\/"]}]},{"@type":"ImageObject","inLanguage":"de","@id":"https:\/\/dataworld.com\/de\/dienstleistungen\/digitalisierung-itstrategie\/#primaryimage","url":"https:\/\/dataworld.com\/wp-content\/uploads\/2019\/11\/3F0A1153-300x200.jpg","contentUrl":"https:\/\/dataworld.com\/wp-content\/uploads\/2019\/11\/3F0A1153-300x200.jpg"},{"@type":"BreadcrumbList","@id":"https:\/\/dataworld.com\/de\/dienstleistungen\/digitalisierung-itstrategie\/#breadcrumb","itemListElement":[{"@type":"ListItem","position":1,"name":"Home","item":"https:\/\/dataworld.com\/de\/"},{"@type":"ListItem","position":2,"name":"Dienstleistungen","item":"https:\/\/dataworld.com\/de\/dienstleistungen\/"},{"@type":"ListItem","position":3,"name":"Digitalisierung &#038; IT-Strategie"}]},{"@type":"WebSite","@id":"https:\/\/dataworld.com\/de\/#website","url":"https:\/\/dataworld.com\/de\/","name":"dataworld","description":"wir gestalten Ihre S4 Journey","publisher":{"@id":"https:\/\/dataworld.com\/de\/#organization"},"potentialAction":[{"@type":"SearchAction","target":{"@type":"EntryPoint","urlTemplate":"https:\/\/dataworld.com\/de\/?s={search_term_string}"},"query-input":{"@type":"PropertyValueSpecification","valueRequired":true,"valueName":"search_term_string"}}],"inLanguage":"de"},{"@type":"Organization","@id":"https:\/\/dataworld.com\/de\/#organization","name":"Data Work Consulting AG","url":"https:\/\/dataworld.com\/de\/","logo":{"@type":"ImageObject","inLanguage":"de","@id":"https:\/\/dataworld.com\/de\/#\/schema\/logo\/image\/","url":"https:\/\/dataworld.com\/wp-content\/uploads\/2019\/11\/Quadrat.jpg","contentUrl":"https:\/\/dataworld.com\/wp-content\/uploads\/2019\/11\/Quadrat.jpg","width":378,"height":378,"caption":"Data Work Consulting AG"},"image":{"@id":"https:\/\/dataworld.com\/de\/#\/schema\/logo\/image\/"},"sameAs":["https:\/\/www.facebook.com\/dataworldconsulting\/","https:\/\/x.com\/dW_dataworld"]}]}},"_links":{"self":[{"href":"https:\/\/dataworld.com\/de\/wp-json\/wp\/v2\/pages\/2339","targetHints":{"allow":["GET"]}}],"collection":[{"href":"https:\/\/dataworld.com\/de\/wp-json\/wp\/v2\/pages"}],"about":[{"href":"https:\/\/dataworld.com\/de\/wp-json\/wp\/v2\/types\/page"}],"author":[{"embeddable":true,"href":"https:\/\/dataworld.com\/de\/wp-json\/wp\/v2\/users\/2"}],"replies":[{"embeddable":true,"href":"https:\/\/dataworld.com\/de\/wp-json\/wp\/v2\/comments?post=2339"}],"version-history":[{"count":6,"href":"https:\/\/dataworld.com\/de\/wp-json\/wp\/v2\/pages\/2339\/revisions"}],"predecessor-version":[{"id":9765,"href":"https:\/\/dataworld.com\/de\/wp-json\/wp\/v2\/pages\/2339\/revisions\/9765"}],"up":[{"embeddable":true,"href":"https:\/\/dataworld.com\/de\/wp-json\/wp\/v2\/pages\/3762"}],"wp:attachment":[{"href":"https:\/\/dataworld.com\/de\/wp-json\/wp\/v2\/media?parent=2339"}],"curies":[{"name":"wp","href":"https:\/\/api.w.org\/{rel}","templated":true}]}}