{"id":5496,"date":"2020-06-23T17:13:06","date_gmt":"2020-06-23T15:13:06","guid":{"rendered":"https:\/\/dataworld.com\/qr-rechnung\/"},"modified":"2021-10-19T10:08:45","modified_gmt":"2021-10-19T08:08:45","slug":"qr-rechnung","status":"publish","type":"page","link":"https:\/\/dataworld.com\/de\/qr-rechnung\/","title":{"rendered":"QR-Rechnung"},"content":{"rendered":"<p><section class=\"kc-elm kc_row\"><div class=\"kc-row-container  kc-container\"><div class=\"kc-wrap-columns\"><div class=\"kc-elm kc-css-934091 kc_col-sm-12 kc_column kc_col-sm-12\"><div class=\"kc-col-container\"><div class=\"kc-elm kc-css-877022 kc-raw-code\">\n\t\t\t<!-- START QRRechnung REVOLUTION SLIDER 6.7.41 --><p class=\"rs-p-wp-fix\"><\/p>\n\t\t\t<rs-module-wrap id=\"rev_slider_50_1_wrapper\" data-source=\"gallery\" style=\"visibility:hidden;background:transparent;padding:0;margin:0px auto;margin-top:0;margin-bottom:0;\">\n\t\t\t\t<rs-module id=\"rev_slider_50_1\" style=\"\" data-version=\"6.7.41\">\n\t\t\t\t\t<rs-slides style=\"overflow: hidden; position: absolute;\">\n\t\t\t\t\t\t<rs-slide style=\"position: absolute;\" data-key=\"rs-90\" data-title=\"S\/4HANA\" data-anim=\"ms:2000;r:0;\" data-in=\"o:-0.5;sx:1.6;sy:1.6;e:power0.inOut;\" data-out=\"o:0;sx:0.6;sy:0.6;e:power4.inOut;\">\n\t\t\t\t\t\t\t<img decoding=\"async\" src=\"\/\/dataworld.com\/wp-content\/plugins\/revslider\/sr6\/assets\/assets\/dummy.png\" alt=\"\" title=\"mitya-ivanov-2HWkORIX3II-unsplash\" width=\"1920\" height=\"1280\" class=\"rev-slidebg tp-rs-img rs-lazyload\" data-lazyload=\"\/\/dataworld.com\/wp-content\/uploads\/2020\/02\/mitya-ivanov-2HWkORIX3II-unsplash-scaled.jpg\" data-parallax=\"10\" data-no-retina>\n<!--\n\t\t\t\t\t\t\t--><rs-layer\n\t\t\t\t\t\t\t\tid=\"slider-50-slide-90-layer-1\" \n\t\t\t\t\t\t\t\tclass=\"NotGeneric-Title\"\n\t\t\t\t\t\t\t\tdata-type=\"text\"\n\t\t\t\t\t\t\t\tdata-color=\"rgba(255,255,255,1)\"\n\t\t\t\t\t\t\t\tdata-rsp_ch=\"on\"\n\t\t\t\t\t\t\t\tdata-xy=\"x:c;y:m;yo:0,0,-22px,-29px;\"\n\t\t\t\t\t\t\t\tdata-text=\"s:50,50,38,23;l:70,70,70,50;fw:800;a:center;\"\n\t\t\t\t\t\t\t\tdata-padding=\"t:10,8,6,4;b:10,8,6,4;\"\n\t\t\t\t\t\t\t\tdata-frame_0=\"sX:1.5;sY:1.5;tp:600;\"\n\t\t\t\t\t\t\t\tdata-frame_0_mask=\"u:t;\"\n\t\t\t\t\t\t\t\tdata-frame_1=\"tp:600;st:1000;sp:1500;sR:1000;\"\n\t\t\t\t\t\t\t\tdata-frame_1_mask=\"u:t;\"\n\t\t\t\t\t\t\t\tdata-frame_999=\"y:100%;tp:600;e:power2.inOut;st:w;sp:1000;sR:6500;\"\n\t\t\t\t\t\t\t\tdata-frame_999_mask=\"u:t;\"\n\t\t\t\t\t\t\t\tstyle=\"z-index:7;font-family:'Raleway';\"\n\t\t\t\t\t\t\t>Die QR-Rechnung  \n\t\t\t\t\t\t\t<\/rs-layer><!--\n\n\t\t\t\t\t\t\t--><rs-layer\n\t\t\t\t\t\t\t\tid=\"slider-50-slide-90-layer-4\" \n\t\t\t\t\t\t\t\tclass=\"NotGeneric-SubTitle\"\n\t\t\t\t\t\t\t\tdata-type=\"text\"\n\t\t\t\t\t\t\t\tdata-color=\"rgba(255,255,255,1)\"\n\t\t\t\t\t\t\t\tdata-rsp_ch=\"on\"\n\t\t\t\t\t\t\t\tdata-xy=\"x:c;y:m;yo:63px,52px,28px,13px;\"\n\t\t\t\t\t\t\t\tdata-text=\"l:30,20,20,20;ls:4px,3px,2px,1px;fw:600,500,500,500;\"\n\t\t\t\t\t\t\t\tdata-frame_0=\"y:100%;tp:600;\"\n\t\t\t\t\t\t\t\tdata-frame_0_mask=\"u:t;y:100%;\"\n\t\t\t\t\t\t\t\tdata-frame_1=\"tp:600;e:power4.inOut;st:1000;sp:1500;sR:1000;\"\n\t\t\t\t\t\t\t\tdata-frame_1_mask=\"u:t;\"\n\t\t\t\t\t\t\t\tdata-frame_999=\"y:100%;tp:600;e:power2.inOut;st:w;sp:1000;sR:6500;\"\n\t\t\t\t\t\t\t\tdata-frame_999_mask=\"u:t;\"\n\t\t\t\t\t\t\t\tstyle=\"z-index:8;font-family:'Raleway';\"\n\t\t\t\t\t\t\t>Die Basis f\u00fcr einen effizienteren Zahlungsverkehr \n\t\t\t\t\t\t\t<\/rs-layer><!--\n\n\t\t\t\t\t\t\t--><rs-layer\n\t\t\t\t\t\t\t\tid=\"slider-50-slide-90-layer-10\" \n\t\t\t\t\t\t\t\tclass=\"tp-shape tp-shapewrapper\"\n\t\t\t\t\t\t\t\tdata-type=\"shape\"\n\t\t\t\t\t\t\t\tdata-xy=\"x:c;y:m;\"\n\t\t\t\t\t\t\t\tdata-text=\"fw:800;\"\n\t\t\t\t\t\t\t\tdata-dim=\"w:100%;h:100%;\"\n\t\t\t\t\t\t\t\tdata-basealign=\"slide\"\n\t\t\t\t\t\t\t\tdata-rsp_bd=\"off\"\n\t\t\t\t\t\t\t\tdata-frame_0=\"tp:600;\"\n\t\t\t\t\t\t\t\tdata-frame_1=\"tp:600;st:750;sp:1500;sR:750;\"\n\t\t\t\t\t\t\t\tdata-frame_999=\"tp:600;e:nothing;st:w;sR:6750;\"\n\t\t\t\t\t\t\t\tstyle=\"z-index:5;background-color:rgba(0,0,0,0.40);\"\n\t\t\t\t\t\t\t> \n\t\t\t\t\t\t\t<\/rs-layer><!--\n\n\t\t\t\t\t\t\t--><a\n\t\t\t\t\t\t\t\tid=\"slider-50-slide-90-layer-25\" \n\t\t\t\t\t\t\t\tclass=\"rs-layer rev-btn\"\n\t\t\t\t\t\t\t\thref=\"mailto:sales@dataworld.com?subject=Informationen_QR-Rechnung\" target=\"_self\" rel=\"nofollow\"\n\t\t\t\t\t\t\t\tdata-type=\"button\"\n\t\t\t\t\t\t\t\tdata-rsp_ch=\"on\"\n\t\t\t\t\t\t\t\tdata-xy=\"x:c;yo:407px,336px,255px,190px;\"\n\t\t\t\t\t\t\t\tdata-text=\"w:normal;l:40,33,25,15;fw:600;\"\n\t\t\t\t\t\t\t\tdata-dim=\"minh:0px,none,none,none;\"\n\t\t\t\t\t\t\t\tdata-padding=\"r:25,21,16,10;l:25,21,16,10;\"\n\t\t\t\t\t\t\t\tdata-border=\"bos:solid;boc:#ffffff;bow:1px,1px,1px,1px;bor:25px,25px,25px,25px;\"\n\t\t\t\t\t\t\t\tdata-frame_1=\"st:1250;sp:1500;sR:1250;\"\n\t\t\t\t\t\t\t\tdata-frame_999=\"o:0;st:w;sp:1000;sR:6250;\"\n\t\t\t\t\t\t\t\tdata-frame_hover=\"bgc:rgba(0,0,0,0);boc:rgba(255,255,255,0.75);bor:25px,25px,25px,25px;bos:solid;bow:1px,1px,1px,1px;e:power1.inOut;\"\n\t\t\t\t\t\t\t\tstyle=\"z-index:9;background-color:rgba(0,0,0,0);font-family:'Raleway';\"\n\t\t\t\t\t\t\t>Weitere Informationen anfordern \n\t\t\t\t\t\t\t<\/a><!--\n-->\t\t\t\t\t<\/rs-slide>\n\t\t\t\t\t<\/rs-slides>\n\t\t\t\t<\/rs-module>\n\t\t\t\t<script>\n\t\t\t\t\tsetREVStartSize({c: 'rev_slider_50_1',rl:[1240,1024,778,480],el:[600,500,400,300],gw:[1240,1024,778,480],gh:[600,500,400,300],type:'standard',justify:'',layout:'fullwidth',mh:\"0\"});if (window.RS_MODULES!==undefined && window.RS_MODULES.modules!==undefined && window.RS_MODULES.modules[\"revslider501\"]!==undefined) {window.RS_MODULES.modules[\"revslider501\"].once = false;window.revapi50 = undefined;if (window.RS_MODULES.checkMinimal!==undefined) window.RS_MODULES.checkMinimal()}\n\t\t\t\t<\/script>\n\t\t\t<\/rs-module-wrap>\n\t\t\t<!-- END REVOLUTION SLIDER -->\n<\/div><div class=\"kc-elm kc-css-454424\" style=\"height: 80px; clear: both; width:100%;\"><\/div><\/div><\/div><\/div><\/div><\/section><section class=\"kc-elm kc_row\"><div class=\"kc-row-container  kc-container\"><div class=\"kc-wrap-columns\"><div class=\"kc-elm kc-css-88906 kc_col-sm-3 kc_column kc_col-sm-3\"><div class=\"kc-col-container\"><div class=\"kc-elm kc-css-752831 kc_shortcode kc_single_image\">\n\n        <a rel=\"prettyPhoto\" class=\"kc-pretty-photo\" href=\"https:\/\/dataworld.com\/wp-content\/uploads\/2020\/06\/QR-Rechnung.jpg\" title=\"\" target=\"\">\n        <img decoding=\"async\" src=\"https:\/\/dataworld.com\/wp-content\/uploads\/2020\/06\/QR-Rechnung.jpg\" class=\"\" alt=\"\" \/><div class=\"kc-image-overlay\"><i class=\"fa-plus\"><\/i><\/div>    <\/a>\n    <\/div>\n<div class=\"kc-elm kc-css-341716\" style=\"height: 119px; clear: both; width:100%;\"><\/div><\/div><\/div><div class=\"kc-elm kc-css-825633 kc_col-sm-9 kc_column kc_col-sm-9\"><div class=\"kc-col-container\">\n<div class=\"kc-elm kc-css-775399 kc-title-wrap \">\n\n\t<h1 class=\"kc_title\">Ihr \"einfacher\" Umstieg auf die QR-Rechnung mit dataworld<\/h1>\n<\/div>\n<div class=\"kc-elm kc-css-970685\" style=\"height: 20px; clear: both; width:100%;\"><\/div><div class=\"kc-elm kc-css-843104 kc_text_block\"><\/p>\n<p class=\"MsoNormal\" style=\"line-height: 15pt; margin-bottom: 0.0001pt;\"><span style=\"font-weight: 600;\"><span lang=\"DE\" style=\"font-size: 11.5pt;\">Wieso wurde die QR Rechnung eingef\u00fchrt?<\/span><\/span><\/p>\n<p class=\"MsoNormal\">Durch die QR-Rechnung werden die bestehenden Zahlungsprozesse modernisiert, vereinfacht und wirtschaftlicher gestaltet. Im Gegensatz zu den Einzahlungsscheinen erf\u00fcllt die QR-Rechnung alle nationalen und internationalen regulatorischen Anforderungen und unterst\u00fctzt die digitalen Gesch\u00e4ftsprozesse.<\/p>\n<p>\n<\/div><div class=\"kc-elm kc-css-887556\" style=\"height: 20px; clear: both; width:100%;\"><\/div><div class=\"kc-elm kc-css-661006 kc_text_block\"><\/p>\n<p class=\"MsoNormal\" style=\"margin-bottom: .0001pt; line-height: 15.0pt;\"><span style=\"font-size: 15.3333px; font-weight: 600;\">Welche Vorteile bietet Ihnen die QR-Rechnung?<\/span><\/p>\n<ul>\n<\/ul>\n<p>\n<\/div><div class=\"kc-elm kc-css-396989 kc_text_block\"><\/p>\n<p class=\"MsoNormal\" style=\"line-height: 15pt; margin-bottom: 0.0001pt;\">F\u00fcr Rechnungsempf\u00e4nger bietet die QR-Rechnung folgende Vorteile:<\/p>\n<ul>\n<li>Effizientes erfassen von Zahlungsinformationen ins Zahlungssystem<\/li>\n<li>Erh\u00f6hte Automatisierung des Kreditorenprozesses dank pr\u00e4ziseren Rechnungsstellerinformationen in standardisierter Form<\/li>\n<li>Alle im QR-Code enthaltenen Informationen sind digital und vom Auge lesbar<\/li>\n<li>Als Kontonummern-Format gibt es nur noch IBAN oder QR-Nummern<\/li>\n<\/ul>\n<p>\n<\/div><div class=\"kc-elm kc-css-867456\" style=\"height: 20px; clear: both; width:100%;\"><\/div><div class=\"kc-elm kc-css-990241 kc_text_block\"><\/p>\n<p class=\"MsoNormal\" style=\"line-height: 15pt; margin-bottom: 0.0001pt;\"><span style=\"font-style: inherit;\">F\u00fcr Rechnungssteller bietet die QR-Rechnung folgende Vorteile:<\/span><\/p>\n<ul>\n<li>Vereinfachte Rechnungsstellung<\/li>\n<li>Im Zahlungseingang sind alle Informationen zum Zahler enthalten<\/li>\n<li>Zahlungseing\u00e4nge k\u00f6nnen automatisiert verarbeitet werden<\/li>\n<li>Durch die freie Papierwahl und farblosen Zahlteil reduzierte Druckkosten<\/li>\n<li>Die bisherige ESR-Referenz kann 1:1 migriert werden<\/li>\n<\/ul>\n<p>\n<\/div><div class=\"kc-elm kc-css-310511\" style=\"height: 40px; clear: both; width:100%;\"><\/div><div class=\"kc-elm kc-css-970286 kc_text_block\"><\/p>\n<p class=\"MsoNormal\" style=\"line-height: 15pt; margin-bottom: 0.0001pt;\"><span style=\"font-weight: 600;\"><span lang=\"DE\" style=\"font-size: 11.5pt;\">Was tun, damit Ihr Unternehmen von der QR-Rechnung profitieren kann?<\/span><\/span><\/p>\n<p class=\"MsoNormal\" style=\"line-height: 15pt; margin-bottom: 0.0001pt;\"><span lang=\"DE\" style=\"font-size: 11.5pt;\">Sp\u00e4testens bis zum 30. September 2022 sollten Sie auf die neue landesweite QR-Rechnung umgestellt haben. Damit sichern Sie sich, Ihrem Unternehmen, sowie Ihren Kunden und Lieferanten die zuk\u00fcnftige Teilnahme am nationalen einheitlichen und vereinfachten Zahlungsverkehr!<\/span><\/p>\n<p>\n<\/div><div class=\"kc-elm kc-css-610412\" style=\"height: 40px; clear: both; width:100%;\"><\/div><div class=\"kc-elm kc-css-124656 kc_text_block\"><\/p>\n<p class=\"MsoNormal\" style=\"line-height: 15pt; margin-bottom: 0.0001pt;\"><span style=\"font-weight: 600;\"><span lang=\"DE\" style=\"font-size: 11.5pt;\">Welche M\u00f6glichkeiten haben Sie f\u00fcr den &#8222;einfachen&#8220; Umstieg?<\/span><\/span><\/p>\n<p>Um den Umstieg f\u00fcr unsere Partner und Kunden so einfach wie m\u00f6glich zu halten, haben wir die g\u00e4ngigsten Umstiegsvarianten analysiert und auf Grund unserer Erfahrung die Pakete XS, S, M und L geschn\u00fcrt.<\/p>\n<p>Dieses bew\u00e4hrte Vorgehen sichert Ihnen einen bereits im Vorfeld vereinbarten Scope der Implementierung zu einem Festpreis. Sollte auf Grund Ihrer Rahmenparameter keines der Pakete passen, k\u00f6nnen wir Ihnen gerne ein individuelles Angebot erstellen. Dabei profitieren Sie davon, dass wir vermutlich trotzdem bereits vorhandene Elemente aus unseren Paketen verwenden k\u00f6nnen und diese mit den f\u00fcr Sie relevanten Erg\u00e4nzungen versehen.<\/p>\n<p>\n<\/div><div class=\"kc-elm kc-css-390051\" style=\"height: 40px; clear: both; width:100%;\"><\/div><div class=\"kc-elm kc-css-851361 kc_shortcode kc_single_image\">\n\n        <a rel=\"prettyPhoto\" class=\"kc-pretty-photo\" href=\"https:\/\/dataworld.com\/wp-content\/uploads\/2022\/04\/220052-QR-Bill-APAR-Packages.png\" title=\"\" target=\"\">\n        <img decoding=\"async\" src=\"https:\/\/dataworld.com\/wp-content\/uploads\/2022\/04\/220052-QR-Bill-APAR-Packages.png\" class=\"\" alt=\"\" \/><div class=\"kc-image-overlay\"><i class=\"fa-plus\"><\/i><\/div>    <\/a>\n    <\/div>\n<div class=\"kc-elm kc-css-192316\" style=\"height: 40px; clear: both; width:100%;\"><\/div><\/div><\/div><\/div><\/div><\/section><section class=\"kc-elm kc_row\"><div class=\"kc-row-container  kc-container\"><div class=\"kc-wrap-columns\"><div class=\"kc-elm kc-css-185126 kc_col-sm-3 kc_column kc_col-sm-3\"><div class=\"kc-col-container\"><div class=\"kc-elm kc-css-57772\" style=\"height: 40px; clear: both; width:100%;\"><\/div><\/div><\/div><div class=\"kc-elm kc-css-283251 kc_col-sm-4 kc_column kc_col-sm-4\"><div class=\"kc-col-container\">\n<div class=\"kc-elm kc-css-207952 kc-call-to-action kc-cta-2 kc-is-button\">\n\n\t<div class=\"kc-cta-desc\"><h2>Kontaktieren Sie uns<\/h2><div class=\"kc-cta-text\">Kontaktieren Sie uns um mehr zur QR-Rechnung zu erfahren und wie diese im Invoice Management integriert wird. <\/div><\/div><div class=\"kc-cta-button\"><a href=\"mailto:sales@dataworld.com?subject=Anfrage%20QR-Rechnung\">dataworld kontaktieren<\/a><\/div>\n<\/div>\n<\/div><\/div><div class=\"kc-elm kc-css-296391 kc_col-sm-4 kc_column kc_col-sm-4\"><div class=\"kc-col-container\">\n<div class=\"kc-elm kc-css-617951 kc-call-to-action kc-cta-2 kc-is-button\">\n\n\t<div class=\"kc-cta-desc\"><h2>Funktions\u00fcbersicht<\/h2><div class=\"kc-cta-text\">Erfahren Sie welche Vorteile die QR-Rechnung bringt und wie die Anpassungen gemacht werden.<\/div><\/div><div class=\"kc-cta-button\"><a href=\"https:\/\/dataworld.com\/wp-content\/uploads\/2020\/06\/Deutsch.pdf\" target=\"_blank\">Whitepaper QR-Rechnung<\/a><\/div>\n<\/div>\n<\/div><\/div><\/div><\/div><\/section><\/p>\n","protected":false},"excerpt":{"rendered":"","protected":false},"author":1,"featured_media":0,"parent":0,"menu_order":0,"comment_status":"closed","ping_status":"closed","template":"","meta":{"footnotes":""},"class_list":["post-5496","page","type-page","status-publish","hentry"],"yoast_head":"<!-- This site is optimized with the Yoast SEO plugin v27.3 - https:\/\/yoast.com\/product\/yoast-seo-wordpress\/ -->\n<title>Umstellung auf die QR-Rechnung - dataworld<\/title>\n<meta name=\"description\" content=\"Ab dem 30. September 2022 ist es definitiv! - Alle Einzahlungsscheine in der Schweiz werden durch die QR-Rechnung oder eBill abgel\u00f6st.\" \/>\n<meta name=\"robots\" content=\"index, follow, max-snippet:-1, max-image-preview:large, max-video-preview:-1\" \/>\n<link rel=\"canonical\" href=\"https:\/\/dataworld.com\/de\/qr-rechnung\/\" \/>\n<meta property=\"og:locale\" content=\"de_DE\" \/>\n<meta property=\"og:type\" content=\"article\" \/>\n<meta property=\"og:title\" content=\"Umstellung auf die QR-Rechnung - dataworld\" \/>\n<meta property=\"og:description\" content=\"Ab dem 30. September 2022 ist es definitiv! - Alle Einzahlungsscheine in der Schweiz werden durch die QR-Rechnung oder eBill abgel\u00f6st.\" \/>\n<meta property=\"og:url\" content=\"https:\/\/dataworld.com\/de\/qr-rechnung\/\" \/>\n<meta property=\"og:site_name\" content=\"dataworld\" \/>\n<meta property=\"article:publisher\" content=\"https:\/\/www.facebook.com\/dataworldconsulting\/\" \/>\n<meta property=\"article:modified_time\" content=\"2021-10-19T08:08:45+00:00\" \/>\n<meta property=\"og:image\" content=\"https:\/\/dataworld.com\/wp-content\/uploads\/2020\/06\/QR-Rechnung.jpg\" \/>\n<meta name=\"twitter:card\" content=\"summary_large_image\" \/>\n<meta name=\"twitter:site\" content=\"@dW_dataworld\" \/>\n<meta name=\"twitter:label1\" content=\"Gesch\u00e4tzte Lesezeit\" \/>\n\t<meta name=\"twitter:data1\" content=\"2\u00a0Minuten\" \/>\n<script type=\"application\/ld+json\" class=\"yoast-schema-graph\">{\"@context\":\"https:\\\/\\\/schema.org\",\"@graph\":[{\"@type\":\"WebPage\",\"@id\":\"https:\\\/\\\/dataworld.com\\\/de\\\/qr-rechnung\\\/\",\"url\":\"https:\\\/\\\/dataworld.com\\\/de\\\/qr-rechnung\\\/\",\"name\":\"Umstellung auf die QR-Rechnung - dataworld\",\"isPartOf\":{\"@id\":\"https:\\\/\\\/dataworld.com\\\/de\\\/#website\"},\"primaryImageOfPage\":{\"@id\":\"https:\\\/\\\/dataworld.com\\\/de\\\/qr-rechnung\\\/#primaryimage\"},\"image\":{\"@id\":\"https:\\\/\\\/dataworld.com\\\/de\\\/qr-rechnung\\\/#primaryimage\"},\"thumbnailUrl\":\"https:\\\/\\\/dataworld.com\\\/wp-content\\\/uploads\\\/2020\\\/06\\\/QR-Rechnung.jpg\",\"datePublished\":\"2020-06-23T15:13:06+00:00\",\"dateModified\":\"2021-10-19T08:08:45+00:00\",\"description\":\"Ab dem 30. September 2022 ist es definitiv! - Alle Einzahlungsscheine in der Schweiz werden durch die QR-Rechnung oder eBill abgel\u00f6st.\",\"breadcrumb\":{\"@id\":\"https:\\\/\\\/dataworld.com\\\/de\\\/qr-rechnung\\\/#breadcrumb\"},\"inLanguage\":\"de\",\"potentialAction\":[{\"@type\":\"ReadAction\",\"target\":[\"https:\\\/\\\/dataworld.com\\\/de\\\/qr-rechnung\\\/\"]}]},{\"@type\":\"ImageObject\",\"inLanguage\":\"de\",\"@id\":\"https:\\\/\\\/dataworld.com\\\/de\\\/qr-rechnung\\\/#primaryimage\",\"url\":\"https:\\\/\\\/dataworld.com\\\/wp-content\\\/uploads\\\/2020\\\/06\\\/QR-Rechnung.jpg\",\"contentUrl\":\"https:\\\/\\\/dataworld.com\\\/wp-content\\\/uploads\\\/2020\\\/06\\\/QR-Rechnung.jpg\"},{\"@type\":\"BreadcrumbList\",\"@id\":\"https:\\\/\\\/dataworld.com\\\/de\\\/qr-rechnung\\\/#breadcrumb\",\"itemListElement\":[{\"@type\":\"ListItem\",\"position\":1,\"name\":\"Home\",\"item\":\"https:\\\/\\\/dataworld.com\\\/de\\\/\"},{\"@type\":\"ListItem\",\"position\":2,\"name\":\"QR-Rechnung\"}]},{\"@type\":\"WebSite\",\"@id\":\"https:\\\/\\\/dataworld.com\\\/de\\\/#website\",\"url\":\"https:\\\/\\\/dataworld.com\\\/de\\\/\",\"name\":\"dataworld\",\"description\":\"wir gestalten Ihre S4 Journey\",\"publisher\":{\"@id\":\"https:\\\/\\\/dataworld.com\\\/de\\\/#organization\"},\"potentialAction\":[{\"@type\":\"SearchAction\",\"target\":{\"@type\":\"EntryPoint\",\"urlTemplate\":\"https:\\\/\\\/dataworld.com\\\/de\\\/?s={search_term_string}\"},\"query-input\":{\"@type\":\"PropertyValueSpecification\",\"valueRequired\":true,\"valueName\":\"search_term_string\"}}],\"inLanguage\":\"de\"},{\"@type\":\"Organization\",\"@id\":\"https:\\\/\\\/dataworld.com\\\/de\\\/#organization\",\"name\":\"Data Work Consulting AG\",\"url\":\"https:\\\/\\\/dataworld.com\\\/de\\\/\",\"logo\":{\"@type\":\"ImageObject\",\"inLanguage\":\"de\",\"@id\":\"https:\\\/\\\/dataworld.com\\\/de\\\/#\\\/schema\\\/logo\\\/image\\\/\",\"url\":\"https:\\\/\\\/dataworld.com\\\/wp-content\\\/uploads\\\/2019\\\/11\\\/Quadrat.jpg\",\"contentUrl\":\"https:\\\/\\\/dataworld.com\\\/wp-content\\\/uploads\\\/2019\\\/11\\\/Quadrat.jpg\",\"width\":378,\"height\":378,\"caption\":\"Data Work Consulting AG\"},\"image\":{\"@id\":\"https:\\\/\\\/dataworld.com\\\/de\\\/#\\\/schema\\\/logo\\\/image\\\/\"},\"sameAs\":[\"https:\\\/\\\/www.facebook.com\\\/dataworldconsulting\\\/\",\"https:\\\/\\\/x.com\\\/dW_dataworld\"]}]}<\/script>\n<!-- \/ Yoast SEO plugin. -->","yoast_head_json":{"title":"Umstellung auf die QR-Rechnung - dataworld","description":"Ab dem 30. September 2022 ist es definitiv! - Alle Einzahlungsscheine in der Schweiz werden durch die QR-Rechnung oder eBill abgel\u00f6st.","robots":{"index":"index","follow":"follow","max-snippet":"max-snippet:-1","max-image-preview":"max-image-preview:large","max-video-preview":"max-video-preview:-1"},"canonical":"https:\/\/dataworld.com\/de\/qr-rechnung\/","og_locale":"de_DE","og_type":"article","og_title":"Umstellung auf die QR-Rechnung - dataworld","og_description":"Ab dem 30. September 2022 ist es definitiv! - Alle Einzahlungsscheine in der Schweiz werden durch die QR-Rechnung oder eBill abgel\u00f6st.","og_url":"https:\/\/dataworld.com\/de\/qr-rechnung\/","og_site_name":"dataworld","article_publisher":"https:\/\/www.facebook.com\/dataworldconsulting\/","article_modified_time":"2021-10-19T08:08:45+00:00","og_image":[{"url":"https:\/\/dataworld.com\/wp-content\/uploads\/2020\/06\/QR-Rechnung.jpg","type":"","width":"","height":""}],"twitter_card":"summary_large_image","twitter_site":"@dW_dataworld","twitter_misc":{"Gesch\u00e4tzte Lesezeit":"2\u00a0Minuten"},"schema":{"@context":"https:\/\/schema.org","@graph":[{"@type":"WebPage","@id":"https:\/\/dataworld.com\/de\/qr-rechnung\/","url":"https:\/\/dataworld.com\/de\/qr-rechnung\/","name":"Umstellung auf die QR-Rechnung - dataworld","isPartOf":{"@id":"https:\/\/dataworld.com\/de\/#website"},"primaryImageOfPage":{"@id":"https:\/\/dataworld.com\/de\/qr-rechnung\/#primaryimage"},"image":{"@id":"https:\/\/dataworld.com\/de\/qr-rechnung\/#primaryimage"},"thumbnailUrl":"https:\/\/dataworld.com\/wp-content\/uploads\/2020\/06\/QR-Rechnung.jpg","datePublished":"2020-06-23T15:13:06+00:00","dateModified":"2021-10-19T08:08:45+00:00","description":"Ab dem 30. September 2022 ist es definitiv! - Alle Einzahlungsscheine in der Schweiz werden durch die QR-Rechnung oder eBill abgel\u00f6st.","breadcrumb":{"@id":"https:\/\/dataworld.com\/de\/qr-rechnung\/#breadcrumb"},"inLanguage":"de","potentialAction":[{"@type":"ReadAction","target":["https:\/\/dataworld.com\/de\/qr-rechnung\/"]}]},{"@type":"ImageObject","inLanguage":"de","@id":"https:\/\/dataworld.com\/de\/qr-rechnung\/#primaryimage","url":"https:\/\/dataworld.com\/wp-content\/uploads\/2020\/06\/QR-Rechnung.jpg","contentUrl":"https:\/\/dataworld.com\/wp-content\/uploads\/2020\/06\/QR-Rechnung.jpg"},{"@type":"BreadcrumbList","@id":"https:\/\/dataworld.com\/de\/qr-rechnung\/#breadcrumb","itemListElement":[{"@type":"ListItem","position":1,"name":"Home","item":"https:\/\/dataworld.com\/de\/"},{"@type":"ListItem","position":2,"name":"QR-Rechnung"}]},{"@type":"WebSite","@id":"https:\/\/dataworld.com\/de\/#website","url":"https:\/\/dataworld.com\/de\/","name":"dataworld","description":"wir gestalten Ihre S4 Journey","publisher":{"@id":"https:\/\/dataworld.com\/de\/#organization"},"potentialAction":[{"@type":"SearchAction","target":{"@type":"EntryPoint","urlTemplate":"https:\/\/dataworld.com\/de\/?s={search_term_string}"},"query-input":{"@type":"PropertyValueSpecification","valueRequired":true,"valueName":"search_term_string"}}],"inLanguage":"de"},{"@type":"Organization","@id":"https:\/\/dataworld.com\/de\/#organization","name":"Data Work Consulting AG","url":"https:\/\/dataworld.com\/de\/","logo":{"@type":"ImageObject","inLanguage":"de","@id":"https:\/\/dataworld.com\/de\/#\/schema\/logo\/image\/","url":"https:\/\/dataworld.com\/wp-content\/uploads\/2019\/11\/Quadrat.jpg","contentUrl":"https:\/\/dataworld.com\/wp-content\/uploads\/2019\/11\/Quadrat.jpg","width":378,"height":378,"caption":"Data Work Consulting AG"},"image":{"@id":"https:\/\/dataworld.com\/de\/#\/schema\/logo\/image\/"},"sameAs":["https:\/\/www.facebook.com\/dataworldconsulting\/","https:\/\/x.com\/dW_dataworld"]}]}},"_links":{"self":[{"href":"https:\/\/dataworld.com\/de\/wp-json\/wp\/v2\/pages\/5496","targetHints":{"allow":["GET"]}}],"collection":[{"href":"https:\/\/dataworld.com\/de\/wp-json\/wp\/v2\/pages"}],"about":[{"href":"https:\/\/dataworld.com\/de\/wp-json\/wp\/v2\/types\/page"}],"author":[{"embeddable":true,"href":"https:\/\/dataworld.com\/de\/wp-json\/wp\/v2\/users\/1"}],"replies":[{"embeddable":true,"href":"https:\/\/dataworld.com\/de\/wp-json\/wp\/v2\/comments?post=5496"}],"version-history":[{"count":3,"href":"https:\/\/dataworld.com\/de\/wp-json\/wp\/v2\/pages\/5496\/revisions"}],"predecessor-version":[{"id":8127,"href":"https:\/\/dataworld.com\/de\/wp-json\/wp\/v2\/pages\/5496\/revisions\/8127"}],"wp:attachment":[{"href":"https:\/\/dataworld.com\/de\/wp-json\/wp\/v2\/media?parent=5496"}],"curies":[{"name":"wp","href":"https:\/\/api.w.org\/{rel}","templated":true}]}}