{"id":4411,"date":"2019-11-20T21:20:14","date_gmt":"2019-11-20T20:20:14","guid":{"rendered":"https:\/\/dataworld.com\/?page_id=4411"},"modified":"2020-10-02T13:29:00","modified_gmt":"2020-10-02T11:29:00","slug":"nuestro-compromiso","status":"publish","type":"page","link":"https:\/\/dataworld.com\/es\/compania\/nuestro-compromiso\/","title":{"rendered":"Nuestro compromiso"},"content":{"rendered":"<section class=\"kc-elm kc-css-116259 kc_row\"><div class=\"kc-row-container  kc-container\"><div class=\"kc-wrap-columns\"><div class=\"kc-elm kc-css-506961 kc_col-sm-12 kc_column kc_col-sm-12\"><div class=\"kc-col-container\">\n<div class=\"kc-elm kc-css-194358 kc-title-wrap \">\n\n\t<h1 class=\"kc_title\">Nuestra misi\u00f3n<\/h1>\n<\/div>\n<div class=\"kc-elm kc-css-10749\" style=\"height: 20px; clear: both; width:100%;\"><\/div><div class=\"kc-elm kc-css-291521 kc_text_block\"><\/p>\n<p>Como consultores de TI queremos<\/p>\n<ul>\n<li>Apoyar a nuestros clientes en su \u00e9xito con profesionalidad y soluciones excepcionales<\/li>\n<li>Junto con nuestros clientes, implementar nuestras soluciones de manera eficiente y efectiva<\/li>\n<li>Llevar los proyectos al \u00e9xito de forma sistem\u00e1tica y orientada a objetivos<\/li>\n<\/ul>\n<p>\n<\/div><div class=\"kc-elm kc-css-579620\" style=\"height: 40px; clear: both; width:100%;\"><\/div>\n<div class=\"kc-elm kc-css-74496 kc-title-wrap \">\n\n\t<h1 class=\"kc_title\">Principios de los empleados<\/h1>\n<\/div>\n<div class=\"kc-elm kc-css-467557\" style=\"height: 20px; clear: both; width:100%;\"><\/div><div class=\"kc-elm kc-css-797383 kc_text_block\"><\/p>\n<ul>\n<li>Cada empleado de dW se compromete personalmente a encontrar la mejor soluci\u00f3n posible al problema del cliente<\/li>\n<li>A trabajar en equipos interdisciplinares:\n<ul>\n<li>con el conocimiento requerido para dar soluci\u00f3n a las preguntas del cliente<\/li>\n<li>con clara responsabilidad hacia el cliente<\/li>\n<li>una estrecha organizaci\u00f3n de proyectos para dar soluciones orientadas al mercado y al cliente<\/li>\n<li>El compromiso del cliente y los procesos de aprendizaje<\/li>\n<\/ul>\n<\/li>\n<li>Al involucrar a nuestros clientes en el proceso de an\u00e1lisis y aplicaci\u00f3n creamos las condiciones para la realizaci\u00f3n r\u00e1pida y sostenible de los proyectos empresariales<\/li>\n<\/ul>\n<p>\n<\/div><div class=\"kc-elm kc-css-453563\" style=\"height: 40px; clear: both; width:100%;\"><\/div>\n<div class=\"kc-elm kc-css-172960 kc-title-wrap \">\n\n\t<h1 class=\"kc_title\">Compromiso<\/h1>\n<\/div>\n<div class=\"kc-elm kc-css-824543\" style=\"height: 20px; clear: both; width:100%;\"><\/div><div class=\"kc-elm kc-css-293018 kc_text_block\"><\/p>\n<p>A pesar de la gran competencia en una industria en r\u00e1pido crecimiento, estamos\u00a0<span style=\"font-style: inherit;\">siempre<\/span><span style=\"font-style: inherit;\">\u00a0interesdos en involucrarnos socialmente y aportar un valor a\u00f1adido a la sociedad.<\/span><\/p>\n<p><em>El autismo en el lugar de trabajo<\/em><br \/>\nAl igual que SAP y otras empresas de TI que ya han comenzado a hacerlo, estamos comprometidos a ayudar a las personas con el s\u00edndrome de Asperger.<\/p>\n<p><em>Formaci\u00f3n y apoyo a los aprendices<\/em><br \/>\nConsideramos que es una tarea importante formar a los aprendices y apoyarlos en su camino hacia el mundo profesional. Damos a los j\u00f3venes la oportunidad de adquirir nuestros diversos conocimientos y aprender de nuestras experiencias.<\/p>\n<p><em>Apoyo a los empleados durante la formaci\u00f3n<\/em><br \/>\n\u00a1Nunca se acaba lla escuela! Por eso no s\u00f3lo apoyamos a los empleados en la formaci\u00f3n continua, sino que tambi\u00e9n acompa\u00f1amos a los estudiantes durante sus estudios y trabajos trimestrales.<\/p>\n<p><em>C\u00e1mara Junior Internacional JCI Berna<\/em><br \/>\nLa JCI es una red internacional para j\u00f3venes gerentes y empresarios de la regi\u00f3n de Berna. A trav\u00e9s de su apoyo hacemos una importante contribuci\u00f3n a la promoci\u00f3n del esp\u00edritu empresarial local\u00a0(<a href=\"https:\/\/www.jci-bern.ch\">www.jci-bern.ch<\/a>)<\/p>\n<p>\n<\/div><div class=\"kc-elm kc-css-650187\" style=\"height: 40px; clear: both; width:100%;\"><\/div><\/div><\/div><\/div><\/div><\/section>\n","protected":false},"excerpt":{"rendered":"","protected":false},"author":2,"featured_media":0,"parent":2767,"menu_order":0,"comment_status":"closed","ping_status":"closed","template":"","meta":{"footnotes":""},"class_list":["post-4411","page","type-page","status-publish","hentry"],"yoast_head":"<!-- This site is optimized with the Yoast SEO plugin v27.3 - https:\/\/yoast.com\/product\/yoast-seo-wordpress\/ -->\n<title>Nuestro compromiso - dataworld<\/title>\n<meta name=\"robots\" content=\"index, follow, max-snippet:-1, max-image-preview:large, max-video-preview:-1\" \/>\n<link rel=\"canonical\" href=\"https:\/\/dataworld.com\/es\/compania\/nuestro-compromiso\/\" \/>\n<meta property=\"og:locale\" content=\"es_ES\" \/>\n<meta property=\"og:type\" content=\"article\" \/>\n<meta property=\"og:title\" content=\"Nuestro compromiso - dataworld\" \/>\n<meta property=\"og:description\" content=\"Nuestra misi\u00f3n Como consultores de TI queremos Apoyar a nuestros clientes en su \u00e9xito con profesionalidad y soluciones excepcionales Junto con nuestros clientes, implementar nuestras soluciones de manera eficiente y efectiva Llevar los proyectos al \u00e9xito de forma sistem\u00e1tica y orientada a objetivos Principios de los empleados Cada empleado de dW se compromete personalmente a [&hellip;]\" \/>\n<meta property=\"og:url\" content=\"https:\/\/dataworld.com\/es\/compania\/nuestro-compromiso\/\" \/>\n<meta property=\"og:site_name\" content=\"dataworld\" \/>\n<meta property=\"article:publisher\" content=\"https:\/\/www.facebook.com\/dataworldconsulting\/\" \/>\n<meta property=\"article:modified_time\" content=\"2020-10-02T11:29:00+00:00\" \/>\n<meta name=\"twitter:card\" content=\"summary_large_image\" \/>\n<meta name=\"twitter:site\" content=\"@dW_dataworld\" \/>\n<meta name=\"twitter:label1\" content=\"Tiempo de lectura\" \/>\n\t<meta name=\"twitter:data1\" content=\"2 minutos\" \/>\n<script type=\"application\/ld+json\" class=\"yoast-schema-graph\">{\"@context\":\"https:\\\/\\\/schema.org\",\"@graph\":[{\"@type\":\"WebPage\",\"@id\":\"https:\\\/\\\/dataworld.com\\\/es\\\/compania\\\/nuestro-compromiso\\\/\",\"url\":\"https:\\\/\\\/dataworld.com\\\/es\\\/compania\\\/nuestro-compromiso\\\/\",\"name\":\"Nuestro compromiso - dataworld\",\"isPartOf\":{\"@id\":\"https:\\\/\\\/dataworld.com\\\/es\\\/#website\"},\"datePublished\":\"2019-11-20T20:20:14+00:00\",\"dateModified\":\"2020-10-02T11:29:00+00:00\",\"breadcrumb\":{\"@id\":\"https:\\\/\\\/dataworld.com\\\/es\\\/compania\\\/nuestro-compromiso\\\/#breadcrumb\"},\"inLanguage\":\"es\",\"potentialAction\":[{\"@type\":\"ReadAction\",\"target\":[\"https:\\\/\\\/dataworld.com\\\/es\\\/compania\\\/nuestro-compromiso\\\/\"]}]},{\"@type\":\"BreadcrumbList\",\"@id\":\"https:\\\/\\\/dataworld.com\\\/es\\\/compania\\\/nuestro-compromiso\\\/#breadcrumb\",\"itemListElement\":[{\"@type\":\"ListItem\",\"position\":1,\"name\":\"Home\",\"item\":\"https:\\\/\\\/dataworld.com\\\/es\\\/\"},{\"@type\":\"ListItem\",\"position\":2,\"name\":\"Compa\u00f1\u00eda\",\"item\":\"https:\\\/\\\/dataworld.com\\\/es\\\/compania\\\/\"},{\"@type\":\"ListItem\",\"position\":3,\"name\":\"Nuestro compromiso\"}]},{\"@type\":\"WebSite\",\"@id\":\"https:\\\/\\\/dataworld.com\\\/es\\\/#website\",\"url\":\"https:\\\/\\\/dataworld.com\\\/es\\\/\",\"name\":\"dataworld\",\"description\":\"wir gestalten Ihre S4 Journey\",\"publisher\":{\"@id\":\"https:\\\/\\\/dataworld.com\\\/es\\\/#organization\"},\"potentialAction\":[{\"@type\":\"SearchAction\",\"target\":{\"@type\":\"EntryPoint\",\"urlTemplate\":\"https:\\\/\\\/dataworld.com\\\/es\\\/?s={search_term_string}\"},\"query-input\":{\"@type\":\"PropertyValueSpecification\",\"valueRequired\":true,\"valueName\":\"search_term_string\"}}],\"inLanguage\":\"es\"},{\"@type\":\"Organization\",\"@id\":\"https:\\\/\\\/dataworld.com\\\/es\\\/#organization\",\"name\":\"Data Work Consulting AG\",\"url\":\"https:\\\/\\\/dataworld.com\\\/es\\\/\",\"logo\":{\"@type\":\"ImageObject\",\"inLanguage\":\"es\",\"@id\":\"https:\\\/\\\/dataworld.com\\\/es\\\/#\\\/schema\\\/logo\\\/image\\\/\",\"url\":\"https:\\\/\\\/dataworld.com\\\/wp-content\\\/uploads\\\/2019\\\/11\\\/Quadrat.jpg\",\"contentUrl\":\"https:\\\/\\\/dataworld.com\\\/wp-content\\\/uploads\\\/2019\\\/11\\\/Quadrat.jpg\",\"width\":378,\"height\":378,\"caption\":\"Data Work Consulting AG\"},\"image\":{\"@id\":\"https:\\\/\\\/dataworld.com\\\/es\\\/#\\\/schema\\\/logo\\\/image\\\/\"},\"sameAs\":[\"https:\\\/\\\/www.facebook.com\\\/dataworldconsulting\\\/\",\"https:\\\/\\\/x.com\\\/dW_dataworld\"]}]}<\/script>\n<!-- \/ Yoast SEO plugin. -->","yoast_head_json":{"title":"Nuestro compromiso - dataworld","robots":{"index":"index","follow":"follow","max-snippet":"max-snippet:-1","max-image-preview":"max-image-preview:large","max-video-preview":"max-video-preview:-1"},"canonical":"https:\/\/dataworld.com\/es\/compania\/nuestro-compromiso\/","og_locale":"es_ES","og_type":"article","og_title":"Nuestro compromiso - dataworld","og_description":"Nuestra misi\u00f3n Como consultores de TI queremos Apoyar a nuestros clientes en su \u00e9xito con profesionalidad y soluciones excepcionales Junto con nuestros clientes, implementar nuestras soluciones de manera eficiente y efectiva Llevar los proyectos al \u00e9xito de forma sistem\u00e1tica y orientada a objetivos Principios de los empleados Cada empleado de dW se compromete personalmente a [&hellip;]","og_url":"https:\/\/dataworld.com\/es\/compania\/nuestro-compromiso\/","og_site_name":"dataworld","article_publisher":"https:\/\/www.facebook.com\/dataworldconsulting\/","article_modified_time":"2020-10-02T11:29:00+00:00","twitter_card":"summary_large_image","twitter_site":"@dW_dataworld","twitter_misc":{"Tiempo de lectura":"2 minutos"},"schema":{"@context":"https:\/\/schema.org","@graph":[{"@type":"WebPage","@id":"https:\/\/dataworld.com\/es\/compania\/nuestro-compromiso\/","url":"https:\/\/dataworld.com\/es\/compania\/nuestro-compromiso\/","name":"Nuestro compromiso - dataworld","isPartOf":{"@id":"https:\/\/dataworld.com\/es\/#website"},"datePublished":"2019-11-20T20:20:14+00:00","dateModified":"2020-10-02T11:29:00+00:00","breadcrumb":{"@id":"https:\/\/dataworld.com\/es\/compania\/nuestro-compromiso\/#breadcrumb"},"inLanguage":"es","potentialAction":[{"@type":"ReadAction","target":["https:\/\/dataworld.com\/es\/compania\/nuestro-compromiso\/"]}]},{"@type":"BreadcrumbList","@id":"https:\/\/dataworld.com\/es\/compania\/nuestro-compromiso\/#breadcrumb","itemListElement":[{"@type":"ListItem","position":1,"name":"Home","item":"https:\/\/dataworld.com\/es\/"},{"@type":"ListItem","position":2,"name":"Compa\u00f1\u00eda","item":"https:\/\/dataworld.com\/es\/compania\/"},{"@type":"ListItem","position":3,"name":"Nuestro compromiso"}]},{"@type":"WebSite","@id":"https:\/\/dataworld.com\/es\/#website","url":"https:\/\/dataworld.com\/es\/","name":"dataworld","description":"wir gestalten Ihre S4 Journey","publisher":{"@id":"https:\/\/dataworld.com\/es\/#organization"},"potentialAction":[{"@type":"SearchAction","target":{"@type":"EntryPoint","urlTemplate":"https:\/\/dataworld.com\/es\/?s={search_term_string}"},"query-input":{"@type":"PropertyValueSpecification","valueRequired":true,"valueName":"search_term_string"}}],"inLanguage":"es"},{"@type":"Organization","@id":"https:\/\/dataworld.com\/es\/#organization","name":"Data Work Consulting AG","url":"https:\/\/dataworld.com\/es\/","logo":{"@type":"ImageObject","inLanguage":"es","@id":"https:\/\/dataworld.com\/es\/#\/schema\/logo\/image\/","url":"https:\/\/dataworld.com\/wp-content\/uploads\/2019\/11\/Quadrat.jpg","contentUrl":"https:\/\/dataworld.com\/wp-content\/uploads\/2019\/11\/Quadrat.jpg","width":378,"height":378,"caption":"Data Work Consulting AG"},"image":{"@id":"https:\/\/dataworld.com\/es\/#\/schema\/logo\/image\/"},"sameAs":["https:\/\/www.facebook.com\/dataworldconsulting\/","https:\/\/x.com\/dW_dataworld"]}]}},"_links":{"self":[{"href":"https:\/\/dataworld.com\/es\/wp-json\/wp\/v2\/pages\/4411","targetHints":{"allow":["GET"]}}],"collection":[{"href":"https:\/\/dataworld.com\/es\/wp-json\/wp\/v2\/pages"}],"about":[{"href":"https:\/\/dataworld.com\/es\/wp-json\/wp\/v2\/types\/page"}],"author":[{"embeddable":true,"href":"https:\/\/dataworld.com\/es\/wp-json\/wp\/v2\/users\/2"}],"replies":[{"embeddable":true,"href":"https:\/\/dataworld.com\/es\/wp-json\/wp\/v2\/comments?post=4411"}],"version-history":[{"count":9,"href":"https:\/\/dataworld.com\/es\/wp-json\/wp\/v2\/pages\/4411\/revisions"}],"predecessor-version":[{"id":5203,"href":"https:\/\/dataworld.com\/es\/wp-json\/wp\/v2\/pages\/4411\/revisions\/5203"}],"up":[{"embeddable":true,"href":"https:\/\/dataworld.com\/es\/wp-json\/wp\/v2\/pages\/2767"}],"wp:attachment":[{"href":"https:\/\/dataworld.com\/es\/wp-json\/wp\/v2\/media?parent=4411"}],"curies":[{"name":"wp","href":"https:\/\/api.w.org\/{rel}","templated":true}]}}