{"id":4417,"date":"2019-11-04T18:35:11","date_gmt":"2019-11-04T17:35:11","guid":{"rendered":"https:\/\/dataworld.com\/?page_id=4417"},"modified":"2025-08-19T10:46:07","modified_gmt":"2025-08-19T08:46:07","slug":"nuestra-gestion","status":"publish","type":"page","link":"https:\/\/dataworld.com\/es\/compania\/nuestra-gestion\/","title":{"rendered":"Nuestra gesti\u00f3n"},"content":{"rendered":"<p><section class=\"kc-elm kc-css-820871 kc_row\"><div class=\"kc-row-container  kc-container\"><div class=\"kc-wrap-columns\"><div class=\"kc-elm kc-css-183453 kc_col-sm-12 kc_column kc_col-sm-12\"><div class=\"kc-col-container\"><div class=\"kc-elm kc-css-585724 kc-raw-code\">\n\t\t\t<!-- START Our management ES REVOLUTION SLIDER 6.7.41 --><p class=\"rs-p-wp-fix\"><\/p>\n\t\t\t<rs-module-wrap id=\"rev_slider_145_1_wrapper\" data-source=\"gallery\" style=\"visibility:hidden;background:#b3b3aa;padding:0;margin:0px auto;margin-top:0;margin-bottom:0;\">\n\t\t\t\t<rs-module id=\"rev_slider_145_1\" style=\"\" data-version=\"6.7.41\">\n\t\t\t\t\t<rs-slides style=\"overflow: hidden; position: absolute;\">\n\t\t\t\t\t\t<rs-slide style=\"position: absolute;\" data-key=\"rs-228\" data-title=\"Slide\" data-anim=\"ms:1000;r:0;\" data-in=\"o:0;\" data-out=\"a:false;\">\n\t\t\t\t\t\t\t<img decoding=\"async\" src=\"\/\/dataworld.com\/wp-content\/plugins\/revslider\/sr6\/assets\/assets\/dummy.png\" alt=\"Slide\" title=\"Nuestra gesti\u00f3n\" class=\"rev-slidebg tp-rs-img rs-lazyload\" data-lazyload=\"\/\/dataworld.com\/wp-content\/plugins\/revslider\/sr6\/assets\/assets\/transparent.png\" data-bg=\"c:#b3b3aa;\" data-no-retina>\n<!--\n\t\t\t\t\t\t\t--><rs-layer\n\t\t\t\t\t\t\t\tid=\"slider-145-slide-228-layer-0\" \n\t\t\t\t\t\t\t\tdata-type=\"text\"\n\t\t\t\t\t\t\t\tdata-rsp_ch=\"on\"\n\t\t\t\t\t\t\t\tdata-xy=\"x:c;yo:100px,82px,62px,38px;\"\n\t\t\t\t\t\t\t\tdata-text=\"w:normal;l:22,18,13,8;\"\n\t\t\t\t\t\t\t\tdata-frame_999=\"o:0;st:w;\"\n\t\t\t\t\t\t\t\tstyle=\"z-index:5;font-family:'Raleway';\"\n\t\t\t\t\t\t\t>NUESTRA GESTI\u00d3N \n\t\t\t\t\t\t\t<\/rs-layer><!--\n\n\t\t\t\t\t\t\t--><rs-layer\n\t\t\t\t\t\t\t\tid=\"slider-145-slide-228-layer-1\" \n\t\t\t\t\t\t\t\tdata-type=\"text\"\n\t\t\t\t\t\t\t\tdata-rsp_ch=\"on\"\n\t\t\t\t\t\t\t\tdata-xy=\"x:c;yo:155px,128px,97px,59px;\"\n\t\t\t\t\t\t\t\tdata-text=\"w:normal;s:40,33,25,15;l:40,33,25,15;fw:700;\"\n\t\t\t\t\t\t\t\tdata-frame_999=\"o:0;st:w;\"\n\t\t\t\t\t\t\t\tstyle=\"z-index:6;font-family:'Roboto';\"\n\t\t\t\t\t\t\t>Estamos a su disposici\u00f3n para sus preocupaciones \n\t\t\t\t\t\t\t<\/rs-layer><!--\n-->\t\t\t\t\t<\/rs-slide>\n\t\t\t\t\t<\/rs-slides>\n\t\t\t\t<\/rs-module>\n\t\t\t\t<script>\n\t\t\t\t\tsetREVStartSize({c: 'rev_slider_145_1',rl:[1240,1024,778,480],el:[300,768,960,720],gw:[1240,1024,778,480],gh:[300,330,251,155],type:'standard',justify:'',layout:'fullwidth',mh:\"0\"});if (window.RS_MODULES!==undefined && window.RS_MODULES.modules!==undefined && window.RS_MODULES.modules[\"revslider1451\"]!==undefined) {window.RS_MODULES.modules[\"revslider1451\"].once = false;window.revapi145 = undefined;if (window.RS_MODULES.checkMinimal!==undefined) window.RS_MODULES.checkMinimal()}\n\t\t\t\t<\/script>\n\t\t\t<\/rs-module-wrap>\n\t\t\t<!-- END REVOLUTION SLIDER -->\n<\/div><div class=\"kc-elm kc-css-372320\" style=\"height: 80px; clear: both; width:100%;\"><\/div><\/div><\/div><\/div><\/div><\/section><section class=\"kc-elm kc-css-877063 kc_row\"><div class=\"kc-row-container  kc-container\"><div class=\"kc-wrap-columns\"><div class=\"kc-elm kc-css-724830 kc_col-sm-6 kc_column kc_col-sm-6\"><div class=\"kc-col-container\">\n<div class=\"kc-elm kc-css-308652 kc-team kc-team-1\">\n\n\t<figure class=\"content-image\"><img decoding=\"async\" src=\"https:\/\/dataworld.com\/wp-content\/uploads\/2019\/11\/3F0A1153.jpg\" alt=\"\"><\/figure><div class=\"content-title\">Christian Bl\u00e4uenstein<\/div><div class=\"content-subtitle\">CEO<\/div><div class=\"content-desc\">Le encanta analizar temas complejos y transformarlos en procesos que sean lo m\u00e1s simples posibles.<\/div><div class=\"content-socials\"><a href=\"https:\/\/www.facebook.com\/dataworldconsulting\/\" target=\"_blank\"><i class=\"fab-facebook-f\"><\/i><\/a><a href=\"https:\/\/twitter.com\/ChBlaeuenstein\" target=\"_blank\"><i class=\"fab-twitter\"><\/i><\/a><a href=\"https:\/\/www.linkedin.com\/in\/christianblaeuenstein\/\" target=\"_blank\"><i class=\"fab-linkedin-in\"><\/i><\/a><a href=\"https:\/\/www.instagram.com\/dw_dataworld\/?hl=de\" target=\"_blank\"><i class=\"fab-instagram\"><\/i><\/a><a href=\"mailto:christian.blaeuenstein@dataworld.com\" target=\"_blank\"><i class=\"fa-envelope\"><\/i><\/a><\/div>\n<\/div>\n<div class=\"kc-elm kc-css-620369\" style=\"height: 30px; clear: both; width:100%;\"><\/div>\n<div class=\"kc-elm kc-css-875068 kc-team kc-team-1\">\n\n\t<figure class=\"content-image\"><img decoding=\"async\" src=\"https:\/\/dataworld.com\/wp-content\/uploads\/2022\/08\/iha_website_v1.2.jpg\" alt=\"\"><\/figure><div class=\"content-title\">Ismael Hares<\/div><div class=\"content-subtitle\">Head of Sales<\/div><div class=\"content-desc\">Conciliar los procesos y la documentaci\u00f3n es un reto complejo. Como jefe de ventas, apoyo a los clientes en su camino hacia una empresa sin papel, de forma sostenible y eficiente.\r\n<\/div><div class=\"content-socials\"><a href=\"https:\/\/www.facebook.com\/dataworldconsulting\/\" target=\"_blank\"><i class=\"fab-facebook-f\"><\/i><\/a><a href=\"https:\/\/twitter.com\/dW_dataworld\" target=\"_blank\"><i class=\"fab-twitter\"><\/i><\/a><a href=\"https:\/\/www.linkedin.com\/in\/ismaelhares\/\" target=\"_blank\"><i class=\"fab-linkedin-in\"><\/i><\/a><a href=\"https:\/\/www.instagram.com\/dw_dataworld\/?hl=de\" target=\"_blank\"><i class=\"fab-instagram\"><\/i><\/a><a href=\"mailto:sales@dataworld.com\" target=\"_blank\"><i class=\"fa-envelope\"><\/i><\/a><\/div>\n<\/div>\n<div class=\"kc-elm kc-css-857411\" style=\"height: 30px; clear: both; width:100%;\"><\/div><\/div><\/div><div class=\"kc-elm kc-css-210613 kc_col-sm-6 kc_column kc_col-sm-6\"><div class=\"kc-col-container\">\n<div class=\"kc-elm kc-css-648340 kc-team kc-team-1\">\n\n\t<figure class=\"content-image\"><img decoding=\"async\" src=\"https:\/\/dataworld.com\/wp-content\/uploads\/2019\/11\/3F0A1138.jpg\" alt=\"\"><\/figure><div class=\"content-title\">Gianni Antenna<\/div><div class=\"content-subtitle\">Gerente de Desarrollo<\/div><div class=\"content-desc\">Como Gerente de Desarrollo est\u00e1 fascinado con el proceso de nuevas soluciones y su implementaci\u00f3n.<\/div><div class=\"content-socials\"><a href=\"https:\/\/www.facebook.com\/dataworldconsulting\/\" target=\"_blank\"><i class=\"fab-facebook-f\"><\/i><\/a><a href=\"https:\/\/twitter.com\/dW_dataworld\" target=\"_blank\"><i class=\"fab-twitter\"><\/i><\/a><a href=\"https:\/\/www.linkedin.com\/company\/815386\/\" target=\"_blank\"><i class=\"fab-linkedin-in\"><\/i><\/a><a href=\"https:\/\/www.instagram.com\/dw_dataworld\/?hl=de\" target=\"_blank\"><i class=\"fab-instagram\"><\/i><\/a><a href=\"mailto:gianni.antenna@dataworld.com\" target=\"_blank\"><i class=\"fa-envelope\"><\/i><\/a><\/div>\n<\/div>\n<div class=\"kc-elm kc-css-452800\" style=\"height: 30px; clear: both; width:100%;\"><\/div>\n<div class=\"kc-elm kc-css-219504 kc-team kc-team-1\">\n\n\t<figure class=\"content-image\"><img decoding=\"async\" src=\"https:\/\/dataworld.com\/wp-content\/uploads\/2020\/08\/shetty.png\" alt=\"\"><\/figure><div class=\"content-title\">Anisha Shetty<\/div><div class=\"content-subtitle\">Gerente de Cuentas<\/div><div class=\"content-desc\">\r\n<\/div><div class=\"content-socials\"><a href=\"https:\/\/www.facebook.com\/dataworldconsulting\/\" target=\"_blank\"><i class=\"fab-facebook-f\"><\/i><\/a><a href=\"https:\/\/twitter.com\/dW_dataworld\" target=\"_blank\"><i class=\"fab-twitter\"><\/i><\/a><a href=\"https:\/\/www.linkedin.com\/in\/anisha-shetty-90875a4b\/\" target=\"_blank\"><i class=\"fab-linkedin-in\"><\/i><\/a><a href=\"https:\/\/www.instagram.com\/dw_dataworld\/?hl=de\" target=\"_blank\"><i class=\"fab-instagram\"><\/i><\/a><a href=\"mailto:Anisha.Shetty@dataworld.com\" target=\"_blank\"><i class=\"fa-envelope\"><\/i><\/a><\/div>\n<\/div>\n<div class=\"kc-elm kc-css-388103\" style=\"height: 30px; clear: both; width:100%;\"><\/div><\/div><\/div><\/div><\/div><\/section><\/p>\n","protected":false},"excerpt":{"rendered":"","protected":false},"author":2,"featured_media":0,"parent":2767,"menu_order":0,"comment_status":"closed","ping_status":"closed","template":"","meta":{"footnotes":""},"class_list":["post-4417","page","type-page","status-publish","hentry"],"yoast_head":"<!-- This site is optimized with the Yoast SEO plugin v27.3 - https:\/\/yoast.com\/product\/yoast-seo-wordpress\/ -->\n<title>Nuestra gesti\u00f3n - dataworld<\/title>\n<meta name=\"robots\" content=\"index, follow, max-snippet:-1, max-image-preview:large, max-video-preview:-1\" \/>\n<link rel=\"canonical\" href=\"https:\/\/dataworld.com\/es\/compania\/nuestra-gestion\/\" \/>\n<meta property=\"og:locale\" content=\"es_ES\" \/>\n<meta property=\"og:type\" content=\"article\" \/>\n<meta property=\"og:title\" content=\"Nuestra gesti\u00f3n - dataworld\" \/>\n<meta property=\"og:description\" content=\"Christian Bl\u00e4uenstein CEO Le encanta analizar temas complejos y transformarlos en procesos que sean lo m\u00e1s simples posibles. Ismael Hares Head of Sales Conciliar los procesos y la documentaci\u00f3n es un reto complejo. Como jefe de ventas, apoyo a los clientes en su camino hacia una empresa sin papel, de forma sostenible y eficiente. Gianni [&hellip;]\" \/>\n<meta property=\"og:url\" content=\"https:\/\/dataworld.com\/es\/compania\/nuestra-gestion\/\" \/>\n<meta property=\"og:site_name\" content=\"dataworld\" \/>\n<meta property=\"article:publisher\" content=\"https:\/\/www.facebook.com\/dataworldconsulting\/\" \/>\n<meta property=\"article:modified_time\" content=\"2025-08-19T08:46:07+00:00\" \/>\n<meta property=\"og:image\" content=\"https:\/\/dataworld.com\/wp-content\/uploads\/2019\/11\/3F0A1153.jpg\" \/>\n<meta name=\"twitter:card\" content=\"summary_large_image\" \/>\n<meta name=\"twitter:site\" content=\"@dW_dataworld\" \/>\n<meta name=\"twitter:label1\" content=\"Tiempo de lectura\" \/>\n\t<meta name=\"twitter:data1\" content=\"1 minuto\" \/>\n<script type=\"application\/ld+json\" class=\"yoast-schema-graph\">{\"@context\":\"https:\\\/\\\/schema.org\",\"@graph\":[{\"@type\":\"WebPage\",\"@id\":\"https:\\\/\\\/dataworld.com\\\/es\\\/compania\\\/nuestra-gestion\\\/\",\"url\":\"https:\\\/\\\/dataworld.com\\\/es\\\/compania\\\/nuestra-gestion\\\/\",\"name\":\"Nuestra gesti\u00f3n - dataworld\",\"isPartOf\":{\"@id\":\"https:\\\/\\\/dataworld.com\\\/es\\\/#website\"},\"primaryImageOfPage\":{\"@id\":\"https:\\\/\\\/dataworld.com\\\/es\\\/compania\\\/nuestra-gestion\\\/#primaryimage\"},\"image\":{\"@id\":\"https:\\\/\\\/dataworld.com\\\/es\\\/compania\\\/nuestra-gestion\\\/#primaryimage\"},\"thumbnailUrl\":\"https:\\\/\\\/dataworld.com\\\/wp-content\\\/uploads\\\/2019\\\/11\\\/3F0A1153.jpg\",\"datePublished\":\"2019-11-04T17:35:11+00:00\",\"dateModified\":\"2025-08-19T08:46:07+00:00\",\"breadcrumb\":{\"@id\":\"https:\\\/\\\/dataworld.com\\\/es\\\/compania\\\/nuestra-gestion\\\/#breadcrumb\"},\"inLanguage\":\"es\",\"potentialAction\":[{\"@type\":\"ReadAction\",\"target\":[\"https:\\\/\\\/dataworld.com\\\/es\\\/compania\\\/nuestra-gestion\\\/\"]}]},{\"@type\":\"ImageObject\",\"inLanguage\":\"es\",\"@id\":\"https:\\\/\\\/dataworld.com\\\/es\\\/compania\\\/nuestra-gestion\\\/#primaryimage\",\"url\":\"https:\\\/\\\/dataworld.com\\\/wp-content\\\/uploads\\\/2019\\\/11\\\/3F0A1153.jpg\",\"contentUrl\":\"https:\\\/\\\/dataworld.com\\\/wp-content\\\/uploads\\\/2019\\\/11\\\/3F0A1153.jpg\"},{\"@type\":\"BreadcrumbList\",\"@id\":\"https:\\\/\\\/dataworld.com\\\/es\\\/compania\\\/nuestra-gestion\\\/#breadcrumb\",\"itemListElement\":[{\"@type\":\"ListItem\",\"position\":1,\"name\":\"Home\",\"item\":\"https:\\\/\\\/dataworld.com\\\/es\\\/\"},{\"@type\":\"ListItem\",\"position\":2,\"name\":\"Compa\u00f1\u00eda\",\"item\":\"https:\\\/\\\/dataworld.com\\\/es\\\/compania\\\/\"},{\"@type\":\"ListItem\",\"position\":3,\"name\":\"Nuestra gesti\u00f3n\"}]},{\"@type\":\"WebSite\",\"@id\":\"https:\\\/\\\/dataworld.com\\\/es\\\/#website\",\"url\":\"https:\\\/\\\/dataworld.com\\\/es\\\/\",\"name\":\"dataworld\",\"description\":\"wir gestalten Ihre S4 Journey\",\"publisher\":{\"@id\":\"https:\\\/\\\/dataworld.com\\\/es\\\/#organization\"},\"potentialAction\":[{\"@type\":\"SearchAction\",\"target\":{\"@type\":\"EntryPoint\",\"urlTemplate\":\"https:\\\/\\\/dataworld.com\\\/es\\\/?s={search_term_string}\"},\"query-input\":{\"@type\":\"PropertyValueSpecification\",\"valueRequired\":true,\"valueName\":\"search_term_string\"}}],\"inLanguage\":\"es\"},{\"@type\":\"Organization\",\"@id\":\"https:\\\/\\\/dataworld.com\\\/es\\\/#organization\",\"name\":\"Data Work Consulting AG\",\"url\":\"https:\\\/\\\/dataworld.com\\\/es\\\/\",\"logo\":{\"@type\":\"ImageObject\",\"inLanguage\":\"es\",\"@id\":\"https:\\\/\\\/dataworld.com\\\/es\\\/#\\\/schema\\\/logo\\\/image\\\/\",\"url\":\"https:\\\/\\\/dataworld.com\\\/wp-content\\\/uploads\\\/2019\\\/11\\\/Quadrat.jpg\",\"contentUrl\":\"https:\\\/\\\/dataworld.com\\\/wp-content\\\/uploads\\\/2019\\\/11\\\/Quadrat.jpg\",\"width\":378,\"height\":378,\"caption\":\"Data Work Consulting AG\"},\"image\":{\"@id\":\"https:\\\/\\\/dataworld.com\\\/es\\\/#\\\/schema\\\/logo\\\/image\\\/\"},\"sameAs\":[\"https:\\\/\\\/www.facebook.com\\\/dataworldconsulting\\\/\",\"https:\\\/\\\/x.com\\\/dW_dataworld\"]}]}<\/script>\n<!-- \/ Yoast SEO plugin. -->","yoast_head_json":{"title":"Nuestra gesti\u00f3n - dataworld","robots":{"index":"index","follow":"follow","max-snippet":"max-snippet:-1","max-image-preview":"max-image-preview:large","max-video-preview":"max-video-preview:-1"},"canonical":"https:\/\/dataworld.com\/es\/compania\/nuestra-gestion\/","og_locale":"es_ES","og_type":"article","og_title":"Nuestra gesti\u00f3n - dataworld","og_description":"Christian Bl\u00e4uenstein CEO Le encanta analizar temas complejos y transformarlos en procesos que sean lo m\u00e1s simples posibles. Ismael Hares Head of Sales Conciliar los procesos y la documentaci\u00f3n es un reto complejo. Como jefe de ventas, apoyo a los clientes en su camino hacia una empresa sin papel, de forma sostenible y eficiente. Gianni [&hellip;]","og_url":"https:\/\/dataworld.com\/es\/compania\/nuestra-gestion\/","og_site_name":"dataworld","article_publisher":"https:\/\/www.facebook.com\/dataworldconsulting\/","article_modified_time":"2025-08-19T08:46:07+00:00","og_image":[{"url":"https:\/\/dataworld.com\/wp-content\/uploads\/2019\/11\/3F0A1153.jpg","type":"","width":"","height":""}],"twitter_card":"summary_large_image","twitter_site":"@dW_dataworld","twitter_misc":{"Tiempo de lectura":"1 minuto"},"schema":{"@context":"https:\/\/schema.org","@graph":[{"@type":"WebPage","@id":"https:\/\/dataworld.com\/es\/compania\/nuestra-gestion\/","url":"https:\/\/dataworld.com\/es\/compania\/nuestra-gestion\/","name":"Nuestra gesti\u00f3n - dataworld","isPartOf":{"@id":"https:\/\/dataworld.com\/es\/#website"},"primaryImageOfPage":{"@id":"https:\/\/dataworld.com\/es\/compania\/nuestra-gestion\/#primaryimage"},"image":{"@id":"https:\/\/dataworld.com\/es\/compania\/nuestra-gestion\/#primaryimage"},"thumbnailUrl":"https:\/\/dataworld.com\/wp-content\/uploads\/2019\/11\/3F0A1153.jpg","datePublished":"2019-11-04T17:35:11+00:00","dateModified":"2025-08-19T08:46:07+00:00","breadcrumb":{"@id":"https:\/\/dataworld.com\/es\/compania\/nuestra-gestion\/#breadcrumb"},"inLanguage":"es","potentialAction":[{"@type":"ReadAction","target":["https:\/\/dataworld.com\/es\/compania\/nuestra-gestion\/"]}]},{"@type":"ImageObject","inLanguage":"es","@id":"https:\/\/dataworld.com\/es\/compania\/nuestra-gestion\/#primaryimage","url":"https:\/\/dataworld.com\/wp-content\/uploads\/2019\/11\/3F0A1153.jpg","contentUrl":"https:\/\/dataworld.com\/wp-content\/uploads\/2019\/11\/3F0A1153.jpg"},{"@type":"BreadcrumbList","@id":"https:\/\/dataworld.com\/es\/compania\/nuestra-gestion\/#breadcrumb","itemListElement":[{"@type":"ListItem","position":1,"name":"Home","item":"https:\/\/dataworld.com\/es\/"},{"@type":"ListItem","position":2,"name":"Compa\u00f1\u00eda","item":"https:\/\/dataworld.com\/es\/compania\/"},{"@type":"ListItem","position":3,"name":"Nuestra gesti\u00f3n"}]},{"@type":"WebSite","@id":"https:\/\/dataworld.com\/es\/#website","url":"https:\/\/dataworld.com\/es\/","name":"dataworld","description":"wir gestalten Ihre S4 Journey","publisher":{"@id":"https:\/\/dataworld.com\/es\/#organization"},"potentialAction":[{"@type":"SearchAction","target":{"@type":"EntryPoint","urlTemplate":"https:\/\/dataworld.com\/es\/?s={search_term_string}"},"query-input":{"@type":"PropertyValueSpecification","valueRequired":true,"valueName":"search_term_string"}}],"inLanguage":"es"},{"@type":"Organization","@id":"https:\/\/dataworld.com\/es\/#organization","name":"Data Work Consulting AG","url":"https:\/\/dataworld.com\/es\/","logo":{"@type":"ImageObject","inLanguage":"es","@id":"https:\/\/dataworld.com\/es\/#\/schema\/logo\/image\/","url":"https:\/\/dataworld.com\/wp-content\/uploads\/2019\/11\/Quadrat.jpg","contentUrl":"https:\/\/dataworld.com\/wp-content\/uploads\/2019\/11\/Quadrat.jpg","width":378,"height":378,"caption":"Data Work Consulting AG"},"image":{"@id":"https:\/\/dataworld.com\/es\/#\/schema\/logo\/image\/"},"sameAs":["https:\/\/www.facebook.com\/dataworldconsulting\/","https:\/\/x.com\/dW_dataworld"]}]}},"_links":{"self":[{"href":"https:\/\/dataworld.com\/es\/wp-json\/wp\/v2\/pages\/4417","targetHints":{"allow":["GET"]}}],"collection":[{"href":"https:\/\/dataworld.com\/es\/wp-json\/wp\/v2\/pages"}],"about":[{"href":"https:\/\/dataworld.com\/es\/wp-json\/wp\/v2\/types\/page"}],"author":[{"embeddable":true,"href":"https:\/\/dataworld.com\/es\/wp-json\/wp\/v2\/users\/2"}],"replies":[{"embeddable":true,"href":"https:\/\/dataworld.com\/es\/wp-json\/wp\/v2\/comments?post=4417"}],"version-history":[{"count":10,"href":"https:\/\/dataworld.com\/es\/wp-json\/wp\/v2\/pages\/4417\/revisions"}],"predecessor-version":[{"id":22595,"href":"https:\/\/dataworld.com\/es\/wp-json\/wp\/v2\/pages\/4417\/revisions\/22595"}],"up":[{"embeddable":true,"href":"https:\/\/dataworld.com\/es\/wp-json\/wp\/v2\/pages\/2767"}],"wp:attachment":[{"href":"https:\/\/dataworld.com\/es\/wp-json\/wp\/v2\/media?parent=4417"}],"curies":[{"name":"wp","href":"https:\/\/api.w.org\/{rel}","templated":true}]}}