{"id":4450,"date":"2019-11-05T21:11:35","date_gmt":"2019-11-05T20:11:35","guid":{"rendered":"https:\/\/dataworld.com\/?page_id=4450"},"modified":"2023-05-30T12:33:49","modified_gmt":"2023-05-30T10:33:49","slug":"servicios-de-consultoria-de-sap-opentext","status":"publish","type":"page","link":"https:\/\/dataworld.com\/es\/servicios\/servicios-de-consultoria-de-sap-opentext\/","title":{"rendered":"Servicios de consultor\u00eda de SAP \/ OpenText"},"content":{"rendered":"<p><section class=\"kc-elm kc-css-75825 kc_row\"><div class=\"kc-row-container  kc-container\"><div class=\"kc-wrap-columns\"><div class=\"kc-elm kc-css-403532 kc_col-sm-12 kc_column kc_col-sm-12\"><div class=\"kc-col-container\"><div class=\"kc-elm kc-css-718350 kc-raw-code\">\n\t\t\t<!-- START Consulting ES REVOLUTION SLIDER 6.7.41 --><p class=\"rs-p-wp-fix\"><\/p>\n\t\t\t<rs-module-wrap id=\"rev_slider_140_1_wrapper\" data-source=\"gallery\" style=\"visibility:hidden;background:#b3b3aa;padding:0;margin:0px auto;margin-top:0;margin-bottom:0;\">\n\t\t\t\t<rs-module id=\"rev_slider_140_1\" style=\"\" data-version=\"6.7.41\">\n\t\t\t\t\t<rs-slides style=\"overflow: hidden; position: absolute;\">\n\t\t\t\t\t\t<rs-slide style=\"position: absolute;\" data-key=\"rs-223\" data-title=\"Slide\" data-anim=\"ms:1000;r:0;\" data-in=\"o:0;\" data-out=\"a:false;\">\n\t\t\t\t\t\t\t<img decoding=\"async\" src=\"\/\/dataworld.com\/wp-content\/plugins\/revslider\/sr6\/assets\/assets\/dummy.png\" alt=\"Slide\" title=\"Servicios de consultor\u00eda de SAP \/ OpenText\" class=\"rev-slidebg tp-rs-img rs-lazyload\" data-lazyload=\"\/\/dataworld.com\/wp-content\/plugins\/revslider\/sr6\/assets\/assets\/transparent.png\" data-bg=\"c:#b3b3aa;\" data-no-retina>\n<!--\n\t\t\t\t\t\t\t--><rs-layer\n\t\t\t\t\t\t\t\tid=\"slider-140-slide-223-layer-0\" \n\t\t\t\t\t\t\t\tdata-type=\"text\"\n\t\t\t\t\t\t\t\tdata-rsp_ch=\"on\"\n\t\t\t\t\t\t\t\tdata-xy=\"x:c;yo:100px,82px,62px,38px;\"\n\t\t\t\t\t\t\t\tdata-text=\"w:normal;l:22,18,13,8;\"\n\t\t\t\t\t\t\t\tdata-frame_999=\"o:0;st:w;\"\n\t\t\t\t\t\t\t\tstyle=\"z-index:5;font-family:'Raleway';\"\n\t\t\t\t\t\t\t>L\u00cdNEAS DE CONSULTA SAP \/ OPENTEXT \n\t\t\t\t\t\t\t<\/rs-layer><!--\n\n\t\t\t\t\t\t\t--><rs-layer\n\t\t\t\t\t\t\t\tid=\"slider-140-slide-223-layer-1\" \n\t\t\t\t\t\t\t\tdata-type=\"text\"\n\t\t\t\t\t\t\t\tdata-rsp_ch=\"on\"\n\t\t\t\t\t\t\t\tdata-xy=\"x:c;yo:155px,128px,97px,59px;\"\n\t\t\t\t\t\t\t\tdata-text=\"w:normal;s:40,33,25,15;l:40,33,25,15;fw:700;\"\n\t\t\t\t\t\t\t\tdata-frame_999=\"o:0;st:w;\"\n\t\t\t\t\t\t\t\tstyle=\"z-index:6;font-family:'Roboto';\"\n\t\t\t\t\t\t\t>M\u00e1s informaci\u00f3n sobre los servicios de consultor\u00eda de dataworld \n\t\t\t\t\t\t\t<\/rs-layer><!--\n-->\t\t\t\t\t<\/rs-slide>\n\t\t\t\t\t<\/rs-slides>\n\t\t\t\t<\/rs-module>\n\t\t\t\t<script>\n\t\t\t\t\tsetREVStartSize({c: 'rev_slider_140_1',rl:[1240,1024,778,480],el:[300,768,960,720],gw:[1240,1024,778,480],gh:[300,330,251,155],type:'standard',justify:'',layout:'fullwidth',mh:\"0\"});if (window.RS_MODULES!==undefined && window.RS_MODULES.modules!==undefined && window.RS_MODULES.modules[\"revslider1401\"]!==undefined) {window.RS_MODULES.modules[\"revslider1401\"].once = false;window.revapi140 = undefined;if (window.RS_MODULES.checkMinimal!==undefined) window.RS_MODULES.checkMinimal()}\n\t\t\t\t<\/script>\n\t\t\t<\/rs-module-wrap>\n\t\t\t<!-- END REVOLUTION SLIDER -->\n<\/div><div class=\"kc-elm kc-css-467148\" style=\"height: 80px; clear: both; width:100%;\"><\/div><\/div><\/div><\/div><\/div><\/section><section class=\"kc-elm kc-css-918985 kc_row\"><div class=\"kc-row-container  kc-container\"><div class=\"kc-wrap-columns\"><div class=\"kc-elm kc-css-762333 kc_col-sm-8 kc_column kc_col-sm-8\"><div class=\"kc-col-container\">\n<div class=\"kc-elm kc-css-88476 kc-title-wrap \">\n\n\t<h1 class=\"kc_title\">Servicios de SAP<\/h1>\n<\/div>\n<div class=\"kc-elm kc-css-386995\" style=\"height: 20px; clear: both; width:100%;\"><\/div><div class=\"kc-elm kc-css-507546 kc_text_block\"><\/p>\n<p>\nComo SAP Partner Center of Expertise podemos ayudarlo a planificar e implementar las \u00faltimas versiones S4 de SAP. Al hacerlo, confiamos en los procedimientos y herramientas recomendados por SAP. Lo apoyamos en todos los pasos hasta la implementaci\u00f3n completa de su soluci\u00f3n S4.<\/p>\n<p>\n<\/div><div class=\"kc-elm kc-css-606992 kc_text_block\"><\/p>\n<p>\nNuestros consultores reciben capacitaci\u00f3n continua sobre las \u00faltimas versiones de SAP y OpenText. Tenemos muchos clientes que no acumulan recursos internos de OpenText y que nos contratan para actualizaciones de versiones. Ofrecemos acuerdos de nivel de servicio personalizados a clientes que no desean desarrollar sus propios recursos debido a la falta de experiencia, cuellos de botella o sobrecarga. Ofrecemos la gama completa de servicios, desde soporte peque\u00f1o y selectivo hasta tareas completas.<\/p>\n<p>\n<\/div><div class=\"kc-elm kc-css-332855 kc_text_block\"><\/p>\n<p><strong>Nuestros servicios SAP:<\/strong><\/p>\n<ul>\n<li>Arquitectura SAP<\/li>\n<li>SAP Basis incluidas operaciones multinacionales<\/li>\n<li>Nueva introducci\u00f3n a S4 (Greenfield, desde cero)<\/li>\n<li>Conversi\u00f3n en S4 (Brownfield)<\/li>\n<li>Todos los m\u00f3dulos comunes<\/li>\n<li>SOLMAN (transporte, ALM, ITSM)<\/li>\n<li>SAP ventas \/ Commerce Cloud con integraci\u00f3n en la nube<\/li>\n<li>Implementaci\u00f3n de Concur<\/li>\n<\/ul>\n<p>\n<\/div><div class=\"kc-elm kc-css-108949\" style=\"height: 40px; clear: both; width:100%;\"><\/div>\n<div class=\"kc-elm kc-css-65466 kc-title-wrap \">\n\n\t<h1 class=\"kc_title\">Servicios de OpenText<\/h1>\n<\/div>\n<div class=\"kc-elm kc-css-889962\" style=\"height: 20px; clear: both; width:100%;\"><\/div><div class=\"kc-elm kc-css-287452 kc_text_block\"><\/p>\n<p><strong>Gesti\u00f3n de datos y documentos<\/strong><\/p>\n<p>Puede haber razones legales, organizativas o de TI para archivar datos. Tenemos una gran experiencia en el archivo de datos estructurados y no estructurados y podemos ayudarlo tanto con la concepci\u00f3n como con la implementaci\u00f3n.<\/p>\n<p>\n<\/div><div class=\"kc-elm kc-css-132562\" style=\"height: 20px; clear: both; width:100%;\"><\/div><div class=\"kc-elm kc-css-937111 kc_text_block\"><\/p>\n<p><strong>Fusionar o desmontar archivos<\/strong><\/p>\n<p>Por experiencia sabemos que la suposici\u00f3n de que los archivos no est\u00e1n sujetos a cambios no es correcta. Siempre hay situaciones en el mundo de los negocios donde los archivos deben fusionarse o separarse.<\/p>\n<ul>\n<li>Venta de una empresa \/ unidad de negocio<\/li>\n<li>Compra de una empresa \/ unidad de negocio<\/li>\n<li>Nuevas reglas de acceso<\/li>\n<li>Protecci\u00f3n de datos<\/li>\n<\/ul>\n<p>Nuestros especialistas pueden ayudarlo de manera \u00f3ptima a fusionarse o dividirse y cumplir con sus expectativas.<\/p>\n<p>\n<\/div><div class=\"kc-elm kc-css-563679\" style=\"height: 20px; clear: both; width:100%;\"><\/div><div class=\"kc-elm kc-css-403343 kc_text_block\"><\/p>\n<p><strong>Archivo heredado y desmantelamiento del sistema<\/strong><\/p>\n<p>En varios proyectos, hemos acompa\u00f1ado a los clientes en el archivo y desmantelamiento de sus antiguos sistemas heredados. Por ejemplo, archivamos los sistemas SAP de un gran banco antes de que sean reemplazados, de modo que se cumplan los requisitos legales y el nuevo sistema pueda acceder a estos archivos.<\/p>\n<p>\n<\/div><div class=\"kc-elm kc-css-918433\" style=\"height: 20px; clear: both; width:100%;\"><\/div><\/div><\/div><div class=\"kc-elm kc-css-627191 kc_col-sm-4 kc_column kc_col-sm-4\"><div class=\"kc-col-container\"><div class=\"kc-elm kc-css-187329 kc_text_block\"><\/p>\n<h2><strong>Gianni Antenna<\/strong><\/h2>\n<p><img loading=\"lazy\" decoding=\"async\" class=\"alignnone size-medium\" src=\"https:\/\/dataworld.com\/wp-content\/uploads\/2019\/11\/3F0A1138.jpg\" alt=\"\" width=\"2110\" height=\"1407\">&nbsp;\u00bfSAP? \u00a1Exactamente lo nuestro!&nbsp;<\/p>\n<div>\n<p>+41 58 591 90 00<br \/><a href=\"mailto:gianni.antenna@dataworld.com\">gianni.antenna@dataworld.com<\/a><\/p>\n<\/div>\n<p>\n<\/div><\/div><\/div><\/div><\/div><\/section><\/p>\n","protected":false},"excerpt":{"rendered":"","protected":false},"author":2,"featured_media":0,"parent":4721,"menu_order":0,"comment_status":"closed","ping_status":"closed","template":"","meta":{"footnotes":""},"class_list":["post-4450","page","type-page","status-publish","hentry"],"yoast_head":"<!-- This site is optimized with the Yoast SEO plugin v27.3 - https:\/\/yoast.com\/product\/yoast-seo-wordpress\/ -->\n<title>Servicios de consultor\u00eda de SAP \/ OpenText - dataworld<\/title>\n<meta name=\"robots\" content=\"index, follow, max-snippet:-1, max-image-preview:large, max-video-preview:-1\" \/>\n<link rel=\"canonical\" href=\"https:\/\/dataworld.com\/es\/servicios\/servicios-de-consultoria-de-sap-opentext\/\" \/>\n<meta property=\"og:locale\" content=\"es_ES\" \/>\n<meta property=\"og:type\" content=\"article\" \/>\n<meta property=\"og:title\" content=\"Servicios de consultor\u00eda de SAP \/ OpenText - dataworld\" \/>\n<meta property=\"og:description\" content=\"Servicios de SAP Como SAP Partner Center of Expertise podemos ayudarlo a planificar e implementar las \u00faltimas versiones S4 de SAP. Al hacerlo, confiamos en los procedimientos y herramientas recomendados por SAP. Lo apoyamos en todos los pasos hasta la implementaci\u00f3n completa de su soluci\u00f3n S4. Nuestros consultores reciben capacitaci\u00f3n continua sobre las \u00faltimas versiones [&hellip;]\" \/>\n<meta property=\"og:url\" content=\"https:\/\/dataworld.com\/es\/servicios\/servicios-de-consultoria-de-sap-opentext\/\" \/>\n<meta property=\"og:site_name\" content=\"dataworld\" \/>\n<meta property=\"article:publisher\" content=\"https:\/\/www.facebook.com\/dataworldconsulting\/\" \/>\n<meta property=\"article:modified_time\" content=\"2023-05-30T10:33:49+00:00\" \/>\n<meta property=\"og:image\" content=\"https:\/\/dataworld.com\/wp-content\/uploads\/2019\/11\/3F0A1138.jpg\" \/>\n<meta name=\"twitter:card\" content=\"summary_large_image\" \/>\n<meta name=\"twitter:site\" content=\"@dW_dataworld\" \/>\n<meta name=\"twitter:label1\" content=\"Tiempo de lectura\" \/>\n\t<meta name=\"twitter:data1\" content=\"2 minutos\" \/>\n<script type=\"application\/ld+json\" class=\"yoast-schema-graph\">{\"@context\":\"https:\\\/\\\/schema.org\",\"@graph\":[{\"@type\":\"WebPage\",\"@id\":\"https:\\\/\\\/dataworld.com\\\/es\\\/servicios\\\/servicios-de-consultoria-de-sap-opentext\\\/\",\"url\":\"https:\\\/\\\/dataworld.com\\\/es\\\/servicios\\\/servicios-de-consultoria-de-sap-opentext\\\/\",\"name\":\"Servicios de consultor\u00eda de SAP \\\/ OpenText - dataworld\",\"isPartOf\":{\"@id\":\"https:\\\/\\\/dataworld.com\\\/es\\\/#website\"},\"primaryImageOfPage\":{\"@id\":\"https:\\\/\\\/dataworld.com\\\/es\\\/servicios\\\/servicios-de-consultoria-de-sap-opentext\\\/#primaryimage\"},\"image\":{\"@id\":\"https:\\\/\\\/dataworld.com\\\/es\\\/servicios\\\/servicios-de-consultoria-de-sap-opentext\\\/#primaryimage\"},\"thumbnailUrl\":\"https:\\\/\\\/dataworld.com\\\/wp-content\\\/uploads\\\/2019\\\/11\\\/3F0A1138.jpg\",\"datePublished\":\"2019-11-05T20:11:35+00:00\",\"dateModified\":\"2023-05-30T10:33:49+00:00\",\"breadcrumb\":{\"@id\":\"https:\\\/\\\/dataworld.com\\\/es\\\/servicios\\\/servicios-de-consultoria-de-sap-opentext\\\/#breadcrumb\"},\"inLanguage\":\"es\",\"potentialAction\":[{\"@type\":\"ReadAction\",\"target\":[\"https:\\\/\\\/dataworld.com\\\/es\\\/servicios\\\/servicios-de-consultoria-de-sap-opentext\\\/\"]}]},{\"@type\":\"ImageObject\",\"inLanguage\":\"es\",\"@id\":\"https:\\\/\\\/dataworld.com\\\/es\\\/servicios\\\/servicios-de-consultoria-de-sap-opentext\\\/#primaryimage\",\"url\":\"https:\\\/\\\/dataworld.com\\\/wp-content\\\/uploads\\\/2019\\\/11\\\/3F0A1138.jpg\",\"contentUrl\":\"https:\\\/\\\/dataworld.com\\\/wp-content\\\/uploads\\\/2019\\\/11\\\/3F0A1138.jpg\"},{\"@type\":\"BreadcrumbList\",\"@id\":\"https:\\\/\\\/dataworld.com\\\/es\\\/servicios\\\/servicios-de-consultoria-de-sap-opentext\\\/#breadcrumb\",\"itemListElement\":[{\"@type\":\"ListItem\",\"position\":1,\"name\":\"Home\",\"item\":\"https:\\\/\\\/dataworld.com\\\/es\\\/\"},{\"@type\":\"ListItem\",\"position\":2,\"name\":\"Servicios\",\"item\":\"https:\\\/\\\/dataworld.com\\\/es\\\/servicios\\\/\"},{\"@type\":\"ListItem\",\"position\":3,\"name\":\"Servicios de consultor\u00eda de SAP \\\/ OpenText\"}]},{\"@type\":\"WebSite\",\"@id\":\"https:\\\/\\\/dataworld.com\\\/es\\\/#website\",\"url\":\"https:\\\/\\\/dataworld.com\\\/es\\\/\",\"name\":\"dataworld\",\"description\":\"wir gestalten Ihre S4 Journey\",\"publisher\":{\"@id\":\"https:\\\/\\\/dataworld.com\\\/es\\\/#organization\"},\"potentialAction\":[{\"@type\":\"SearchAction\",\"target\":{\"@type\":\"EntryPoint\",\"urlTemplate\":\"https:\\\/\\\/dataworld.com\\\/es\\\/?s={search_term_string}\"},\"query-input\":{\"@type\":\"PropertyValueSpecification\",\"valueRequired\":true,\"valueName\":\"search_term_string\"}}],\"inLanguage\":\"es\"},{\"@type\":\"Organization\",\"@id\":\"https:\\\/\\\/dataworld.com\\\/es\\\/#organization\",\"name\":\"Data Work Consulting AG\",\"url\":\"https:\\\/\\\/dataworld.com\\\/es\\\/\",\"logo\":{\"@type\":\"ImageObject\",\"inLanguage\":\"es\",\"@id\":\"https:\\\/\\\/dataworld.com\\\/es\\\/#\\\/schema\\\/logo\\\/image\\\/\",\"url\":\"https:\\\/\\\/dataworld.com\\\/wp-content\\\/uploads\\\/2019\\\/11\\\/Quadrat.jpg\",\"contentUrl\":\"https:\\\/\\\/dataworld.com\\\/wp-content\\\/uploads\\\/2019\\\/11\\\/Quadrat.jpg\",\"width\":378,\"height\":378,\"caption\":\"Data Work Consulting AG\"},\"image\":{\"@id\":\"https:\\\/\\\/dataworld.com\\\/es\\\/#\\\/schema\\\/logo\\\/image\\\/\"},\"sameAs\":[\"https:\\\/\\\/www.facebook.com\\\/dataworldconsulting\\\/\",\"https:\\\/\\\/x.com\\\/dW_dataworld\"]}]}<\/script>\n<!-- \/ Yoast SEO plugin. -->","yoast_head_json":{"title":"Servicios de consultor\u00eda de SAP \/ OpenText - dataworld","robots":{"index":"index","follow":"follow","max-snippet":"max-snippet:-1","max-image-preview":"max-image-preview:large","max-video-preview":"max-video-preview:-1"},"canonical":"https:\/\/dataworld.com\/es\/servicios\/servicios-de-consultoria-de-sap-opentext\/","og_locale":"es_ES","og_type":"article","og_title":"Servicios de consultor\u00eda de SAP \/ OpenText - dataworld","og_description":"Servicios de SAP Como SAP Partner Center of Expertise podemos ayudarlo a planificar e implementar las \u00faltimas versiones S4 de SAP. Al hacerlo, confiamos en los procedimientos y herramientas recomendados por SAP. Lo apoyamos en todos los pasos hasta la implementaci\u00f3n completa de su soluci\u00f3n S4. Nuestros consultores reciben capacitaci\u00f3n continua sobre las \u00faltimas versiones [&hellip;]","og_url":"https:\/\/dataworld.com\/es\/servicios\/servicios-de-consultoria-de-sap-opentext\/","og_site_name":"dataworld","article_publisher":"https:\/\/www.facebook.com\/dataworldconsulting\/","article_modified_time":"2023-05-30T10:33:49+00:00","og_image":[{"url":"https:\/\/dataworld.com\/wp-content\/uploads\/2019\/11\/3F0A1138.jpg","type":"","width":"","height":""}],"twitter_card":"summary_large_image","twitter_site":"@dW_dataworld","twitter_misc":{"Tiempo de lectura":"2 minutos"},"schema":{"@context":"https:\/\/schema.org","@graph":[{"@type":"WebPage","@id":"https:\/\/dataworld.com\/es\/servicios\/servicios-de-consultoria-de-sap-opentext\/","url":"https:\/\/dataworld.com\/es\/servicios\/servicios-de-consultoria-de-sap-opentext\/","name":"Servicios de consultor\u00eda de SAP \/ OpenText - dataworld","isPartOf":{"@id":"https:\/\/dataworld.com\/es\/#website"},"primaryImageOfPage":{"@id":"https:\/\/dataworld.com\/es\/servicios\/servicios-de-consultoria-de-sap-opentext\/#primaryimage"},"image":{"@id":"https:\/\/dataworld.com\/es\/servicios\/servicios-de-consultoria-de-sap-opentext\/#primaryimage"},"thumbnailUrl":"https:\/\/dataworld.com\/wp-content\/uploads\/2019\/11\/3F0A1138.jpg","datePublished":"2019-11-05T20:11:35+00:00","dateModified":"2023-05-30T10:33:49+00:00","breadcrumb":{"@id":"https:\/\/dataworld.com\/es\/servicios\/servicios-de-consultoria-de-sap-opentext\/#breadcrumb"},"inLanguage":"es","potentialAction":[{"@type":"ReadAction","target":["https:\/\/dataworld.com\/es\/servicios\/servicios-de-consultoria-de-sap-opentext\/"]}]},{"@type":"ImageObject","inLanguage":"es","@id":"https:\/\/dataworld.com\/es\/servicios\/servicios-de-consultoria-de-sap-opentext\/#primaryimage","url":"https:\/\/dataworld.com\/wp-content\/uploads\/2019\/11\/3F0A1138.jpg","contentUrl":"https:\/\/dataworld.com\/wp-content\/uploads\/2019\/11\/3F0A1138.jpg"},{"@type":"BreadcrumbList","@id":"https:\/\/dataworld.com\/es\/servicios\/servicios-de-consultoria-de-sap-opentext\/#breadcrumb","itemListElement":[{"@type":"ListItem","position":1,"name":"Home","item":"https:\/\/dataworld.com\/es\/"},{"@type":"ListItem","position":2,"name":"Servicios","item":"https:\/\/dataworld.com\/es\/servicios\/"},{"@type":"ListItem","position":3,"name":"Servicios de consultor\u00eda de SAP \/ OpenText"}]},{"@type":"WebSite","@id":"https:\/\/dataworld.com\/es\/#website","url":"https:\/\/dataworld.com\/es\/","name":"dataworld","description":"wir gestalten Ihre S4 Journey","publisher":{"@id":"https:\/\/dataworld.com\/es\/#organization"},"potentialAction":[{"@type":"SearchAction","target":{"@type":"EntryPoint","urlTemplate":"https:\/\/dataworld.com\/es\/?s={search_term_string}"},"query-input":{"@type":"PropertyValueSpecification","valueRequired":true,"valueName":"search_term_string"}}],"inLanguage":"es"},{"@type":"Organization","@id":"https:\/\/dataworld.com\/es\/#organization","name":"Data Work Consulting AG","url":"https:\/\/dataworld.com\/es\/","logo":{"@type":"ImageObject","inLanguage":"es","@id":"https:\/\/dataworld.com\/es\/#\/schema\/logo\/image\/","url":"https:\/\/dataworld.com\/wp-content\/uploads\/2019\/11\/Quadrat.jpg","contentUrl":"https:\/\/dataworld.com\/wp-content\/uploads\/2019\/11\/Quadrat.jpg","width":378,"height":378,"caption":"Data Work Consulting AG"},"image":{"@id":"https:\/\/dataworld.com\/es\/#\/schema\/logo\/image\/"},"sameAs":["https:\/\/www.facebook.com\/dataworldconsulting\/","https:\/\/x.com\/dW_dataworld"]}]}},"_links":{"self":[{"href":"https:\/\/dataworld.com\/es\/wp-json\/wp\/v2\/pages\/4450","targetHints":{"allow":["GET"]}}],"collection":[{"href":"https:\/\/dataworld.com\/es\/wp-json\/wp\/v2\/pages"}],"about":[{"href":"https:\/\/dataworld.com\/es\/wp-json\/wp\/v2\/types\/page"}],"author":[{"embeddable":true,"href":"https:\/\/dataworld.com\/es\/wp-json\/wp\/v2\/users\/2"}],"replies":[{"embeddable":true,"href":"https:\/\/dataworld.com\/es\/wp-json\/wp\/v2\/comments?post=4450"}],"version-history":[{"count":11,"href":"https:\/\/dataworld.com\/es\/wp-json\/wp\/v2\/pages\/4450\/revisions"}],"predecessor-version":[{"id":9828,"href":"https:\/\/dataworld.com\/es\/wp-json\/wp\/v2\/pages\/4450\/revisions\/9828"}],"up":[{"embeddable":true,"href":"https:\/\/dataworld.com\/es\/wp-json\/wp\/v2\/pages\/4721"}],"wp:attachment":[{"href":"https:\/\/dataworld.com\/es\/wp-json\/wp\/v2\/media?parent=4450"}],"curies":[{"name":"wp","href":"https:\/\/api.w.org\/{rel}","templated":true}]}}