{"id":4455,"date":"2019-11-22T17:02:03","date_gmt":"2019-11-22T16:02:03","guid":{"rendered":"https:\/\/dataworld.com\/?page_id=4455"},"modified":"2025-08-19T10:49:41","modified_gmt":"2025-08-19T08:49:41","slug":"licencia-de-sap","status":"publish","type":"page","link":"https:\/\/dataworld.com\/es\/servicios\/licencia-de-sap\/","title":{"rendered":"Licencias de SAP"},"content":{"rendered":"<p><section class=\"kc-elm kc-css-872911 kc_row\"><div class=\"kc-row-container  kc-container\"><div class=\"kc-wrap-columns\"><div class=\"kc-elm kc-css-669538 kc_col-sm-12 kc_column kc_col-sm-12\"><div class=\"kc-col-container\"><div class=\"kc-elm kc-css-3064 kc-raw-code\">\n\t\t\t<!-- START SAP Licensing ES REVOLUTION SLIDER 6.7.41 --><p class=\"rs-p-wp-fix\"><\/p>\n\t\t\t<rs-module-wrap id=\"rev_slider_138_1_wrapper\" data-source=\"gallery\" style=\"visibility:hidden;background:#b3b3aa;padding:0;margin:0px auto;margin-top:0;margin-bottom:0;\">\n\t\t\t\t<rs-module id=\"rev_slider_138_1\" style=\"\" data-version=\"6.7.41\">\n\t\t\t\t\t<rs-slides style=\"overflow: hidden; position: absolute;\">\n\t\t\t\t\t\t<rs-slide style=\"position: absolute;\" data-key=\"rs-219\" data-title=\"Slide\" data-anim=\"ms:1000;r:0;\" data-in=\"o:0;\" data-out=\"a:false;\">\n\t\t\t\t\t\t\t<img decoding=\"async\" src=\"\/\/dataworld.com\/wp-content\/plugins\/revslider\/sr6\/assets\/assets\/dummy.png\" alt=\"Slide\" title=\"Licencias de SAP\" class=\"rev-slidebg tp-rs-img rs-lazyload\" data-lazyload=\"\/\/dataworld.com\/wp-content\/plugins\/revslider\/sr6\/assets\/assets\/transparent.png\" data-bg=\"c:#b3b3aa;\" data-no-retina>\n<!--\n\t\t\t\t\t\t\t--><rs-layer\n\t\t\t\t\t\t\t\tid=\"slider-138-slide-219-layer-0\" \n\t\t\t\t\t\t\t\tdata-type=\"text\"\n\t\t\t\t\t\t\t\tdata-rsp_ch=\"on\"\n\t\t\t\t\t\t\t\tdata-xy=\"x:c;yo:100px,82px,62px,38px;\"\n\t\t\t\t\t\t\t\tdata-text=\"w:normal;l:22,18,13,8;\"\n\t\t\t\t\t\t\t\tdata-frame_999=\"o:0;st:w;\"\n\t\t\t\t\t\t\t\tstyle=\"z-index:5;font-family:'Raleway';\"\n\t\t\t\t\t\t\t>LICENCIAS DE SAP \n\t\t\t\t\t\t\t<\/rs-layer><!--\n\n\t\t\t\t\t\t\t--><rs-layer\n\t\t\t\t\t\t\t\tid=\"slider-138-slide-219-layer-1\" \n\t\t\t\t\t\t\t\tdata-type=\"text\"\n\t\t\t\t\t\t\t\tdata-rsp_ch=\"on\"\n\t\t\t\t\t\t\t\tdata-xy=\"x:c;yo:155px,128px,97px,59px;\"\n\t\t\t\t\t\t\t\tdata-text=\"w:normal;s:35,28,21,12;l:35,28,21,12;fw:700;\"\n\t\t\t\t\t\t\t\tdata-frame_999=\"o:0;st:w;\"\n\t\t\t\t\t\t\t\tstyle=\"z-index:6;font-family:'Roboto';\"\n\t\t\t\t\t\t\t>Estaremos encantados de asesorarle sobre el tema de las licencias de SAP \n\t\t\t\t\t\t\t<\/rs-layer><!--\n-->\t\t\t\t\t<\/rs-slide>\n\t\t\t\t\t<\/rs-slides>\n\t\t\t\t<\/rs-module>\n\t\t\t\t<script>\n\t\t\t\t\tsetREVStartSize({c: 'rev_slider_138_1',rl:[1240,1024,778,480],el:[300,768,960,720],gw:[1240,1024,778,480],gh:[300,330,251,155],type:'standard',justify:'',layout:'fullwidth',mh:\"0\"});if (window.RS_MODULES!==undefined && window.RS_MODULES.modules!==undefined && window.RS_MODULES.modules[\"revslider1381\"]!==undefined) {window.RS_MODULES.modules[\"revslider1381\"].once = false;window.revapi138 = undefined;if (window.RS_MODULES.checkMinimal!==undefined) window.RS_MODULES.checkMinimal()}\n\t\t\t\t<\/script>\n\t\t\t<\/rs-module-wrap>\n\t\t\t<!-- END REVOLUTION SLIDER -->\n<\/div><div class=\"kc-elm kc-css-674058\" style=\"height: 80px; clear: both; width:100%;\"><\/div><\/div><\/div><\/div><\/div><\/section><section class=\"kc-elm kc-css-95873 kc_row\"><div class=\"kc-row-container  kc-container\"><div class=\"kc-wrap-columns\"><div class=\"kc-elm kc-css-77961 kc_col-sm-12 kc_column kc_col-sm-12\"><div class=\"kc-col-container\">\n<div class=\"kc-elm kc-css-907134 kc-title-wrap \">\n\n\t<h1 class=\"kc_title\">Estandarizaci\u00f3n del mantenimiento<\/h1>\n<\/div>\n<div class=\"kc-elm kc-css-497646\" style=\"height: 20px; clear: both; width:100%;\"><\/div><div class=\"kc-elm kc-css-212239 kc_text_block\"><\/p>\n<p>El mantenimiento de su entorno SAP es importante para nosotros. El mantenimiento cualificado es la base para el funcionamiento seguro de su entorno SAP. Tras una exitosa auditor\u00eda de SAP en 2017, Data World fue certificada por primera vez como Partner de SAP, es decir, como centro de expertos en SAP homologado. La certificaci\u00f3n se renueva cada dos a\u00f1os despu\u00e9s de una auditor\u00eda exhaustiva lo que garantiza a los clientes que nos hemos establecido como una organizaci\u00f3n de servicio y soporte estandarizada a nivel mundial y que nos adherimos a este servicio espec\u00edfico y de soporte.<\/p>\n<p>Tambi\u00e9n nos encargamos de los entornos SAP que han ido creciendo con el tiempo. Nuestro proceso para posteriores adquisiciones de mantenimiento garantizan un cambio sin problemas. De esta forma, especialmente las PYMEs pueden beneficiarse de un \u00fanico punto de contacto para todas sus necesidades de SAP.<\/p>\n<p>\n<\/div><div class=\"kc-elm kc-css-986043\" style=\"height: 40px; clear: both; width:100%;\"><\/div>\n<div class=\"kc-elm kc-css-176329 kc-title-wrap \">\n\n\t<h1 class=\"kc_title\">Consolidaci\u00f3n y optimizaci\u00f3n<\/h1>\n<\/div>\n<div class=\"kc-elm kc-css-219343\" style=\"height: 20px; clear: both; width:100%;\"><\/div><div class=\"kc-elm kc-css-499059 kc_text_block\"><\/p>\n<p>Nuestra experiencia de consultas de licencias anteriores ha demostrado que la consolidaci\u00f3n de licencias a veces puede generar grandes ahorros. Las licencias se compran durante a\u00f1os y en ocasiones est\u00e1n sujetas a diferentes contratos y condiciones. Los proveedores de software se han asociado, se han sido comprados o han cambiado su modelo de licencia. No todos los clientes han documentado adecuadamente sus compras de licencias a lo largo de los a\u00f1os.<\/p>\n<p>Aqu\u00ed yace un potencial de optimizaci\u00f3n inactivo, que puede explotarse analizando los contratos existentes. Le acompa\u00f1amos en t\u00e9rminos de consolidaci\u00f3n y optimizaci\u00f3n, as\u00ed como en caso de preparaci\u00f3n para nuevas negociaciones.<\/p>\n<p>\n<\/div><div class=\"kc-elm kc-css-146388\" style=\"height: 40px; clear: both; width:100%;\"><\/div>\n<div class=\"kc-elm kc-css-624361 kc-title-wrap \">\n\n\t<h1 class=\"kc_title\">Consultor\u00eda y venta de licencias<\/h1>\n<\/div>\n<div class=\"kc-elm kc-css-239191\" style=\"height: 20px; clear: both; width:100%;\"><\/div><div class=\"kc-elm kc-css-814222 kc_text_block\"><\/p>\n<p>Como SAP Gold y SAP Partner Center of Expertise (PcoE), la consultor\u00eda mundial de datos est\u00e1 autorizada a vender licencias de SAP y proporcionar servicios de soporte.<\/p>\n<p>Como socio, queremos estar disponibles para nuestros clientes al proporcionar servicios integrales de consultor\u00eda para las licencias requeridas, la implementaci\u00f3n del proyecto y el soporte.<\/p>\n<p>\n<\/div><div class=\"kc-elm kc-css-209887\" style=\"height: 40px; clear: both; width:100%;\"><\/div><\/div><\/div><\/div><\/div><\/section><\/p>\n","protected":false},"excerpt":{"rendered":"","protected":false},"author":2,"featured_media":0,"parent":4721,"menu_order":0,"comment_status":"closed","ping_status":"closed","template":"","meta":{"footnotes":""},"class_list":["post-4455","page","type-page","status-publish","hentry"],"yoast_head":"<!-- This site is optimized with the Yoast SEO plugin v27.3 - https:\/\/yoast.com\/product\/yoast-seo-wordpress\/ -->\n<title>Licencias de SAP - dataworld<\/title>\n<meta name=\"robots\" content=\"index, follow, max-snippet:-1, max-image-preview:large, max-video-preview:-1\" \/>\n<link rel=\"canonical\" href=\"https:\/\/dataworld.com\/es\/servicios\/licencia-de-sap\/\" \/>\n<meta property=\"og:locale\" content=\"es_ES\" \/>\n<meta property=\"og:type\" content=\"article\" \/>\n<meta property=\"og:title\" content=\"Licencias de SAP - dataworld\" \/>\n<meta property=\"og:description\" content=\"Estandarizaci\u00f3n del mantenimiento El mantenimiento de su entorno SAP es importante para nosotros. El mantenimiento cualificado es la base para el funcionamiento seguro de su entorno SAP. Tras una exitosa auditor\u00eda de SAP en 2017, Data World fue certificada por primera vez como Partner de SAP, es decir, como centro de expertos en SAP homologado. [&hellip;]\" \/>\n<meta property=\"og:url\" content=\"https:\/\/dataworld.com\/es\/servicios\/licencia-de-sap\/\" \/>\n<meta property=\"og:site_name\" content=\"dataworld\" \/>\n<meta property=\"article:publisher\" content=\"https:\/\/www.facebook.com\/dataworldconsulting\/\" \/>\n<meta property=\"article:modified_time\" content=\"2025-08-19T08:49:41+00:00\" \/>\n<meta name=\"twitter:card\" content=\"summary_large_image\" \/>\n<meta name=\"twitter:site\" content=\"@dW_dataworld\" \/>\n<meta name=\"twitter:label1\" content=\"Tiempo de lectura\" \/>\n\t<meta name=\"twitter:data1\" content=\"2 minutos\" \/>\n<script type=\"application\/ld+json\" class=\"yoast-schema-graph\">{\"@context\":\"https:\\\/\\\/schema.org\",\"@graph\":[{\"@type\":\"WebPage\",\"@id\":\"https:\\\/\\\/dataworld.com\\\/es\\\/servicios\\\/licencia-de-sap\\\/\",\"url\":\"https:\\\/\\\/dataworld.com\\\/es\\\/servicios\\\/licencia-de-sap\\\/\",\"name\":\"Licencias de SAP - dataworld\",\"isPartOf\":{\"@id\":\"https:\\\/\\\/dataworld.com\\\/es\\\/#website\"},\"datePublished\":\"2019-11-22T16:02:03+00:00\",\"dateModified\":\"2025-08-19T08:49:41+00:00\",\"breadcrumb\":{\"@id\":\"https:\\\/\\\/dataworld.com\\\/es\\\/servicios\\\/licencia-de-sap\\\/#breadcrumb\"},\"inLanguage\":\"es\",\"potentialAction\":[{\"@type\":\"ReadAction\",\"target\":[\"https:\\\/\\\/dataworld.com\\\/es\\\/servicios\\\/licencia-de-sap\\\/\"]}]},{\"@type\":\"BreadcrumbList\",\"@id\":\"https:\\\/\\\/dataworld.com\\\/es\\\/servicios\\\/licencia-de-sap\\\/#breadcrumb\",\"itemListElement\":[{\"@type\":\"ListItem\",\"position\":1,\"name\":\"Home\",\"item\":\"https:\\\/\\\/dataworld.com\\\/es\\\/\"},{\"@type\":\"ListItem\",\"position\":2,\"name\":\"Servicios\",\"item\":\"https:\\\/\\\/dataworld.com\\\/es\\\/servicios\\\/\"},{\"@type\":\"ListItem\",\"position\":3,\"name\":\"Licencias de SAP\"}]},{\"@type\":\"WebSite\",\"@id\":\"https:\\\/\\\/dataworld.com\\\/es\\\/#website\",\"url\":\"https:\\\/\\\/dataworld.com\\\/es\\\/\",\"name\":\"dataworld\",\"description\":\"wir gestalten Ihre S4 Journey\",\"publisher\":{\"@id\":\"https:\\\/\\\/dataworld.com\\\/es\\\/#organization\"},\"potentialAction\":[{\"@type\":\"SearchAction\",\"target\":{\"@type\":\"EntryPoint\",\"urlTemplate\":\"https:\\\/\\\/dataworld.com\\\/es\\\/?s={search_term_string}\"},\"query-input\":{\"@type\":\"PropertyValueSpecification\",\"valueRequired\":true,\"valueName\":\"search_term_string\"}}],\"inLanguage\":\"es\"},{\"@type\":\"Organization\",\"@id\":\"https:\\\/\\\/dataworld.com\\\/es\\\/#organization\",\"name\":\"Data Work Consulting AG\",\"url\":\"https:\\\/\\\/dataworld.com\\\/es\\\/\",\"logo\":{\"@type\":\"ImageObject\",\"inLanguage\":\"es\",\"@id\":\"https:\\\/\\\/dataworld.com\\\/es\\\/#\\\/schema\\\/logo\\\/image\\\/\",\"url\":\"https:\\\/\\\/dataworld.com\\\/wp-content\\\/uploads\\\/2019\\\/11\\\/Quadrat.jpg\",\"contentUrl\":\"https:\\\/\\\/dataworld.com\\\/wp-content\\\/uploads\\\/2019\\\/11\\\/Quadrat.jpg\",\"width\":378,\"height\":378,\"caption\":\"Data Work Consulting AG\"},\"image\":{\"@id\":\"https:\\\/\\\/dataworld.com\\\/es\\\/#\\\/schema\\\/logo\\\/image\\\/\"},\"sameAs\":[\"https:\\\/\\\/www.facebook.com\\\/dataworldconsulting\\\/\",\"https:\\\/\\\/x.com\\\/dW_dataworld\"]}]}<\/script>\n<!-- \/ Yoast SEO plugin. -->","yoast_head_json":{"title":"Licencias de SAP - dataworld","robots":{"index":"index","follow":"follow","max-snippet":"max-snippet:-1","max-image-preview":"max-image-preview:large","max-video-preview":"max-video-preview:-1"},"canonical":"https:\/\/dataworld.com\/es\/servicios\/licencia-de-sap\/","og_locale":"es_ES","og_type":"article","og_title":"Licencias de SAP - dataworld","og_description":"Estandarizaci\u00f3n del mantenimiento El mantenimiento de su entorno SAP es importante para nosotros. El mantenimiento cualificado es la base para el funcionamiento seguro de su entorno SAP. Tras una exitosa auditor\u00eda de SAP en 2017, Data World fue certificada por primera vez como Partner de SAP, es decir, como centro de expertos en SAP homologado. [&hellip;]","og_url":"https:\/\/dataworld.com\/es\/servicios\/licencia-de-sap\/","og_site_name":"dataworld","article_publisher":"https:\/\/www.facebook.com\/dataworldconsulting\/","article_modified_time":"2025-08-19T08:49:41+00:00","twitter_card":"summary_large_image","twitter_site":"@dW_dataworld","twitter_misc":{"Tiempo de lectura":"2 minutos"},"schema":{"@context":"https:\/\/schema.org","@graph":[{"@type":"WebPage","@id":"https:\/\/dataworld.com\/es\/servicios\/licencia-de-sap\/","url":"https:\/\/dataworld.com\/es\/servicios\/licencia-de-sap\/","name":"Licencias de SAP - dataworld","isPartOf":{"@id":"https:\/\/dataworld.com\/es\/#website"},"datePublished":"2019-11-22T16:02:03+00:00","dateModified":"2025-08-19T08:49:41+00:00","breadcrumb":{"@id":"https:\/\/dataworld.com\/es\/servicios\/licencia-de-sap\/#breadcrumb"},"inLanguage":"es","potentialAction":[{"@type":"ReadAction","target":["https:\/\/dataworld.com\/es\/servicios\/licencia-de-sap\/"]}]},{"@type":"BreadcrumbList","@id":"https:\/\/dataworld.com\/es\/servicios\/licencia-de-sap\/#breadcrumb","itemListElement":[{"@type":"ListItem","position":1,"name":"Home","item":"https:\/\/dataworld.com\/es\/"},{"@type":"ListItem","position":2,"name":"Servicios","item":"https:\/\/dataworld.com\/es\/servicios\/"},{"@type":"ListItem","position":3,"name":"Licencias de SAP"}]},{"@type":"WebSite","@id":"https:\/\/dataworld.com\/es\/#website","url":"https:\/\/dataworld.com\/es\/","name":"dataworld","description":"wir gestalten Ihre S4 Journey","publisher":{"@id":"https:\/\/dataworld.com\/es\/#organization"},"potentialAction":[{"@type":"SearchAction","target":{"@type":"EntryPoint","urlTemplate":"https:\/\/dataworld.com\/es\/?s={search_term_string}"},"query-input":{"@type":"PropertyValueSpecification","valueRequired":true,"valueName":"search_term_string"}}],"inLanguage":"es"},{"@type":"Organization","@id":"https:\/\/dataworld.com\/es\/#organization","name":"Data Work Consulting AG","url":"https:\/\/dataworld.com\/es\/","logo":{"@type":"ImageObject","inLanguage":"es","@id":"https:\/\/dataworld.com\/es\/#\/schema\/logo\/image\/","url":"https:\/\/dataworld.com\/wp-content\/uploads\/2019\/11\/Quadrat.jpg","contentUrl":"https:\/\/dataworld.com\/wp-content\/uploads\/2019\/11\/Quadrat.jpg","width":378,"height":378,"caption":"Data Work Consulting AG"},"image":{"@id":"https:\/\/dataworld.com\/es\/#\/schema\/logo\/image\/"},"sameAs":["https:\/\/www.facebook.com\/dataworldconsulting\/","https:\/\/x.com\/dW_dataworld"]}]}},"_links":{"self":[{"href":"https:\/\/dataworld.com\/es\/wp-json\/wp\/v2\/pages\/4455","targetHints":{"allow":["GET"]}}],"collection":[{"href":"https:\/\/dataworld.com\/es\/wp-json\/wp\/v2\/pages"}],"about":[{"href":"https:\/\/dataworld.com\/es\/wp-json\/wp\/v2\/types\/page"}],"author":[{"embeddable":true,"href":"https:\/\/dataworld.com\/es\/wp-json\/wp\/v2\/users\/2"}],"replies":[{"embeddable":true,"href":"https:\/\/dataworld.com\/es\/wp-json\/wp\/v2\/comments?post=4455"}],"version-history":[{"count":10,"href":"https:\/\/dataworld.com\/es\/wp-json\/wp\/v2\/pages\/4455\/revisions"}],"predecessor-version":[{"id":22600,"href":"https:\/\/dataworld.com\/es\/wp-json\/wp\/v2\/pages\/4455\/revisions\/22600"}],"up":[{"embeddable":true,"href":"https:\/\/dataworld.com\/es\/wp-json\/wp\/v2\/pages\/4721"}],"wp:attachment":[{"href":"https:\/\/dataworld.com\/es\/wp-json\/wp\/v2\/media?parent=4455"}],"curies":[{"name":"wp","href":"https:\/\/api.w.org\/{rel}","templated":true}]}}