{"id":8001,"date":"2021-10-27T11:26:52","date_gmt":"2021-10-27T09:26:52","guid":{"rendered":"https:\/\/dataworld.com\/?page_id=8001"},"modified":"2021-11-10T14:56:17","modified_gmt":"2021-11-10T13:56:17","slug":"s-4-hana-la-proxima-generacion-de-sap","status":"publish","type":"page","link":"https:\/\/dataworld.com\/es\/s-4-hana-la-proxima-generacion-de-sap\/","title":{"rendered":"S\/4 HANA \u2013 La pr\u00f3xima generaci\u00f3n de SAP"},"content":{"rendered":"<p><section class=\"kc-elm kc-css-690214 kc_row\"><div class=\"kc-row-container  kc-container\"><div class=\"kc-wrap-columns\"><div class=\"kc-elm kc-css-16103 kc_col-sm-12 kc_column kc_col-sm-12\"><div class=\"kc-col-container\"><div class=\"kc-elm kc-css-470989 kc-raw-code\">\n\t\t\t<!-- START S\/4HANA ES REVOLUTION SLIDER 6.7.41 --><p class=\"rs-p-wp-fix\"><\/p>\n\t\t\t<rs-module-wrap id=\"rev_slider_186_1_wrapper\" data-source=\"gallery\" style=\"visibility:hidden;background:#b3b3aa;padding:0;margin:0px auto;margin-top:0;margin-bottom:0;\">\n\t\t\t\t<rs-module id=\"rev_slider_186_1\" style=\"\" data-version=\"6.7.41\">\n\t\t\t\t\t<rs-slides style=\"overflow: hidden; position: absolute;\">\n\t\t\t\t\t\t<rs-slide style=\"position: absolute;\" data-key=\"rs-280\" data-title=\"Slide\" data-anim=\"ms:1000;r:0;\" data-in=\"o:0;\" data-out=\"a:false;\">\n\t\t\t\t\t\t\t<img decoding=\"async\" src=\"\/\/dataworld.com\/wp-content\/plugins\/revslider\/sr6\/assets\/assets\/dummy.png\" alt=\"Slide\" title=\"S\/4 HANA \u2013 La pr\u00f3xima generaci\u00f3n de SAP\" class=\"rev-slidebg tp-rs-img rs-lazyload\" data-lazyload=\"\/\/dataworld.com\/wp-content\/plugins\/revslider\/sr6\/assets\/assets\/transparent.png\" data-bg=\"c:#b3b3aa;\" data-no-retina>\n<!--\n\t\t\t\t\t\t\t--><rs-layer\n\t\t\t\t\t\t\t\tid=\"slider-186-slide-280-layer-0\" \n\t\t\t\t\t\t\t\tdata-type=\"text\"\n\t\t\t\t\t\t\t\tdata-rsp_ch=\"on\"\n\t\t\t\t\t\t\t\tdata-xy=\"x:c;yo:100px,82px,62px,38px;\"\n\t\t\t\t\t\t\t\tdata-text=\"w:normal;l:22,18,13,8;\"\n\t\t\t\t\t\t\t\tdata-frame_999=\"o:0;st:w;\"\n\t\t\t\t\t\t\t\tstyle=\"z-index:5;font-family:'Raleway';\"\n\t\t\t\t\t\t\t>S\/4HANA \n\t\t\t\t\t\t\t<\/rs-layer><!--\n\n\t\t\t\t\t\t\t--><rs-layer\n\t\t\t\t\t\t\t\tid=\"slider-186-slide-280-layer-1\" \n\t\t\t\t\t\t\t\tdata-type=\"text\"\n\t\t\t\t\t\t\t\tdata-rsp_ch=\"on\"\n\t\t\t\t\t\t\t\tdata-xy=\"x:c;yo:155px,128px,97px,59px;\"\n\t\t\t\t\t\t\t\tdata-text=\"w:normal;s:40,33,25,15;l:40,33,25,15;fw:700;\"\n\t\t\t\t\t\t\t\tdata-frame_999=\"o:0;st:w;\"\n\t\t\t\t\t\t\t\tstyle=\"z-index:6;font-family:'Roboto';\"\n\t\t\t\t\t\t\t>Todo sobre la pr\u00f3xima generaci\u00f3n de SAP \n\t\t\t\t\t\t\t<\/rs-layer><!--\n-->\t\t\t\t\t<\/rs-slide>\n\t\t\t\t\t<\/rs-slides>\n\t\t\t\t<\/rs-module>\n\t\t\t\t<script>\n\t\t\t\t\tsetREVStartSize({c: 'rev_slider_186_1',rl:[1240,1024,778,480],el:[300,768,960,720],gw:[1240,1024,778,480],gh:[300,330,251,155],type:'standard',justify:'',layout:'fullwidth',mh:\"0\"});if (window.RS_MODULES!==undefined && window.RS_MODULES.modules!==undefined && window.RS_MODULES.modules[\"revslider1861\"]!==undefined) {window.RS_MODULES.modules[\"revslider1861\"].once = false;window.revapi186 = undefined;if (window.RS_MODULES.checkMinimal!==undefined) window.RS_MODULES.checkMinimal()}\n\t\t\t\t<\/script>\n\t\t\t<\/rs-module-wrap>\n\t\t\t<!-- END REVOLUTION SLIDER -->\n<\/div><div class=\"kc-elm kc-css-864531\" style=\"height: 80px; clear: both; width:100%;\"><\/div><\/div><\/div><\/div><\/div><\/section><section class=\"kc-elm kc-css-971580 kc_row\"><div class=\"kc-row-container  kc-container\"><div class=\"kc-wrap-columns\"><div class=\"kc-elm kc-css-253838 kc_col-sm-12 kc_column kc_col-sm-12\"><div class=\"kc-col-container\">\n<div class=\"kc-elm kc-css-801471 kc-title-wrap \">\n\n\t<h1 class=\"kc_title\">La necesidad digital<\/h1>\n<\/div>\n<div class=\"kc-elm kc-css-890092\" style=\"height: 20px; clear: both; width:100%;\"><\/div><div class=\"kc-elm kc-css-192489 kc_text_block\"><\/p>\n<h1><strong style=\"color: inherit; font-style: inherit; font-size: 14px;\">Estamos en un importante punto de inflexi\u00f3n tecnol\u00f3gica:<\/strong><\/h1>\n<p>Todo estar\u00e1 conectado en red y el software estar\u00e1 presente en cada \u00e1rea de nuestras vidas. Este cambio trae nuevas oportunidades y riesgos. Nuevos productos se desarrollar\u00e1n entre 5 y 10 veces m\u00e1s r\u00e1pido y las empresas s\u00f3lo podr\u00e1n sobrevivir en el mercado si los modelos de negocio se simplifican o se reinventan por completo y crean un valor a\u00f1adido, con datos, para los clientes y accionistas. SAP S\/4 HANA es su clave para esto: puede convertirse en una <a href=\"\/es\/?page_id=4514\">empresa digital<\/a> y hacer realidad la creaci\u00f3n de valor.<\/p>\n<p><strong>Adelant\u00e1ndose a los tiempos con SAP S\/4 HANA:<\/strong><\/p>\n<p>Un n\u00facleo digital es compatible con todos los requisitos del siglo XXI. Para lograr m\u00e1s, las empresas deben desarrollar nuevos modelos de negocio y procesos y transformar la forma en que trabajan sus empleados. Esto requiere innovaciones que cierren la brecha entre las transacciones y los sistemas de toma de decisiones. Para este prop\u00f3sito, SAP desarroll\u00f3 la revolucionaria \u00abplataforma en memoria\u00bb basada en columnas SAP HANA.<\/p>\n<p>SAP HANA ayuda a las empresas a reinventarse. Basado en SAP HANA, SAP ha desarrollado SAP S\/4 HANA, la suite de pr\u00f3xima generaci\u00f3n, un \u00abn\u00facleo digital\u00bb que proporciona informaci\u00f3n en tiempo real de la organizaci\u00f3n, permite la inteligencia m\u00e1s all\u00e1 de la automatizaci\u00f3n y conecta en red no s\u00f3lo los departamentos sino el mundo entero. SAP S\/4 HANA tambi\u00e9n se complementa con una gama de aplicaciones para aumentar a\u00fan m\u00e1s el valor a\u00f1adido para las empresas.<\/p>\n<p>\n<\/div><div class=\"kc-elm kc-css-433211\" style=\"height: 20px; clear: both; width:100%;\"><\/div><\/div><\/div><\/div><\/div><\/section><section class=\"kc-elm kc-css-390794 kc_row\"><div class=\"kc-row-container  kc-container\"><div class=\"kc-wrap-columns\"><div class=\"kc-elm kc-css-17418 kc_col-sm-12 kc_column kc_col-sm-12\"><div class=\"kc-col-container\"><div class=\"kc-elm kc-css-197765 kc_shortcode kc_single_image\">\n\n        <a rel=\"prettyPhoto\" class=\"kc-pretty-photo\" href=\"https:\/\/dataworld.com\/wp-content\/uploads\/2020\/08\/s4sap_ES-1.png\" title=\"\" target=\"\">\n        <img decoding=\"async\" src=\"https:\/\/dataworld.com\/wp-content\/uploads\/2020\/08\/s4sap_ES-1-1024x594.png\" class=\"\" alt=\"\" \/>    <\/a>\n    <\/div>\n<div class=\"kc-elm kc-css-665018\" style=\"height: 80px; clear: both; width:100%;\"><\/div><\/div><\/div><\/div><\/div><\/section><section class=\"kc-elm kc-css-604025 kc_row\"><div class=\"kc-row-container  kc-container\"><div class=\"kc-wrap-columns\"><div class=\"kc-elm kc-css-303584 kc_col-sm-12 kc_column kc_col-sm-12\"><div class=\"kc-col-container\">\n<div class=\"kc-elm kc-css-330478 kc-title-wrap \">\n\n\t<h1 class=\"kc_title\">Su camino hacia la digitalizaci\u00f3n<\/h1>\n<\/div>\n<div class=\"kc-elm kc-css-51692\" style=\"height: 20px; clear: both; width:100%;\"><\/div><div class=\"kc-elm kc-css-396615 kc_text_block\"><\/p>\n<p>\nLos caminos hacia la digitalizaci\u00f3n son tan \u00fanicos como cada empresa.<span style=\"font-size: 14px; font-style: inherit;\">\u00a0<\/span><span style=\"font-size: 14px;\">Tanto si se trata de una primera implementaci\u00f3n como de la digitalizaci\u00f3n de un entorno SAP existente, tenemos experiencia con empresas de todos los tama\u00f1os y de m\u00faltiples sectores. Bas\u00e1ndonos en esta estrecha colaboraci\u00f3n, SAP ofrece una oferta integral que le ayudar\u00e1 a definir su hoja de ruta hacia SAP S\/4 HANA, sin importar d\u00f3nde se encuentre.<\/span><\/p>\n<p>\n<\/div><div class=\"kc-elm kc-css-779616\" style=\"height: 40px; clear: both; width:100%;\"><\/div>\n<div class=\"kc-elm kc-css-968401 kc-title-wrap \">\n\n\t<h1 class=\"kc_title\">Cuatro pasos hacia el \u00e9xito<\/h1>\n<\/div>\n<div class=\"kc-elm kc-css-17673\" style=\"height: 20px; clear: both; width:100%;\"><\/div><div class=\"kc-elm kc-css-441314 kc_text_block\"><\/p>\n<p>\nNo importa d\u00f3nde se encuentre, con este m\u00e9todo estructurado de cuatro pasos su digitalizaci\u00f3n ser\u00e1 un \u00e9xito.<\/p>\n<p>\n<\/div><\/div><\/div><\/div><\/div><\/section><section class=\"kc-elm kc-css-488783 kc_row\"><div class=\"kc-row-container  kc-container\"><div class=\"kc-wrap-columns\"><div class=\"kc-elm kc-css-149320 kc_col-sm-12 kc_column kc_col-sm-12\"><div class=\"kc-col-container\"><div class=\"kc-elm kc-css-319668\" style=\"height: 40px; clear: both; width:100%;\"><\/div><div class=\"kc-elm kc-css-138544 kc_row kc_row_inner\"><div class=\"kc-elm kc-css-817878 kc_col-sm-3 kc_column_inner kc_col-sm-3\"><div class=\"kc_wrapper kc-col-inner-container\"><div class=\"kc-elm kc-css-605881 kc-feature-boxes kc-fb-layout-1\">\n\n\t<div class=\"content-icon\"><i class=\"et-chat\"><\/i><\/div><div class=\"content-title\">Paso 1: Coordinaci\u00f3n con el nivel directivo<\/div><div class=\"content-desc\">Establezca la direcci\u00f3n y defina sus expectativas. Formule la estrategia y acuerde el alcance, el calendario, los recursos y el modelo de control.<\/div>\n<\/div>\n<div class=\"kc-elm kc-css-592347\" style=\"height: 20px; clear: both; width:100%;\"><\/div><\/div><\/div><div class=\"kc-elm kc-css-187867 kc_col-sm-3 kc_column_inner kc_col-sm-3\"><div class=\"kc_wrapper kc-col-inner-container\"><div class=\"kc-elm kc-css-133808 kc-feature-boxes kc-fb-layout-1\">\n\n\t<div class=\"content-icon\"><i class=\"et-edit\"><\/i><\/div><div class=\"content-title\">Paso 2: Dise\u00f1o y planificaci\u00f3n de la migraci\u00f3n <\/div><div class=\"content-desc\">Determine el potencial de innovaci\u00f3n para la optimizaci\u00f3n de procesos y el modelo de negocio pensando en el dise\u00f1o, en reuniones y herramientas de evaluaci\u00f3n. Elabore el proyecto de negocio, la hoja de ruta de la soluci\u00f3n y el plan individual de migraci\u00f3n, integraci\u00f3n e implementaci\u00f3n.<\/div>\n<\/div>\n<div class=\"kc-elm kc-css-60233\" style=\"height: 20px; clear: both; width:100%;\"><\/div><\/div><\/div><div class=\"kc-elm kc-css-337635 kc_col-sm-3 kc_column_inner kc_col-sm-3\"><div class=\"kc_wrapper kc-col-inner-container\"><div class=\"kc-elm kc-css-868230 kc-feature-boxes kc-fb-layout-1\">\n\n\t<div class=\"content-icon\"><i class=\"et-search\"><\/i><\/div><div class=\"content-title\">Paso 3: Validaci\u00f3n y aprobaci\u00f3n por el Consejo de Administraci\u00f3n<\/div><div class=\"content-desc\">Haga que sus recomendaciones finales sean validadas. Aseg\u00farese de que el cliente interno est\u00e9 de acuerdo y presente sus conclusiones a la junta directiva. Apoye al cliente en los procesos internos de toma de decisiones y asignaci\u00f3n de presupuestos para finalizar las negociaciones.<\/div>\n<\/div>\n<div class=\"kc-elm kc-css-236188\" style=\"height: 20px; clear: both; width:100%;\"><\/div><\/div><\/div><div class=\"kc-elm kc-css-878011 kc_col-sm-3 kc_column_inner kc_col-sm-3\"><div class=\"kc_wrapper kc-col-inner-container\"><div class=\"kc-elm kc-css-894888 kc-feature-boxes kc-fb-layout-1\">\n\n\t<div class=\"content-icon\"><i class=\"et-presentation\"><\/i><\/div><div class=\"content-title\">Paso 4: Valor a\u00f1adido para el cliente<\/div><div class=\"content-desc\">Asegure una entrega a tiempo y dentro del presupuesto que cree un valor a\u00f1adido al cliente. Utilice para ello el programa Model Company de SAP y el paquete de instalaci\u00f3n r\u00e1pida de prototipos.<\/div>\n<\/div>\n<div class=\"kc-elm kc-css-542931\" style=\"height: 20px; clear: both; width:100%;\"><\/div><\/div><\/div><\/div><\/div><\/div><\/div><\/div><\/section><section class=\"kc-elm kc-css-798136 kc_row\"><div class=\"kc-row-container  kc-container\"><div class=\"kc-wrap-columns\"><div class=\"kc-elm kc-css-99526 kc_col-sm-12 kc_column kc_col-sm-12\"><div class=\"kc-col-container\"><div class=\"kc-elm kc-css-351235\" style=\"height: 20px; clear: both; width:100%;\"><\/div>\n<div class=\"kc-elm kc-css-505936 kc-title-wrap \">\n\n\t<h1 class=\"kc_title\">Tres rutas de migraci\u00f3n a SAP S\/4 HANA<\/h1>\n<\/div>\n<div class=\"kc-elm kc-css-561147\" style=\"height: 20px; clear: both; width:100%;\"><\/div><div class=\"kc-elm kc-css-68574 kc_accordion_wrapper\">\n<div class=\"kc-elm kc-css-15896 kc_accordion_section group \"><h3 class=\"kc_accordion_header ui-accordion-header\"><span class=\"ui-accordion-header-icon ui-icon\"><\/span><a href=\"#nueva-instalacion\" data-prevent=\"scroll\"><i class=\"\"><\/i> Nueva instalaci\u00f3n<\/a><\/h3><div class=\"kc_accordion_content ui-accordion-content kc_clearfix\"><div class=\"kc-panel-body\"><div class=\"kc-elm kc-css-703056 kc_text_block\"><\/p>\n<p>\nLos nuevos clientes, o clientes existentes que desean comenzar desde cero, empiezan con una <strong>nueva instalaci\u00f3n <\/strong> de SAP S\/4 HANA y migran sus datos maestros y de transacci\u00f3n utilizando las herramientas integradas de gesti\u00f3n de datos y calidad de datos.<\/p>\n<p>\n<\/div><\/div><\/div><\/div><div class=\"kc-elm kc-css-783602 kc_accordion_section group \"><h3 class=\"kc_accordion_header ui-accordion-header\"><span class=\"ui-accordion-header-icon ui-icon\"><\/span><a href=\"#conversion\" data-prevent=\"scroll\"><i class=\"\"><\/i> Conversi\u00f3n<\/a><\/h3><div class=\"kc_accordion_content ui-accordion-content kc_clearfix\"><div class=\"kc-panel-body\"><div class=\"kc-elm kc-css-719743 kc_text_block\"><\/p>\n<p>\nConvierta su actual sistema ERP a SAP HANA y SAP S\/4 HANA en un s\u00f3lo paso y luego adapte sus individualizaciones y procesos de negocio paso a paso a las nuevas caracter\u00edsticas sin ninguna reimplementaci\u00f3n.<\/p>\n<p>\n<\/div><\/div><\/div><\/div><div class=\"kc-elm kc-css-731208 kc_accordion_section group \"><h3 class=\"kc_accordion_header ui-accordion-header\"><span class=\"ui-accordion-header-icon ui-icon\"><\/span><a href=\"#simplificar\" data-prevent=\"scroll\"><i class=\"\"><\/i> Simplificar<\/a><\/h3><div class=\"kc_accordion_content ui-accordion-content kc_clearfix\"><div class=\"kc-panel-body\"><div class=\"kc-elm kc-css-325980 kc_text_block\"><\/p>\n<p>Simplifique su abanico de sistemas actuales fusionando sistemas individuales o subcontratando procesos comerciales individuales (por ejemplo, a un sistema central de contabilidad financiera).<\/p>\n<p>\n<\/div><\/div><\/div><\/div><\/div>\n<div class=\"kc-elm kc-css-307394\" style=\"height: 40px; clear: both; width:100%;\"><\/div><\/div><\/div><\/div><\/div><\/section><\/p>\n","protected":false},"excerpt":{"rendered":"","protected":false},"author":7,"featured_media":0,"parent":0,"menu_order":0,"comment_status":"closed","ping_status":"closed","template":"","meta":{"footnotes":""},"class_list":["post-8001","page","type-page","status-publish","hentry"],"yoast_head":"<!-- This site is optimized with the Yoast SEO plugin v27.3 - https:\/\/yoast.com\/product\/yoast-seo-wordpress\/ -->\n<title>S\/4 HANA \u2013 La pr\u00f3xima generaci\u00f3n de SAP - dataworld<\/title>\n<meta name=\"robots\" content=\"index, follow, max-snippet:-1, max-image-preview:large, max-video-preview:-1\" \/>\n<link rel=\"canonical\" href=\"https:\/\/dataworld.com\/es\/s-4-hana-la-proxima-generacion-de-sap\/\" \/>\n<meta property=\"og:locale\" content=\"es_ES\" \/>\n<meta property=\"og:type\" content=\"article\" \/>\n<meta property=\"og:title\" content=\"S\/4 HANA \u2013 La pr\u00f3xima generaci\u00f3n de SAP - dataworld\" \/>\n<meta property=\"og:description\" content=\"S\/4HANA Todo sobre la pr\u00f3xima generaci\u00f3n de SAP La necesidad digital Estamos en un importante punto de inflexi\u00f3n tecnol\u00f3gica: Todo estar\u00e1 conectado en red y el software estar\u00e1 presente en cada \u00e1rea de nuestras vidas. Este cambio trae nuevas oportunidades y riesgos. Nuevos productos se desarrollar\u00e1n entre 5 y 10 veces m\u00e1s r\u00e1pido y las [&hellip;]\" \/>\n<meta property=\"og:url\" content=\"https:\/\/dataworld.com\/es\/s-4-hana-la-proxima-generacion-de-sap\/\" \/>\n<meta property=\"og:site_name\" content=\"dataworld\" \/>\n<meta property=\"article:publisher\" content=\"https:\/\/www.facebook.com\/dataworldconsulting\/\" \/>\n<meta property=\"article:modified_time\" content=\"2021-11-10T13:56:17+00:00\" \/>\n<meta property=\"og:image\" content=\"https:\/\/dataworld.com\/wp-content\/uploads\/2020\/08\/s4sap_ES-1-1024x594.png\" \/>\n<meta name=\"twitter:card\" content=\"summary_large_image\" \/>\n<meta name=\"twitter:site\" content=\"@dW_dataworld\" \/>\n<meta name=\"twitter:label1\" content=\"Tiempo de lectura\" \/>\n\t<meta name=\"twitter:data1\" content=\"4 minutos\" \/>\n<script type=\"application\/ld+json\" class=\"yoast-schema-graph\">{\"@context\":\"https:\\\/\\\/schema.org\",\"@graph\":[{\"@type\":\"WebPage\",\"@id\":\"https:\\\/\\\/dataworld.com\\\/es\\\/s-4-hana-la-proxima-generacion-de-sap\\\/\",\"url\":\"https:\\\/\\\/dataworld.com\\\/es\\\/s-4-hana-la-proxima-generacion-de-sap\\\/\",\"name\":\"S\\\/4 HANA \u2013 La pr\u00f3xima generaci\u00f3n de SAP - dataworld\",\"isPartOf\":{\"@id\":\"https:\\\/\\\/dataworld.com\\\/es\\\/#website\"},\"primaryImageOfPage\":{\"@id\":\"https:\\\/\\\/dataworld.com\\\/es\\\/s-4-hana-la-proxima-generacion-de-sap\\\/#primaryimage\"},\"image\":{\"@id\":\"https:\\\/\\\/dataworld.com\\\/es\\\/s-4-hana-la-proxima-generacion-de-sap\\\/#primaryimage\"},\"thumbnailUrl\":\"https:\\\/\\\/dataworld.com\\\/wp-content\\\/uploads\\\/2020\\\/08\\\/s4sap_ES-1-1024x594.png\",\"datePublished\":\"2021-10-27T09:26:52+00:00\",\"dateModified\":\"2021-11-10T13:56:17+00:00\",\"breadcrumb\":{\"@id\":\"https:\\\/\\\/dataworld.com\\\/es\\\/s-4-hana-la-proxima-generacion-de-sap\\\/#breadcrumb\"},\"inLanguage\":\"es\",\"potentialAction\":[{\"@type\":\"ReadAction\",\"target\":[\"https:\\\/\\\/dataworld.com\\\/es\\\/s-4-hana-la-proxima-generacion-de-sap\\\/\"]}]},{\"@type\":\"ImageObject\",\"inLanguage\":\"es\",\"@id\":\"https:\\\/\\\/dataworld.com\\\/es\\\/s-4-hana-la-proxima-generacion-de-sap\\\/#primaryimage\",\"url\":\"https:\\\/\\\/dataworld.com\\\/wp-content\\\/uploads\\\/2020\\\/08\\\/s4sap_ES-1-1024x594.png\",\"contentUrl\":\"https:\\\/\\\/dataworld.com\\\/wp-content\\\/uploads\\\/2020\\\/08\\\/s4sap_ES-1-1024x594.png\"},{\"@type\":\"BreadcrumbList\",\"@id\":\"https:\\\/\\\/dataworld.com\\\/es\\\/s-4-hana-la-proxima-generacion-de-sap\\\/#breadcrumb\",\"itemListElement\":[{\"@type\":\"ListItem\",\"position\":1,\"name\":\"Home\",\"item\":\"https:\\\/\\\/dataworld.com\\\/es\\\/\"},{\"@type\":\"ListItem\",\"position\":2,\"name\":\"S\\\/4 HANA \u2013 La pr\u00f3xima generaci\u00f3n de SAP\"}]},{\"@type\":\"WebSite\",\"@id\":\"https:\\\/\\\/dataworld.com\\\/es\\\/#website\",\"url\":\"https:\\\/\\\/dataworld.com\\\/es\\\/\",\"name\":\"dataworld\",\"description\":\"wir gestalten Ihre S4 Journey\",\"publisher\":{\"@id\":\"https:\\\/\\\/dataworld.com\\\/es\\\/#organization\"},\"potentialAction\":[{\"@type\":\"SearchAction\",\"target\":{\"@type\":\"EntryPoint\",\"urlTemplate\":\"https:\\\/\\\/dataworld.com\\\/es\\\/?s={search_term_string}\"},\"query-input\":{\"@type\":\"PropertyValueSpecification\",\"valueRequired\":true,\"valueName\":\"search_term_string\"}}],\"inLanguage\":\"es\"},{\"@type\":\"Organization\",\"@id\":\"https:\\\/\\\/dataworld.com\\\/es\\\/#organization\",\"name\":\"Data Work Consulting AG\",\"url\":\"https:\\\/\\\/dataworld.com\\\/es\\\/\",\"logo\":{\"@type\":\"ImageObject\",\"inLanguage\":\"es\",\"@id\":\"https:\\\/\\\/dataworld.com\\\/es\\\/#\\\/schema\\\/logo\\\/image\\\/\",\"url\":\"https:\\\/\\\/dataworld.com\\\/wp-content\\\/uploads\\\/2019\\\/11\\\/Quadrat.jpg\",\"contentUrl\":\"https:\\\/\\\/dataworld.com\\\/wp-content\\\/uploads\\\/2019\\\/11\\\/Quadrat.jpg\",\"width\":378,\"height\":378,\"caption\":\"Data Work Consulting AG\"},\"image\":{\"@id\":\"https:\\\/\\\/dataworld.com\\\/es\\\/#\\\/schema\\\/logo\\\/image\\\/\"},\"sameAs\":[\"https:\\\/\\\/www.facebook.com\\\/dataworldconsulting\\\/\",\"https:\\\/\\\/x.com\\\/dW_dataworld\"]}]}<\/script>\n<!-- \/ Yoast SEO plugin. -->","yoast_head_json":{"title":"S\/4 HANA \u2013 La pr\u00f3xima generaci\u00f3n de SAP - dataworld","robots":{"index":"index","follow":"follow","max-snippet":"max-snippet:-1","max-image-preview":"max-image-preview:large","max-video-preview":"max-video-preview:-1"},"canonical":"https:\/\/dataworld.com\/es\/s-4-hana-la-proxima-generacion-de-sap\/","og_locale":"es_ES","og_type":"article","og_title":"S\/4 HANA \u2013 La pr\u00f3xima generaci\u00f3n de SAP - dataworld","og_description":"S\/4HANA Todo sobre la pr\u00f3xima generaci\u00f3n de SAP La necesidad digital Estamos en un importante punto de inflexi\u00f3n tecnol\u00f3gica: Todo estar\u00e1 conectado en red y el software estar\u00e1 presente en cada \u00e1rea de nuestras vidas. Este cambio trae nuevas oportunidades y riesgos. Nuevos productos se desarrollar\u00e1n entre 5 y 10 veces m\u00e1s r\u00e1pido y las [&hellip;]","og_url":"https:\/\/dataworld.com\/es\/s-4-hana-la-proxima-generacion-de-sap\/","og_site_name":"dataworld","article_publisher":"https:\/\/www.facebook.com\/dataworldconsulting\/","article_modified_time":"2021-11-10T13:56:17+00:00","og_image":[{"url":"https:\/\/dataworld.com\/wp-content\/uploads\/2020\/08\/s4sap_ES-1-1024x594.png","type":"","width":"","height":""}],"twitter_card":"summary_large_image","twitter_site":"@dW_dataworld","twitter_misc":{"Tiempo de lectura":"4 minutos"},"schema":{"@context":"https:\/\/schema.org","@graph":[{"@type":"WebPage","@id":"https:\/\/dataworld.com\/es\/s-4-hana-la-proxima-generacion-de-sap\/","url":"https:\/\/dataworld.com\/es\/s-4-hana-la-proxima-generacion-de-sap\/","name":"S\/4 HANA \u2013 La pr\u00f3xima generaci\u00f3n de SAP - dataworld","isPartOf":{"@id":"https:\/\/dataworld.com\/es\/#website"},"primaryImageOfPage":{"@id":"https:\/\/dataworld.com\/es\/s-4-hana-la-proxima-generacion-de-sap\/#primaryimage"},"image":{"@id":"https:\/\/dataworld.com\/es\/s-4-hana-la-proxima-generacion-de-sap\/#primaryimage"},"thumbnailUrl":"https:\/\/dataworld.com\/wp-content\/uploads\/2020\/08\/s4sap_ES-1-1024x594.png","datePublished":"2021-10-27T09:26:52+00:00","dateModified":"2021-11-10T13:56:17+00:00","breadcrumb":{"@id":"https:\/\/dataworld.com\/es\/s-4-hana-la-proxima-generacion-de-sap\/#breadcrumb"},"inLanguage":"es","potentialAction":[{"@type":"ReadAction","target":["https:\/\/dataworld.com\/es\/s-4-hana-la-proxima-generacion-de-sap\/"]}]},{"@type":"ImageObject","inLanguage":"es","@id":"https:\/\/dataworld.com\/es\/s-4-hana-la-proxima-generacion-de-sap\/#primaryimage","url":"https:\/\/dataworld.com\/wp-content\/uploads\/2020\/08\/s4sap_ES-1-1024x594.png","contentUrl":"https:\/\/dataworld.com\/wp-content\/uploads\/2020\/08\/s4sap_ES-1-1024x594.png"},{"@type":"BreadcrumbList","@id":"https:\/\/dataworld.com\/es\/s-4-hana-la-proxima-generacion-de-sap\/#breadcrumb","itemListElement":[{"@type":"ListItem","position":1,"name":"Home","item":"https:\/\/dataworld.com\/es\/"},{"@type":"ListItem","position":2,"name":"S\/4 HANA \u2013 La pr\u00f3xima generaci\u00f3n de SAP"}]},{"@type":"WebSite","@id":"https:\/\/dataworld.com\/es\/#website","url":"https:\/\/dataworld.com\/es\/","name":"dataworld","description":"wir gestalten Ihre S4 Journey","publisher":{"@id":"https:\/\/dataworld.com\/es\/#organization"},"potentialAction":[{"@type":"SearchAction","target":{"@type":"EntryPoint","urlTemplate":"https:\/\/dataworld.com\/es\/?s={search_term_string}"},"query-input":{"@type":"PropertyValueSpecification","valueRequired":true,"valueName":"search_term_string"}}],"inLanguage":"es"},{"@type":"Organization","@id":"https:\/\/dataworld.com\/es\/#organization","name":"Data Work Consulting AG","url":"https:\/\/dataworld.com\/es\/","logo":{"@type":"ImageObject","inLanguage":"es","@id":"https:\/\/dataworld.com\/es\/#\/schema\/logo\/image\/","url":"https:\/\/dataworld.com\/wp-content\/uploads\/2019\/11\/Quadrat.jpg","contentUrl":"https:\/\/dataworld.com\/wp-content\/uploads\/2019\/11\/Quadrat.jpg","width":378,"height":378,"caption":"Data Work Consulting AG"},"image":{"@id":"https:\/\/dataworld.com\/es\/#\/schema\/logo\/image\/"},"sameAs":["https:\/\/www.facebook.com\/dataworldconsulting\/","https:\/\/x.com\/dW_dataworld"]}]}},"_links":{"self":[{"href":"https:\/\/dataworld.com\/es\/wp-json\/wp\/v2\/pages\/8001","targetHints":{"allow":["GET"]}}],"collection":[{"href":"https:\/\/dataworld.com\/es\/wp-json\/wp\/v2\/pages"}],"about":[{"href":"https:\/\/dataworld.com\/es\/wp-json\/wp\/v2\/types\/page"}],"author":[{"embeddable":true,"href":"https:\/\/dataworld.com\/es\/wp-json\/wp\/v2\/users\/7"}],"replies":[{"embeddable":true,"href":"https:\/\/dataworld.com\/es\/wp-json\/wp\/v2\/comments?post=8001"}],"version-history":[{"count":6,"href":"https:\/\/dataworld.com\/es\/wp-json\/wp\/v2\/pages\/8001\/revisions"}],"predecessor-version":[{"id":8151,"href":"https:\/\/dataworld.com\/es\/wp-json\/wp\/v2\/pages\/8001\/revisions\/8151"}],"wp:attachment":[{"href":"https:\/\/dataworld.com\/es\/wp-json\/wp\/v2\/media?parent=8001"}],"curies":[{"name":"wp","href":"https:\/\/api.w.org\/{rel}","templated":true}]}}